{"id":17635,"date":"2026-04-03T17:26:23","date_gmt":"2026-04-03T16:26:23","guid":{"rendered":"https:\/\/buildzair.com\/?post_type=product&#038;p=17635"},"modified":"2026-04-04T14:38:06","modified_gmt":"2026-04-04T13:38:06","slug":"%d8%a5%d8%b3%d8%aa%d8%b4%d8%a7%d8%b1%d8%a7%d8%aa-%d8%aa%d9%82%d9%86%d9%8a%d8%a9-%d8%b9%d9%86-%d8%a8%d8%b9%d8%af-google-meet","status":"publish","type":"product","link":"https:\/\/buildzair.com\/fr\/produit\/%d8%a5%d8%b3%d8%aa%d8%b4%d8%a7%d8%b1%d8%a7%d8%aa-%d8%aa%d9%82%d9%86%d9%8a%d8%a9-%d8%b9%d9%86-%d8%a8%d8%b9%d8%af-google-meet\/","title":{"rendered":"Consultations techniques \u00e0 distance (Google Meet)"},"content":{"rendered":"<p>Vous avez une question technique concernant votre projet et vous avez besoin de l'avis d'un ing\u00e9nieur sp\u00e9cialis\u00e9 rapidement et sans avoir \u00e0 vous d\u00e9placer ?<br \/>\nNous vous proposons un service de <strong>consultations d'ing\u00e9nierie \u00e0 distance<\/strong> via <strong>Google Meet<\/strong>Cela vous permet de communiquer directement avec moi pour discuter en temps r\u00e9el de chaque d\u00e9tail de votre projet.<\/p>","protected":false},"excerpt":{"rendered":"<p>\u0647\u0644 \u0644\u062f\u064a\u0643 \u0627\u0633\u062a\u0641\u0633\u0627\u0631 \u062a\u0642\u0646\u064a \u0641\u064a \u0645\u0634\u0631\u0648\u0639\u0643 \u0648\u062a\u062d\u062a\u0627\u062c \u0631\u0623\u064a \u0645\u0647\u0646\u062f\u0633 \u0645\u062e\u062a\u0635 \u0628\u0633\u0631\u0639\u0629 \u0648\u0628\u062f\u0648\u0646 \u062a\u0646\u0642\u0644\u061f \u0646\u0642\u062f\u0651\u0645 \u0644\u0643 \u062e\u062f\u0645\u0629 \u0627\u0633\u062a\u0634\u0627\u0631\u0627\u062a \u0647\u0646\u062f\u0633\u064a\u0629 \u0639\u0646 \u0628\u0639\u062f \u0639\u0628\u0631 Google Meet\u060c \u062a\u0645\u0643\u0651\u0646\u0643 \u0645\u0646 \u0627\u0644\u062a\u0648\u0627\u0635\u0644 \u0627\u0644\u0645\u0628\u0627\u0634\u0631 \u0645\u0639\u064a \u0644\u0645\u0646\u0627\u0642\u0634\u0629 \u0643\u0644 \u062a\u0641\u0627\u0635\u064a\u0644 \u0645\u0634\u0631\u0648\u0639\u0643 \u0641\u064a \u0627\u0644\u0648\u0642\u062a \u0627\u0644\u062d\u0642\u064a\u0642\u064a.<\/p>","protected":false},"author":2,"featured_media":17645,"comment_status":"open","ping_status":"closed","template":"","meta":{"_acf_changed":false},"product_brand":[],"product_cat":[354],"product_tag":[273,289,291,313],"languages":[],"duration":[],"expertise_level":[],"skills":[],"delivery_time":[279],"class_list":{"0":"post-17635","1":"product","2":"type-product","3":"status-publish","4":"has-post-thumbnail","6":"product_cat-354","7":"product_tag-273","8":"product_tag-charpente-metallique","9":"product_tag-genie-civil","10":"product_tag-expertise","11":"delivery_time-279","13":"first","14":"instock","15":"featured","16":"shipping-taxable","17":"purchasable","18":"product-type-tasks"},"acf":[],"yoast_head":"<!-- This site is optimized with the Yoast SEO plugin v27.4 - https:\/\/yoast.com\/product\/yoast-seo-wordpress\/ -->\n<title>\u0625\u0633\u062a\u0634\u0627\u0631\u0627\u062a \u062a\u0642\u0646\u064a\u0629 \u0639\u0646 \u0628\u0639\u062f (Google Meet) - BuilDzair<\/title>\n<meta name=\"robots\" content=\"index, follow, max-snippet:-1, max-image-preview:large, max-video-preview:-1\" \/>\n<link rel=\"canonical\" href=\"https:\/\/buildzair.com\/fr\/produit\/\u0625\u0633\u062a\u0634\u0627\u0631\u0627\u062a-\u062a\u0642\u0646\u064a\u0629-\u0639\u0646-\u0628\u0639\u062f-google-meet\/\" \/>\n<meta property=\"og:locale\" content=\"fr_FR\" \/>\n<meta property=\"og:type\" content=\"article\" \/>\n<meta property=\"og:title\" content=\"\u0625\u0633\u062a\u0634\u0627\u0631\u0627\u062a \u062a\u0642\u0646\u064a\u0629 \u0639\u0646 \u0628\u0639\u062f (Google Meet) - BuilDzair\" \/>\n<meta property=\"og:description\" content=\"\u0647\u0644 \u0644\u062f\u064a\u0643 \u0627\u0633\u062a\u0641\u0633\u0627\u0631 \u062a\u0642\u0646\u064a \u0641\u064a \u0645\u0634\u0631\u0648\u0639\u0643 \u0648\u062a\u062d\u062a\u0627\u062c \u0631\u0623\u064a \u0645\u0647\u0646\u062f\u0633 \u0645\u062e\u062a\u0635 \u0628\u0633\u0631\u0639\u0629 \u0648\u0628\u062f\u0648\u0646 \u062a\u0646\u0642\u0644\u061f \u0646\u0642\u062f\u0651\u0645 \u0644\u0643 \u062e\u062f\u0645\u0629 \u0627\u0633\u062a\u0634\u0627\u0631\u0627\u062a \u0647\u0646\u062f\u0633\u064a\u0629 \u0639\u0646 \u0628\u0639\u062f \u0639\u0628\u0631 Google Meet\u060c \u062a\u0645\u0643\u0651\u0646\u0643 \u0645\u0646 \u0627\u0644\u062a\u0648\u0627\u0635\u0644 \u0627\u0644\u0645\u0628\u0627\u0634\u0631 \u0645\u0639\u064a \u0644\u0645\u0646\u0627\u0642\u0634\u0629 \u0643\u0644 \u062a\u0641\u0627\u0635\u064a\u0644 \u0645\u0634\u0631\u0648\u0639\u0643 \u0641\u064a \u0627\u0644\u0648\u0642\u062a \u0627\u0644\u062d\u0642\u064a\u0642\u064a.\" \/>\n<meta property=\"og:url\" content=\"https:\/\/buildzair.com\/fr\/produit\/\u0625\u0633\u062a\u0634\u0627\u0631\u0627\u062a-\u062a\u0642\u0646\u064a\u0629-\u0639\u0646-\u0628\u0639\u062f-google-meet\/\" \/>\n<meta property=\"og:site_name\" content=\"BuilDzair\" \/>\n<meta property=\"article:publisher\" content=\"https:\/\/www.facebook.com\/BuilDzair\/\" \/>\n<meta property=\"article:modified_time\" content=\"2026-04-04T13:38:06+00:00\" \/>\n<meta property=\"og:image\" content=\"https:\/\/buildzair.com\/wp-content\/uploads\/2026\/04\/=UzM2cTMe5VeltmY05lXf91Xf91Xf91Xf91Xf91Xf91Xf91Xf91Xf9VLx0SM3cTNzATO4YzN.jpg\" \/>\n\t<meta property=\"og:image:width\" content=\"1496\" \/>\n\t<meta property=\"og:image:height\" content=\"990\" \/>\n\t<meta property=\"og:image:type\" content=\"image\/jpeg\" \/>\n<meta name=\"twitter:card\" content=\"summary_large_image\" \/>\n<script type=\"application\/ld+json\" class=\"yoast-schema-graph\">{\"@context\":\"https:\\\/\\\/schema.org\",\"@graph\":[{\"@type\":\"WebPage\",\"@id\":\"https:\\\/\\\/buildzair.com\\\/product\\\/%d8%a5%d8%b3%d8%aa%d8%b4%d8%a7%d8%b1%d8%a7%d8%aa-%d8%aa%d9%82%d9%86%d9%8a%d8%a9-%d8%b9%d9%86-%d8%a8%d8%b9%d8%af-google-meet\\\/\",\"url\":\"https:\\\/\\\/buildzair.com\\\/product\\\/%d8%a5%d8%b3%d8%aa%d8%b4%d8%a7%d8%b1%d8%a7%d8%aa-%d8%aa%d9%82%d9%86%d9%8a%d8%a9-%d8%b9%d9%86-%d8%a8%d8%b9%d8%af-google-meet\\\/\",\"name\":\"\u0625\u0633\u062a\u0634\u0627\u0631\u0627\u062a \u062a\u0642\u0646\u064a\u0629 \u0639\u0646 \u0628\u0639\u062f (Google Meet) - BuilDzair\",\"isPartOf\":{\"@id\":\"https:\\\/\\\/buildzair.com\\\/#website\"},\"primaryImageOfPage\":{\"@id\":\"https:\\\/\\\/buildzair.com\\\/product\\\/%d8%a5%d8%b3%d8%aa%d8%b4%d8%a7%d8%b1%d8%a7%d8%aa-%d8%aa%d9%82%d9%86%d9%8a%d8%a9-%d8%b9%d9%86-%d8%a8%d8%b9%d8%af-google-meet\\\/#primaryimage\"},\"image\":{\"@id\":\"https:\\\/\\\/buildzair.com\\\/product\\\/%d8%a5%d8%b3%d8%aa%d8%b4%d8%a7%d8%b1%d8%a7%d8%aa-%d8%aa%d9%82%d9%86%d9%8a%d8%a9-%d8%b9%d9%86-%d8%a8%d8%b9%d8%af-google-meet\\\/#primaryimage\"},\"thumbnailUrl\":\"https:\\\/\\\/buildzair.com\\\/wp-content\\\/uploads\\\/2026\\\/04\\\/=UzM2cTMe5VeltmY05lXf91Xf91Xf91Xf91Xf91Xf91Xf91Xf91Xf9VLx0SM3cTNzATO4YzN.jpg\",\"datePublished\":\"2026-04-03T16:26:23+00:00\",\"dateModified\":\"2026-04-04T13:38:06+00:00\",\"breadcrumb\":{\"@id\":\"https:\\\/\\\/buildzair.com\\\/product\\\/%d8%a5%d8%b3%d8%aa%d8%b4%d8%a7%d8%b1%d8%a7%d8%aa-%d8%aa%d9%82%d9%86%d9%8a%d8%a9-%d8%b9%d9%86-%d8%a8%d8%b9%d8%af-google-meet\\\/#breadcrumb\"},\"inLanguage\":\"fr-FR\",\"potentialAction\":[{\"@type\":\"ReadAction\",\"target\":[\"https:\\\/\\\/buildzair.com\\\/product\\\/%d8%a5%d8%b3%d8%aa%d8%b4%d8%a7%d8%b1%d8%a7%d8%aa-%d8%aa%d9%82%d9%86%d9%8a%d8%a9-%d8%b9%d9%86-%d8%a8%d8%b9%d8%af-google-meet\\\/\"]}]},{\"@type\":\"ImageObject\",\"inLanguage\":\"fr-FR\",\"@id\":\"https:\\\/\\\/buildzair.com\\\/product\\\/%d8%a5%d8%b3%d8%aa%d8%b4%d8%a7%d8%b1%d8%a7%d8%aa-%d8%aa%d9%82%d9%86%d9%8a%d8%a9-%d8%b9%d9%86-%d8%a8%d8%b9%d8%af-google-meet\\\/#primaryimage\",\"url\":\"https:\\\/\\\/buildzair.com\\\/wp-content\\\/uploads\\\/2026\\\/04\\\/=UzM2cTMe5VeltmY05lXf91Xf91Xf91Xf91Xf91Xf91Xf91Xf91Xf9VLx0SM3cTNzATO4YzN.jpg\",\"contentUrl\":\"https:\\\/\\\/buildzair.com\\\/wp-content\\\/uploads\\\/2026\\\/04\\\/=UzM2cTMe5VeltmY05lXf91Xf91Xf91Xf91Xf91Xf91Xf91Xf91Xf9VLx0SM3cTNzATO4YzN.jpg\",\"width\":1496,\"height\":990},{\"@type\":\"BreadcrumbList\",\"@id\":\"https:\\\/\\\/buildzair.com\\\/product\\\/%d8%a5%d8%b3%d8%aa%d8%b4%d8%a7%d8%b1%d8%a7%d8%aa-%d8%aa%d9%82%d9%86%d9%8a%d8%a9-%d8%b9%d9%86-%d8%a8%d8%b9%d8%af-google-meet\\\/#breadcrumb\",\"itemListElement\":[{\"@type\":\"ListItem\",\"position\":1,\"name\":\"Home\",\"item\":\"https:\\\/\\\/buildzair.com\\\/\"},{\"@type\":\"ListItem\",\"position\":2,\"name\":\"Shop\",\"item\":\"https:\\\/\\\/buildzair.com\\\/shop\\\/\"},{\"@type\":\"ListItem\",\"position\":3,\"name\":\"\u0625\u0633\u062a\u0634\u0627\u0631\u0627\u062a \u062a\u0642\u0646\u064a\u0629 \u0639\u0646 \u0628\u0639\u062f\",\"item\":\"https:\\\/\\\/buildzair.com\\\/product-category\\\/%d8%a5%d8%b3%d8%aa%d8%b4%d8%a7%d8%b1%d8%a7%d8%aa-%d8%aa%d9%82%d9%86%d9%8a%d8%a9-%d8%b9%d9%86-%d8%a8%d8%b9%d8%af\\\/\"},{\"@type\":\"ListItem\",\"position\":4,\"name\":\"\u0625\u0633\u062a\u0634\u0627\u0631\u0627\u062a \u062a\u0642\u0646\u064a\u0629 \u0639\u0646 \u0628\u0639\u062f (Google Meet)\"}]},{\"@type\":\"WebSite\",\"@id\":\"https:\\\/\\\/buildzair.com\\\/#website\",\"url\":\"https:\\\/\\\/buildzair.com\\\/\",\"name\":\"BuilDzair\",\"description\":\"\u0645\u0646\u0635\u0629 \u0631\u0642\u0645\u064a\u0629 \u0644\u0631\u0628\u0637 \u0623\u0635\u062d\u0627\u0628 \u0627\u0644\u0645\u0634\u0627\u0631\u064a\u0639 \u0628\u0645\u0647\u0646\u062f\u0633\u064a \u0648\u0645\u062e\u062a\u0635\u064a \u0627\u0644\u0628\u0646\u0627\u0621 \u0648\u0627\u0644\u062f\u0631\u0627\u0633\u0627\u062a \u0641\u064a \u0627\u0644\u062c\u0632\u0627\u0626\u0631\",\"publisher\":{\"@id\":\"https:\\\/\\\/buildzair.com\\\/#organization\"},\"potentialAction\":[{\"@type\":\"SearchAction\",\"target\":{\"@type\":\"EntryPoint\",\"urlTemplate\":\"https:\\\/\\\/buildzair.com\\\/?s={search_term_string}\"},\"query-input\":{\"@type\":\"PropertyValueSpecification\",\"valueRequired\":true,\"valueName\":\"search_term_string\"}}],\"inLanguage\":\"fr-FR\"},{\"@type\":\"Organization\",\"@id\":\"https:\\\/\\\/buildzair.com\\\/#organization\",\"name\":\"BuilDzair\",\"url\":\"https:\\\/\\\/buildzair.com\\\/\",\"logo\":{\"@type\":\"ImageObject\",\"inLanguage\":\"fr-FR\",\"@id\":\"https:\\\/\\\/buildzair.com\\\/#\\\/schema\\\/logo\\\/image\\\/\",\"url\":\"https:\\\/\\\/buildzair.com\\\/wp-content\\\/uploads\\\/2025\\\/01\\\/LOGO-BUILD4.png\",\"contentUrl\":\"https:\\\/\\\/buildzair.com\\\/wp-content\\\/uploads\\\/2025\\\/01\\\/LOGO-BUILD4.png\",\"width\":800,\"height\":200,\"caption\":\"BuilDzair\"},\"image\":{\"@id\":\"https:\\\/\\\/buildzair.com\\\/#\\\/schema\\\/logo\\\/image\\\/\"},\"sameAs\":[\"https:\\\/\\\/www.facebook.com\\\/BuilDzair\\\/\",\"https:\\\/\\\/www.linkedin.com\\\/in\\\/buildzair\\\/\"]}]}<\/script>\n<!-- \/ Yoast SEO plugin. -->","yoast_head_json":{"title":"\u0625\u0633\u062a\u0634\u0627\u0631\u0627\u062a \u062a\u0642\u0646\u064a\u0629 \u0639\u0646 \u0628\u0639\u062f (Google Meet) - BuilDzair","robots":{"index":"index","follow":"follow","max-snippet":"max-snippet:-1","max-image-preview":"max-image-preview:large","max-video-preview":"max-video-preview:-1"},"canonical":"https:\/\/buildzair.com\/fr\/produit\/\u0625\u0633\u062a\u0634\u0627\u0631\u0627\u062a-\u062a\u0642\u0646\u064a\u0629-\u0639\u0646-\u0628\u0639\u062f-google-meet\/","og_locale":"fr_FR","og_type":"article","og_title":"\u0625\u0633\u062a\u0634\u0627\u0631\u0627\u062a \u062a\u0642\u0646\u064a\u0629 \u0639\u0646 \u0628\u0639\u062f (Google Meet) - BuilDzair","og_description":"\u0647\u0644 \u0644\u062f\u064a\u0643 \u0627\u0633\u062a\u0641\u0633\u0627\u0631 \u062a\u0642\u0646\u064a \u0641\u064a \u0645\u0634\u0631\u0648\u0639\u0643 \u0648\u062a\u062d\u062a\u0627\u062c \u0631\u0623\u064a \u0645\u0647\u0646\u062f\u0633 \u0645\u062e\u062a\u0635 \u0628\u0633\u0631\u0639\u0629 \u0648\u0628\u062f\u0648\u0646 \u062a\u0646\u0642\u0644\u061f \u0646\u0642\u062f\u0651\u0645 \u0644\u0643 \u062e\u062f\u0645\u0629 \u0627\u0633\u062a\u0634\u0627\u0631\u0627\u062a \u0647\u0646\u062f\u0633\u064a\u0629 \u0639\u0646 \u0628\u0639\u062f \u0639\u0628\u0631 Google Meet\u060c \u062a\u0645\u0643\u0651\u0646\u0643 \u0645\u0646 \u0627\u0644\u062a\u0648\u0627\u0635\u0644 \u0627\u0644\u0645\u0628\u0627\u0634\u0631 \u0645\u0639\u064a \u0644\u0645\u0646\u0627\u0642\u0634\u0629 \u0643\u0644 \u062a\u0641\u0627\u0635\u064a\u0644 \u0645\u0634\u0631\u0648\u0639\u0643 \u0641\u064a \u0627\u0644\u0648\u0642\u062a \u0627\u0644\u062d\u0642\u064a\u0642\u064a.","og_url":"https:\/\/buildzair.com\/fr\/produit\/\u0625\u0633\u062a\u0634\u0627\u0631\u0627\u062a-\u062a\u0642\u0646\u064a\u0629-\u0639\u0646-\u0628\u0639\u062f-google-meet\/","og_site_name":"BuilDzair","article_publisher":"https:\/\/www.facebook.com\/BuilDzair\/","article_modified_time":"2026-04-04T13:38:06+00:00","og_image":[{"width":1496,"height":990,"url":"https:\/\/buildzair.com\/wp-content\/uploads\/2026\/04\/=UzM2cTMe5VeltmY05lXf91Xf91Xf91Xf91Xf91Xf91Xf91Xf91Xf9VLx0SM3cTNzATO4YzN.jpg","type":"image\/jpeg"}],"twitter_card":"summary_large_image","schema":{"@context":"https:\/\/schema.org","@graph":[{"@type":"WebPage","@id":"https:\/\/buildzair.com\/product\/%d8%a5%d8%b3%d8%aa%d8%b4%d8%a7%d8%b1%d8%a7%d8%aa-%d8%aa%d9%82%d9%86%d9%8a%d8%a9-%d8%b9%d9%86-%d8%a8%d8%b9%d8%af-google-meet\/","url":"https:\/\/buildzair.com\/product\/%d8%a5%d8%b3%d8%aa%d8%b4%d8%a7%d8%b1%d8%a7%d8%aa-%d8%aa%d9%82%d9%86%d9%8a%d8%a9-%d8%b9%d9%86-%d8%a8%d8%b9%d8%af-google-meet\/","name":"\u0625\u0633\u062a\u0634\u0627\u0631\u0627\u062a \u062a\u0642\u0646\u064a\u0629 \u0639\u0646 \u0628\u0639\u062f (Google Meet) - BuilDzair","isPartOf":{"@id":"https:\/\/buildzair.com\/#website"},"primaryImageOfPage":{"@id":"https:\/\/buildzair.com\/product\/%d8%a5%d8%b3%d8%aa%d8%b4%d8%a7%d8%b1%d8%a7%d8%aa-%d8%aa%d9%82%d9%86%d9%8a%d8%a9-%d8%b9%d9%86-%d8%a8%d8%b9%d8%af-google-meet\/#primaryimage"},"image":{"@id":"https:\/\/buildzair.com\/product\/%d8%a5%d8%b3%d8%aa%d8%b4%d8%a7%d8%b1%d8%a7%d8%aa-%d8%aa%d9%82%d9%86%d9%8a%d8%a9-%d8%b9%d9%86-%d8%a8%d8%b9%d8%af-google-meet\/#primaryimage"},"thumbnailUrl":"https:\/\/buildzair.com\/wp-content\/uploads\/2026\/04\/=UzM2cTMe5VeltmY05lXf91Xf91Xf91Xf91Xf91Xf91Xf91Xf91Xf9VLx0SM3cTNzATO4YzN.jpg","datePublished":"2026-04-03T16:26:23+00:00","dateModified":"2026-04-04T13:38:06+00:00","breadcrumb":{"@id":"https:\/\/buildzair.com\/product\/%d8%a5%d8%b3%d8%aa%d8%b4%d8%a7%d8%b1%d8%a7%d8%aa-%d8%aa%d9%82%d9%86%d9%8a%d8%a9-%d8%b9%d9%86-%d8%a8%d8%b9%d8%af-google-meet\/#breadcrumb"},"inLanguage":"fr-FR","potentialAction":[{"@type":"ReadAction","target":["https:\/\/buildzair.com\/product\/%d8%a5%d8%b3%d8%aa%d8%b4%d8%a7%d8%b1%d8%a7%d8%aa-%d8%aa%d9%82%d9%86%d9%8a%d8%a9-%d8%b9%d9%86-%d8%a8%d8%b9%d8%af-google-meet\/"]}]},{"@type":"ImageObject","inLanguage":"fr-FR","@id":"https:\/\/buildzair.com\/product\/%d8%a5%d8%b3%d8%aa%d8%b4%d8%a7%d8%b1%d8%a7%d8%aa-%d8%aa%d9%82%d9%86%d9%8a%d8%a9-%d8%b9%d9%86-%d8%a8%d8%b9%d8%af-google-meet\/#primaryimage","url":"https:\/\/buildzair.com\/wp-content\/uploads\/2026\/04\/=UzM2cTMe5VeltmY05lXf91Xf91Xf91Xf91Xf91Xf91Xf91Xf91Xf9VLx0SM3cTNzATO4YzN.jpg","contentUrl":"https:\/\/buildzair.com\/wp-content\/uploads\/2026\/04\/=UzM2cTMe5VeltmY05lXf91Xf91Xf91Xf91Xf91Xf91Xf91Xf91Xf9VLx0SM3cTNzATO4YzN.jpg","width":1496,"height":990},{"@type":"BreadcrumbList","@id":"https:\/\/buildzair.com\/product\/%d8%a5%d8%b3%d8%aa%d8%b4%d8%a7%d8%b1%d8%a7%d8%aa-%d8%aa%d9%82%d9%86%d9%8a%d8%a9-%d8%b9%d9%86-%d8%a8%d8%b9%d8%af-google-meet\/#breadcrumb","itemListElement":[{"@type":"ListItem","position":1,"name":"Home","item":"https:\/\/buildzair.com\/"},{"@type":"ListItem","position":2,"name":"Shop","item":"https:\/\/buildzair.com\/shop\/"},{"@type":"ListItem","position":3,"name":"\u0625\u0633\u062a\u0634\u0627\u0631\u0627\u062a \u062a\u0642\u0646\u064a\u0629 \u0639\u0646 \u0628\u0639\u062f","item":"https:\/\/buildzair.com\/product-category\/%d8%a5%d8%b3%d8%aa%d8%b4%d8%a7%d8%b1%d8%a7%d8%aa-%d8%aa%d9%82%d9%86%d9%8a%d8%a9-%d8%b9%d9%86-%d8%a8%d8%b9%d8%af\/"},{"@type":"ListItem","position":4,"name":"\u0625\u0633\u062a\u0634\u0627\u0631\u0627\u062a \u062a\u0642\u0646\u064a\u0629 \u0639\u0646 \u0628\u0639\u062f (Google Meet)"}]},{"@type":"WebSite","@id":"https:\/\/buildzair.com\/#website","url":"https:\/\/buildzair.com\/","name":"BuilDzair","description":"\u0645\u0646\u0635\u0629 \u0631\u0642\u0645\u064a\u0629 \u0644\u0631\u0628\u0637 \u0623\u0635\u062d\u0627\u0628 \u0627\u0644\u0645\u0634\u0627\u0631\u064a\u0639 \u0628\u0645\u0647\u0646\u062f\u0633\u064a \u0648\u0645\u062e\u062a\u0635\u064a \u0627\u0644\u0628\u0646\u0627\u0621 \u0648\u0627\u0644\u062f\u0631\u0627\u0633\u0627\u062a \u0641\u064a \u0627\u0644\u062c\u0632\u0627\u0626\u0631","publisher":{"@id":"https:\/\/buildzair.com\/#organization"},"potentialAction":[{"@type":"SearchAction","target":{"@type":"EntryPoint","urlTemplate":"https:\/\/buildzair.com\/?s={search_term_string}"},"query-input":{"@type":"PropertyValueSpecification","valueRequired":true,"valueName":"search_term_string"}}],"inLanguage":"fr-FR"},{"@type":"Organization","@id":"https:\/\/buildzair.com\/#organization","name":"BuilDzair","url":"https:\/\/buildzair.com\/","logo":{"@type":"ImageObject","inLanguage":"fr-FR","@id":"https:\/\/buildzair.com\/#\/schema\/logo\/image\/","url":"https:\/\/buildzair.com\/wp-content\/uploads\/2025\/01\/LOGO-BUILD4.png","contentUrl":"https:\/\/buildzair.com\/wp-content\/uploads\/2025\/01\/LOGO-BUILD4.png","width":800,"height":200,"caption":"BuilDzair"},"image":{"@id":"https:\/\/buildzair.com\/#\/schema\/logo\/image\/"},"sameAs":["https:\/\/www.facebook.com\/BuilDzair\/","https:\/\/www.linkedin.com\/in\/buildzair\/"]}]}},"_links":{"self":[{"href":"https:\/\/buildzair.com\/fr\/wp-json\/wp\/v2\/product\/17635","targetHints":{"allow":["GET"]}}],"collection":[{"href":"https:\/\/buildzair.com\/fr\/wp-json\/wp\/v2\/product"}],"about":[{"href":"https:\/\/buildzair.com\/fr\/wp-json\/wp\/v2\/types\/product"}],"author":[{"embeddable":true,"href":"https:\/\/buildzair.com\/fr\/wp-json\/wp\/v2\/users\/2"}],"replies":[{"embeddable":true,"href":"https:\/\/buildzair.com\/fr\/wp-json\/wp\/v2\/comments?post=17635"}],"wp:featuredmedia":[{"embeddable":true,"href":"https:\/\/buildzair.com\/fr\/wp-json\/wp\/v2\/media\/17645"}],"wp:attachment":[{"href":"https:\/\/buildzair.com\/fr\/wp-json\/wp\/v2\/media?parent=17635"}],"wp:term":[{"taxonomy":"product_brand","embeddable":true,"href":"https:\/\/buildzair.com\/fr\/wp-json\/wp\/v2\/product_brand?post=17635"},{"taxonomy":"product_cat","embeddable":true,"href":"https:\/\/buildzair.com\/fr\/wp-json\/wp\/v2\/product_cat?post=17635"},{"taxonomy":"product_tag","embeddable":true,"href":"https:\/\/buildzair.com\/fr\/wp-json\/wp\/v2\/product_tag?post=17635"},{"taxonomy":"languages","embeddable":true,"href":"https:\/\/buildzair.com\/fr\/wp-json\/wp\/v2\/languages?post=17635"},{"taxonomy":"duration","embeddable":true,"href":"https:\/\/buildzair.com\/fr\/wp-json\/wp\/v2\/duration?post=17635"},{"taxonomy":"expertise_level","embeddable":true,"href":"https:\/\/buildzair.com\/fr\/wp-json\/wp\/v2\/expertise_level?post=17635"},{"taxonomy":"skills","embeddable":true,"href":"https:\/\/buildzair.com\/fr\/wp-json\/wp\/v2\/skills?post=17635"},{"taxonomy":"delivery_time","embeddable":true,"href":"https:\/\/buildzair.com\/fr\/wp-json\/wp\/v2\/delivery_time?post=17635"}],"curies":[{"name":"wp","href":"https:\/\/api.w.org\/{rel}","templated":true}]}}