{"id":17579,"date":"2026-03-24T12:33:42","date_gmt":"2026-03-24T11:33:42","guid":{"rendered":"https:\/\/buildzair.com\/fr\/?post_type=product&#038;p=17579"},"modified":"2026-03-24T23:37:59","modified_gmt":"2026-03-24T22:37:59","slug":"conception-2d-et-3d","status":"publish","type":"product","link":"https:\/\/buildzair.com\/fr\/produit\/conception-2d-et-3d\/","title":{"rendered":"Conception 2d et 3d"},"content":{"rendered":"<p><strong>Services de conception architecturale 2D et 3D de haute qualit\u00e9 pour r\u00e9pondre \u00e0 vos besoins sp\u00e9cifiques.<\/strong><\/p>\n<hr \/>\n<p><strong>Notre service :<\/strong><\/p>\n<ul>\n<li>Conception architecturale 2D: plans de situation, plans d\u2019\u00e9tage, \u00e9l\u00e9vations, coupes.<\/li>\n<li>Conception architecturale 3D\u00a0: mod\u00e9lisation 3D, rendu r\u00e9aliste, animation.<\/li>\n<li><em>Logiciels utilis\u00e9s\u00a0: AutoCAD, SketchUp, Lumion<\/em><\/li>\n<\/ul>","protected":false},"excerpt":{"rendered":"<p>\u062e\u062f\u0645\u0627\u062a \u062a\u0635\u0645\u064a\u0645 \u0645\u0639\u0645\u0627\u0631\u064a \u062b\u0646\u0627\u0626\u064a\u0629 \u0648\u062b\u0644\u0627\u062b\u064a\u0629 \u0627\u0644\u0623\u0628\u0639\u0627\u062f \u0639\u0627\u0644\u064a\u0629 \u0627\u0644\u062c\u0648\u062f\u0629 \u0644\u062a\u0644\u0628\u064a\u0629 \u0627\u062d\u062a\u064a\u0627\u062c\u0627\u062a\u0643\u0645 \u0627\u0644\u062e\u0627\u0635\u0629. \u062e\u0640\u0640\u0640\u0640\u062f\u0645\u062a\u0646\u0627 : \u0627\u0644\u062a\u0635\u0645\u064a\u0645 \u0627\u0644\u0645\u0639\u0645\u0627\u0631\u064a \u062b\u0646\u0627\u0626\u064a \u0627\u0644\u0623\u0628\u0639\u0627\u062f: \u0645\u062e\u0637\u0637\u0627\u062a \u0627\u0644\u0645\u0648\u0642\u0639\u060c \u0645\u062e\u0637\u0637\u0627\u062a \u0627\u0644\u0637\u0648\u0627\u0628\u0642\u060c \u0627\u0644\u0648\u0627\u062c\u0647\u0627\u062a\u060c \u0627\u0644\u0645\u0642\u0627\u0637\u0639. \u0627\u0644\u062a\u0635\u0645\u064a\u0645 \u0627\u0644\u0645\u0639\u0645\u0627\u0631\u064a \u062b\u0644\u0627\u062b\u064a \u0627\u0644\u0623\u0628\u0639\u0627\u062f: \u0627\u0644\u0646\u0645\u0630\u062c\u0629 \u062b\u0644\u0627\u062b\u064a\u0629 \u0627\u0644\u0623\u0628\u0639\u0627\u062f\u060c \u0627\u0644\u0639\u0631\u0636 \u0627\u0644\u0648\u0627\u0642\u0639\u064a\u060c \u0627\u0644\u0631\u0633\u0648\u0645 \u0627\u0644\u0645\u062a\u062d\u0631\u0643\u0629. \u0627\u0644\u0628\u0631\u0627\u0645\u062c \u0627\u0644\u0645\u0633\u062a\u062e\u062f\u0645\u0629: AutoCAD\u060c SketchUp\u060c Lumion<\/p>","protected":false},"author":166,"featured_media":17580,"comment_status":"open","ping_status":"closed","template":"","meta":{"_acf_changed":false},"product_brand":[],"product_cat":[227,253],"product_tag":[284,324,325,326,327,328,329,330,331,283],"languages":[],"duration":[],"expertise_level":[],"skills":[],"delivery_time":[278,277],"class_list":{"0":"post-17579","1":"product","2":"type-product","3":"status-publish","4":"has-post-thumbnail","6":"product_cat-227","7":"product_cat-253","8":"product_tag-plan-de-villas","9":"product_tag-design-interieur","10":"product_tag-3d-interieur","11":"product_tag-3d","12":"product_tag-conception-des-facades","13":"product_tag-3d-exterieur","14":"product_tag-rendu","15":"product_tag-animation","16":"product_tag-lumion","17":"product_tag-architecture","18":"delivery_time-3-","19":"delivery_time-5-","21":"first","22":"instock","23":"shipping-taxable","24":"purchasable","25":"product-type-tasks"},"acf":[],"yoast_head":"<!-- This site is optimized with the Yoast SEO plugin v27.5 - https:\/\/yoast.com\/product\/yoast-seo-wordpress\/ -->\n<title>Conception 2d et 3d - BuilDzair<\/title>\n<meta name=\"description\" content=\"\u062e\u062f\u0645\u0627\u062a \u062a\u0635\u0645\u064a\u0645 \u0645\u0639\u0645\u0627\u0631\u064a \u062b\u0646\u0627\u0626\u064a\u0629 \u0648\u062b\u0644\u0627\u062b\u064a\u0629 \u0627\u0644\u0623\u0628\u0639\u0627\u062f \u0639\u0627\u0644\u064a\u0629 \u0627\u0644\u062c\u0648\u062f\u0629 \u0644\u062a\u0644\u0628\u064a\u0629 \u0627\u062d\u062a\u064a\u0627\u062c\u0627\u062a\u0643\u0645 \u0627\u0644\u062e\u0627\u0635\u0629.\u0627\u0644\u062a\u0635\u0645\u064a\u0645 \u0627\u0644\u0645\u0639\u0645\u0627\u0631\u064a \u062b\u0646\u0627\u0626\u064a \u0627\u0644\u0623\u0628\u0639\u0627\u062f: \u0645\u062e\u0637\u0637\u0627\u062a \u0627\u0644\u0645\u0648\u0642\u0639\u060c \u0645\u062e\u0637\u0637\u0627\u062a \u0627\u0644\u0637\u0648\u0627\u0628\u0642\u060c \u0627\u0644\u0648\u0627\u062c\u0647\u0627\u062a\u060c \u0627\u0644\u0645\u0642\u0627\u0637\u0639.\u0627\u0644\u062a\u0635\u0645\u064a\u0645 \u0627\u0644\u0645\u0639\u0645\u0627\u0631\u064a \u062b\u0644\u0627\u062b\u064a \u0627\u0644\u0623\u0628\u0639\u0627\u062f: \u0627\u0644\u0646\u0645\u0630\u062c\u0629 \u062b\u0644\u0627\u062b\u064a\u0629 \u0627\u0644\u0623\u0628\u0639\u0627\u062f\u060c \u0627\u0644\u0639\u0631\u0636 \u0627\u0644\u0648\u0627\u0642\u0639\u064a\u060c \u0627\u0644\u0631\u0633\u0648\u0645 \u0627\u0644\u0645\u062a\u062d\u0631\u0643\u0629.\u0627\u0644\u0628\u0631\u0627\u0645\u062c \u0627\u0644\u0645\u0633\u062a\u062e\u062f\u0645\u0629: AutoCAD\u060c SketchUp\u060c Lumion\" \/>\n<meta name=\"robots\" content=\"index, follow, max-snippet:-1, max-image-preview:large, max-video-preview:-1\" \/>\n<link rel=\"canonical\" href=\"https:\/\/buildzair.com\/fr\/produit\/conception-2d-et-3d\/\" \/>\n<meta property=\"og:locale\" content=\"fr_FR\" \/>\n<meta property=\"og:type\" content=\"article\" \/>\n<meta property=\"og:title\" content=\"Conception 2d et 3d - BuilDzair\" \/>\n<meta property=\"og:description\" content=\"\u062e\u062f\u0645\u0627\u062a \u062a\u0635\u0645\u064a\u0645 \u0645\u0639\u0645\u0627\u0631\u064a \u062b\u0646\u0627\u0626\u064a\u0629 \u0648\u062b\u0644\u0627\u062b\u064a\u0629 \u0627\u0644\u0623\u0628\u0639\u0627\u062f \u0639\u0627\u0644\u064a\u0629 \u0627\u0644\u062c\u0648\u062f\u0629 \u0644\u062a\u0644\u0628\u064a\u0629 \u0627\u062d\u062a\u064a\u0627\u062c\u0627\u062a\u0643\u0645 \u0627\u0644\u062e\u0627\u0635\u0629.\u0627\u0644\u062a\u0635\u0645\u064a\u0645 \u0627\u0644\u0645\u0639\u0645\u0627\u0631\u064a \u062b\u0646\u0627\u0626\u064a \u0627\u0644\u0623\u0628\u0639\u0627\u062f: \u0645\u062e\u0637\u0637\u0627\u062a \u0627\u0644\u0645\u0648\u0642\u0639\u060c \u0645\u062e\u0637\u0637\u0627\u062a \u0627\u0644\u0637\u0648\u0627\u0628\u0642\u060c \u0627\u0644\u0648\u0627\u062c\u0647\u0627\u062a\u060c \u0627\u0644\u0645\u0642\u0627\u0637\u0639.\u0627\u0644\u062a\u0635\u0645\u064a\u0645 \u0627\u0644\u0645\u0639\u0645\u0627\u0631\u064a \u062b\u0644\u0627\u062b\u064a \u0627\u0644\u0623\u0628\u0639\u0627\u062f: \u0627\u0644\u0646\u0645\u0630\u062c\u0629 \u062b\u0644\u0627\u062b\u064a\u0629 \u0627\u0644\u0623\u0628\u0639\u0627\u062f\u060c \u0627\u0644\u0639\u0631\u0636 \u0627\u0644\u0648\u0627\u0642\u0639\u064a\u060c \u0627\u0644\u0631\u0633\u0648\u0645 \u0627\u0644\u0645\u062a\u062d\u0631\u0643\u0629.\u0627\u0644\u0628\u0631\u0627\u0645\u062c \u0627\u0644\u0645\u0633\u062a\u062e\u062f\u0645\u0629: AutoCAD\u060c SketchUp\u060c Lumion\" \/>\n<meta property=\"og:url\" content=\"https:\/\/buildzair.com\/fr\/produit\/conception-2d-et-3d\/\" \/>\n<meta property=\"og:site_name\" content=\"BuilDzair\" \/>\n<meta property=\"article:publisher\" content=\"https:\/\/www.facebook.com\/BuilDzair\/\" \/>\n<meta property=\"article:modified_time\" content=\"2026-03-24T22:37:59+00:00\" \/>\n<meta property=\"og:image\" content=\"https:\/\/buildzair.com\/wp-content\/uploads\/2025\/02\/build-hom2.jpg?v=1739745777\" \/>\n\t<meta property=\"og:image:width\" content=\"1306\" \/>\n\t<meta property=\"og:image:height\" content=\"628\" \/>\n\t<meta property=\"og:image:type\" content=\"image\/jpeg\" \/>\n<meta name=\"twitter:card\" content=\"summary_large_image\" \/>\n<meta name=\"twitter:label1\" content=\"Dur\u00e9e de lecture estim\u00e9e\" \/>\n\t<meta name=\"twitter:data1\" content=\"1 minute\" \/>\n<script type=\"application\/ld+json\" class=\"yoast-schema-graph\">{\"@context\":\"https:\\\/\\\/schema.org\",\"@graph\":[{\"@type\":\"WebPage\",\"@id\":\"https:\\\/\\\/buildzair.com\\\/product\\\/conception-2d-et-3d\\\/\",\"url\":\"https:\\\/\\\/buildzair.com\\\/product\\\/conception-2d-et-3d\\\/\",\"name\":\"Conception 2d et 3d - BuilDzair\",\"isPartOf\":{\"@id\":\"https:\\\/\\\/buildzair.com\\\/#website\"},\"primaryImageOfPage\":{\"@id\":\"https:\\\/\\\/buildzair.com\\\/product\\\/conception-2d-et-3d\\\/#primaryimage\"},\"image\":{\"@id\":\"https:\\\/\\\/buildzair.com\\\/product\\\/conception-2d-et-3d\\\/#primaryimage\"},\"thumbnailUrl\":\"https:\\\/\\\/buildzair.com\\\/wp-content\\\/uploads\\\/2026\\\/03\\\/5cTN3EjXelXZrJGde5lckN2XzFWMfRzXt8FUo9Gdv1SM3cDNzUjMwEDM-pdf.jpg\",\"datePublished\":\"2026-03-24T11:33:42+00:00\",\"dateModified\":\"2026-03-24T22:37:59+00:00\",\"description\":\"\u062e\u062f\u0645\u0627\u062a \u062a\u0635\u0645\u064a\u0645 \u0645\u0639\u0645\u0627\u0631\u064a \u062b\u0646\u0627\u0626\u064a\u0629 \u0648\u062b\u0644\u0627\u062b\u064a\u0629 \u0627\u0644\u0623\u0628\u0639\u0627\u062f \u0639\u0627\u0644\u064a\u0629 \u0627\u0644\u062c\u0648\u062f\u0629 \u0644\u062a\u0644\u0628\u064a\u0629 \u0627\u062d\u062a\u064a\u0627\u062c\u0627\u062a\u0643\u0645 \u0627\u0644\u062e\u0627\u0635\u0629.\u0627\u0644\u062a\u0635\u0645\u064a\u0645 \u0627\u0644\u0645\u0639\u0645\u0627\u0631\u064a \u062b\u0646\u0627\u0626\u064a \u0627\u0644\u0623\u0628\u0639\u0627\u062f: \u0645\u062e\u0637\u0637\u0627\u062a \u0627\u0644\u0645\u0648\u0642\u0639\u060c \u0645\u062e\u0637\u0637\u0627\u062a \u0627\u0644\u0637\u0648\u0627\u0628\u0642\u060c \u0627\u0644\u0648\u0627\u062c\u0647\u0627\u062a\u060c \u0627\u0644\u0645\u0642\u0627\u0637\u0639.\u0627\u0644\u062a\u0635\u0645\u064a\u0645 \u0627\u0644\u0645\u0639\u0645\u0627\u0631\u064a \u062b\u0644\u0627\u062b\u064a \u0627\u0644\u0623\u0628\u0639\u0627\u062f: \u0627\u0644\u0646\u0645\u0630\u062c\u0629 \u062b\u0644\u0627\u062b\u064a\u0629 \u0627\u0644\u0623\u0628\u0639\u0627\u062f\u060c \u0627\u0644\u0639\u0631\u0636 \u0627\u0644\u0648\u0627\u0642\u0639\u064a\u060c \u0627\u0644\u0631\u0633\u0648\u0645 \u0627\u0644\u0645\u062a\u062d\u0631\u0643\u0629.\u0627\u0644\u0628\u0631\u0627\u0645\u062c \u0627\u0644\u0645\u0633\u062a\u062e\u062f\u0645\u0629: AutoCAD\u060c SketchUp\u060c Lumion\",\"breadcrumb\":{\"@id\":\"https:\\\/\\\/buildzair.com\\\/product\\\/conception-2d-et-3d\\\/#breadcrumb\"},\"inLanguage\":\"fr-FR\",\"potentialAction\":[{\"@type\":\"ReadAction\",\"target\":[\"https:\\\/\\\/buildzair.com\\\/product\\\/conception-2d-et-3d\\\/\"]}]},{\"@type\":\"ImageObject\",\"inLanguage\":\"fr-FR\",\"@id\":\"https:\\\/\\\/buildzair.com\\\/product\\\/conception-2d-et-3d\\\/#primaryimage\",\"url\":\"https:\\\/\\\/buildzair.com\\\/wp-content\\\/uploads\\\/2026\\\/03\\\/5cTN3EjXelXZrJGde5lckN2XzFWMfRzXt8FUo9Gdv1SM3cDNzUjMwEDM-pdf.jpg\",\"contentUrl\":\"https:\\\/\\\/buildzair.com\\\/wp-content\\\/uploads\\\/2026\\\/03\\\/5cTN3EjXelXZrJGde5lckN2XzFWMfRzXt8FUo9Gdv1SM3cDNzUjMwEDM-pdf.jpg\"},{\"@type\":\"BreadcrumbList\",\"@id\":\"https:\\\/\\\/buildzair.com\\\/product\\\/conception-2d-et-3d\\\/#breadcrumb\",\"itemListElement\":[{\"@type\":\"ListItem\",\"position\":1,\"name\":\"Home\",\"item\":\"https:\\\/\\\/buildzair.com\\\/\"},{\"@type\":\"ListItem\",\"position\":2,\"name\":\"Shop\",\"item\":\"https:\\\/\\\/buildzair.com\\\/shop\\\/\"},{\"@type\":\"ListItem\",\"position\":3,\"name\":\"\u0647\u0646\u062f\u0633\u0629 \u0645\u0639\u0645\u0627\u0631\u064a\u0629\",\"item\":\"https:\\\/\\\/buildzair.com\\\/product-category\\\/%d9%87%d9%86%d8%af%d8%b3%d8%a9-%d9%85%d8%b9%d9%85%d8%a7%d8%b1%d9%8a%d8%a9\\\/\"},{\"@type\":\"ListItem\",\"position\":4,\"name\":\"\u062a\u0635\u0645\u064a\u0645 \u0645\u0639\u0645\u0627\u0631\u064a \u0644\u0644\u0645\u0628\u0627\u0646\u064a\",\"item\":\"https:\\\/\\\/buildzair.com\\\/product-category\\\/%d9%87%d9%86%d8%af%d8%b3%d8%a9-%d9%85%d8%b9%d9%85%d8%a7%d8%b1%d9%8a%d8%a9\\\/%d8%aa%d8%b5%d9%85%d9%8a%d9%85-%d9%85%d8%b9%d9%85%d8%a7%d8%b1%d9%8a-%d9%84%d9%84%d9%85%d8%a8%d8%a7%d9%86%d9%8a\\\/\"},{\"@type\":\"ListItem\",\"position\":5,\"name\":\"Conception 2d et 3d\"}]},{\"@type\":\"WebSite\",\"@id\":\"https:\\\/\\\/buildzair.com\\\/#website\",\"url\":\"https:\\\/\\\/buildzair.com\\\/\",\"name\":\"BuilDzair\",\"description\":\"\u0645\u0646\u0635\u0629 \u0631\u0642\u0645\u064a\u0629 \u0644\u0631\u0628\u0637 \u0623\u0635\u062d\u0627\u0628 \u0627\u0644\u0645\u0634\u0627\u0631\u064a\u0639 \u0628\u0645\u0647\u0646\u062f\u0633\u064a \u0648\u0645\u062e\u062a\u0635\u064a \u0627\u0644\u0628\u0646\u0627\u0621 \u0648\u0627\u0644\u062f\u0631\u0627\u0633\u0627\u062a \u0641\u064a \u0627\u0644\u062c\u0632\u0627\u0626\u0631\",\"publisher\":{\"@id\":\"https:\\\/\\\/buildzair.com\\\/#organization\"},\"potentialAction\":[{\"@type\":\"SearchAction\",\"target\":{\"@type\":\"EntryPoint\",\"urlTemplate\":\"https:\\\/\\\/buildzair.com\\\/?s={search_term_string}\"},\"query-input\":{\"@type\":\"PropertyValueSpecification\",\"valueRequired\":true,\"valueName\":\"search_term_string\"}}],\"inLanguage\":\"fr-FR\"},{\"@type\":\"Organization\",\"@id\":\"https:\\\/\\\/buildzair.com\\\/#organization\",\"name\":\"BuilDzair\",\"url\":\"https:\\\/\\\/buildzair.com\\\/\",\"logo\":{\"@type\":\"ImageObject\",\"inLanguage\":\"fr-FR\",\"@id\":\"https:\\\/\\\/buildzair.com\\\/#\\\/schema\\\/logo\\\/image\\\/\",\"url\":\"https:\\\/\\\/buildzair.com\\\/wp-content\\\/uploads\\\/2025\\\/01\\\/LOGO-BUILD4.png\",\"contentUrl\":\"https:\\\/\\\/buildzair.com\\\/wp-content\\\/uploads\\\/2025\\\/01\\\/LOGO-BUILD4.png\",\"width\":800,\"height\":200,\"caption\":\"BuilDzair\"},\"image\":{\"@id\":\"https:\\\/\\\/buildzair.com\\\/#\\\/schema\\\/logo\\\/image\\\/\"},\"sameAs\":[\"https:\\\/\\\/www.facebook.com\\\/BuilDzair\\\/\",\"https:\\\/\\\/www.linkedin.com\\\/in\\\/buildzair\\\/\"]}]}<\/script>\n<!-- \/ Yoast SEO plugin. -->","yoast_head_json":{"title":"Conception 2d et 3d - BuilDzair","description":"\u062e\u062f\u0645\u0627\u062a \u062a\u0635\u0645\u064a\u0645 \u0645\u0639\u0645\u0627\u0631\u064a \u062b\u0646\u0627\u0626\u064a\u0629 \u0648\u062b\u0644\u0627\u062b\u064a\u0629 \u0627\u0644\u0623\u0628\u0639\u0627\u062f \u0639\u0627\u0644\u064a\u0629 \u0627\u0644\u062c\u0648\u062f\u0629 \u0644\u062a\u0644\u0628\u064a\u0629 \u0627\u062d\u062a\u064a\u0627\u062c\u0627\u062a\u0643\u0645 \u0627\u0644\u062e\u0627\u0635\u0629.\u0627\u0644\u062a\u0635\u0645\u064a\u0645 \u0627\u0644\u0645\u0639\u0645\u0627\u0631\u064a \u062b\u0646\u0627\u0626\u064a \u0627\u0644\u0623\u0628\u0639\u0627\u062f: \u0645\u062e\u0637\u0637\u0627\u062a \u0627\u0644\u0645\u0648\u0642\u0639\u060c \u0645\u062e\u0637\u0637\u0627\u062a \u0627\u0644\u0637\u0648\u0627\u0628\u0642\u060c \u0627\u0644\u0648\u0627\u062c\u0647\u0627\u062a\u060c \u0627\u0644\u0645\u0642\u0627\u0637\u0639.\u0627\u0644\u062a\u0635\u0645\u064a\u0645 \u0627\u0644\u0645\u0639\u0645\u0627\u0631\u064a \u062b\u0644\u0627\u062b\u064a \u0627\u0644\u0623\u0628\u0639\u0627\u062f: \u0627\u0644\u0646\u0645\u0630\u062c\u0629 \u062b\u0644\u0627\u062b\u064a\u0629 \u0627\u0644\u0623\u0628\u0639\u0627\u062f\u060c \u0627\u0644\u0639\u0631\u0636 \u0627\u0644\u0648\u0627\u0642\u0639\u064a\u060c \u0627\u0644\u0631\u0633\u0648\u0645 \u0627\u0644\u0645\u062a\u062d\u0631\u0643\u0629.\u0627\u0644\u0628\u0631\u0627\u0645\u062c \u0627\u0644\u0645\u0633\u062a\u062e\u062f\u0645\u0629: AutoCAD\u060c SketchUp\u060c Lumion","robots":{"index":"index","follow":"follow","max-snippet":"max-snippet:-1","max-image-preview":"max-image-preview:large","max-video-preview":"max-video-preview:-1"},"canonical":"https:\/\/buildzair.com\/fr\/produit\/conception-2d-et-3d\/","og_locale":"fr_FR","og_type":"article","og_title":"Conception 2d et 3d - BuilDzair","og_description":"\u062e\u062f\u0645\u0627\u062a \u062a\u0635\u0645\u064a\u0645 \u0645\u0639\u0645\u0627\u0631\u064a \u062b\u0646\u0627\u0626\u064a\u0629 \u0648\u062b\u0644\u0627\u062b\u064a\u0629 \u0627\u0644\u0623\u0628\u0639\u0627\u062f \u0639\u0627\u0644\u064a\u0629 \u0627\u0644\u062c\u0648\u062f\u0629 \u0644\u062a\u0644\u0628\u064a\u0629 \u0627\u062d\u062a\u064a\u0627\u062c\u0627\u062a\u0643\u0645 \u0627\u0644\u062e\u0627\u0635\u0629.\u0627\u0644\u062a\u0635\u0645\u064a\u0645 \u0627\u0644\u0645\u0639\u0645\u0627\u0631\u064a \u062b\u0646\u0627\u0626\u064a \u0627\u0644\u0623\u0628\u0639\u0627\u062f: \u0645\u062e\u0637\u0637\u0627\u062a \u0627\u0644\u0645\u0648\u0642\u0639\u060c \u0645\u062e\u0637\u0637\u0627\u062a \u0627\u0644\u0637\u0648\u0627\u0628\u0642\u060c \u0627\u0644\u0648\u0627\u062c\u0647\u0627\u062a\u060c \u0627\u0644\u0645\u0642\u0627\u0637\u0639.\u0627\u0644\u062a\u0635\u0645\u064a\u0645 \u0627\u0644\u0645\u0639\u0645\u0627\u0631\u064a \u062b\u0644\u0627\u062b\u064a \u0627\u0644\u0623\u0628\u0639\u0627\u062f: \u0627\u0644\u0646\u0645\u0630\u062c\u0629 \u062b\u0644\u0627\u062b\u064a\u0629 \u0627\u0644\u0623\u0628\u0639\u0627\u062f\u060c \u0627\u0644\u0639\u0631\u0636 \u0627\u0644\u0648\u0627\u0642\u0639\u064a\u060c \u0627\u0644\u0631\u0633\u0648\u0645 \u0627\u0644\u0645\u062a\u062d\u0631\u0643\u0629.\u0627\u0644\u0628\u0631\u0627\u0645\u062c \u0627\u0644\u0645\u0633\u062a\u062e\u062f\u0645\u0629: AutoCAD\u060c SketchUp\u060c Lumion","og_url":"https:\/\/buildzair.com\/fr\/produit\/conception-2d-et-3d\/","og_site_name":"BuilDzair","article_publisher":"https:\/\/www.facebook.com\/BuilDzair\/","article_modified_time":"2026-03-24T22:37:59+00:00","og_image":[{"width":1306,"height":628,"url":"https:\/\/buildzair.com\/wp-content\/uploads\/2025\/02\/build-hom2.jpg?v=1739745777","type":"image\/jpeg"}],"twitter_card":"summary_large_image","twitter_misc":{"Dur\u00e9e de lecture estim\u00e9e":"1 minute"},"schema":{"@context":"https:\/\/schema.org","@graph":[{"@type":"WebPage","@id":"https:\/\/buildzair.com\/product\/conception-2d-et-3d\/","url":"https:\/\/buildzair.com\/product\/conception-2d-et-3d\/","name":"Conception 2d et 3d - BuilDzair","isPartOf":{"@id":"https:\/\/buildzair.com\/#website"},"primaryImageOfPage":{"@id":"https:\/\/buildzair.com\/product\/conception-2d-et-3d\/#primaryimage"},"image":{"@id":"https:\/\/buildzair.com\/product\/conception-2d-et-3d\/#primaryimage"},"thumbnailUrl":"https:\/\/buildzair.com\/wp-content\/uploads\/2026\/03\/5cTN3EjXelXZrJGde5lckN2XzFWMfRzXt8FUo9Gdv1SM3cDNzUjMwEDM-pdf.jpg","datePublished":"2026-03-24T11:33:42+00:00","dateModified":"2026-03-24T22:37:59+00:00","description":"\u062e\u062f\u0645\u0627\u062a \u062a\u0635\u0645\u064a\u0645 \u0645\u0639\u0645\u0627\u0631\u064a \u062b\u0646\u0627\u0626\u064a\u0629 \u0648\u062b\u0644\u0627\u062b\u064a\u0629 \u0627\u0644\u0623\u0628\u0639\u0627\u062f \u0639\u0627\u0644\u064a\u0629 \u0627\u0644\u062c\u0648\u062f\u0629 \u0644\u062a\u0644\u0628\u064a\u0629 \u0627\u062d\u062a\u064a\u0627\u062c\u0627\u062a\u0643\u0645 \u0627\u0644\u062e\u0627\u0635\u0629.\u0627\u0644\u062a\u0635\u0645\u064a\u0645 \u0627\u0644\u0645\u0639\u0645\u0627\u0631\u064a \u062b\u0646\u0627\u0626\u064a \u0627\u0644\u0623\u0628\u0639\u0627\u062f: \u0645\u062e\u0637\u0637\u0627\u062a \u0627\u0644\u0645\u0648\u0642\u0639\u060c \u0645\u062e\u0637\u0637\u0627\u062a \u0627\u0644\u0637\u0648\u0627\u0628\u0642\u060c \u0627\u0644\u0648\u0627\u062c\u0647\u0627\u062a\u060c \u0627\u0644\u0645\u0642\u0627\u0637\u0639.\u0627\u0644\u062a\u0635\u0645\u064a\u0645 \u0627\u0644\u0645\u0639\u0645\u0627\u0631\u064a \u062b\u0644\u0627\u062b\u064a \u0627\u0644\u0623\u0628\u0639\u0627\u062f: \u0627\u0644\u0646\u0645\u0630\u062c\u0629 \u062b\u0644\u0627\u062b\u064a\u0629 \u0627\u0644\u0623\u0628\u0639\u0627\u062f\u060c \u0627\u0644\u0639\u0631\u0636 \u0627\u0644\u0648\u0627\u0642\u0639\u064a\u060c \u0627\u0644\u0631\u0633\u0648\u0645 \u0627\u0644\u0645\u062a\u062d\u0631\u0643\u0629.\u0627\u0644\u0628\u0631\u0627\u0645\u062c \u0627\u0644\u0645\u0633\u062a\u062e\u062f\u0645\u0629: AutoCAD\u060c SketchUp\u060c Lumion","breadcrumb":{"@id":"https:\/\/buildzair.com\/product\/conception-2d-et-3d\/#breadcrumb"},"inLanguage":"fr-FR","potentialAction":[{"@type":"ReadAction","target":["https:\/\/buildzair.com\/product\/conception-2d-et-3d\/"]}]},{"@type":"ImageObject","inLanguage":"fr-FR","@id":"https:\/\/buildzair.com\/product\/conception-2d-et-3d\/#primaryimage","url":"https:\/\/buildzair.com\/wp-content\/uploads\/2026\/03\/5cTN3EjXelXZrJGde5lckN2XzFWMfRzXt8FUo9Gdv1SM3cDNzUjMwEDM-pdf.jpg","contentUrl":"https:\/\/buildzair.com\/wp-content\/uploads\/2026\/03\/5cTN3EjXelXZrJGde5lckN2XzFWMfRzXt8FUo9Gdv1SM3cDNzUjMwEDM-pdf.jpg"},{"@type":"BreadcrumbList","@id":"https:\/\/buildzair.com\/product\/conception-2d-et-3d\/#breadcrumb","itemListElement":[{"@type":"ListItem","position":1,"name":"Home","item":"https:\/\/buildzair.com\/"},{"@type":"ListItem","position":2,"name":"Shop","item":"https:\/\/buildzair.com\/shop\/"},{"@type":"ListItem","position":3,"name":"\u0647\u0646\u062f\u0633\u0629 \u0645\u0639\u0645\u0627\u0631\u064a\u0629","item":"https:\/\/buildzair.com\/product-category\/%d9%87%d9%86%d8%af%d8%b3%d8%a9-%d9%85%d8%b9%d9%85%d8%a7%d8%b1%d9%8a%d8%a9\/"},{"@type":"ListItem","position":4,"name":"\u062a\u0635\u0645\u064a\u0645 \u0645\u0639\u0645\u0627\u0631\u064a \u0644\u0644\u0645\u0628\u0627\u0646\u064a","item":"https:\/\/buildzair.com\/product-category\/%d9%87%d9%86%d8%af%d8%b3%d8%a9-%d9%85%d8%b9%d9%85%d8%a7%d8%b1%d9%8a%d8%a9\/%d8%aa%d8%b5%d9%85%d9%8a%d9%85-%d9%85%d8%b9%d9%85%d8%a7%d8%b1%d9%8a-%d9%84%d9%84%d9%85%d8%a8%d8%a7%d9%86%d9%8a\/"},{"@type":"ListItem","position":5,"name":"Conception 2d et 3d"}]},{"@type":"WebSite","@id":"https:\/\/buildzair.com\/#website","url":"https:\/\/buildzair.com\/","name":"BuilDzair","description":"\u0645\u0646\u0635\u0629 \u0631\u0642\u0645\u064a\u0629 \u0644\u0631\u0628\u0637 \u0623\u0635\u062d\u0627\u0628 \u0627\u0644\u0645\u0634\u0627\u0631\u064a\u0639 \u0628\u0645\u0647\u0646\u062f\u0633\u064a \u0648\u0645\u062e\u062a\u0635\u064a \u0627\u0644\u0628\u0646\u0627\u0621 \u0648\u0627\u0644\u062f\u0631\u0627\u0633\u0627\u062a \u0641\u064a \u0627\u0644\u062c\u0632\u0627\u0626\u0631","publisher":{"@id":"https:\/\/buildzair.com\/#organization"},"potentialAction":[{"@type":"SearchAction","target":{"@type":"EntryPoint","urlTemplate":"https:\/\/buildzair.com\/?s={search_term_string}"},"query-input":{"@type":"PropertyValueSpecification","valueRequired":true,"valueName":"search_term_string"}}],"inLanguage":"fr-FR"},{"@type":"Organization","@id":"https:\/\/buildzair.com\/#organization","name":"BuilDzair","url":"https:\/\/buildzair.com\/","logo":{"@type":"ImageObject","inLanguage":"fr-FR","@id":"https:\/\/buildzair.com\/#\/schema\/logo\/image\/","url":"https:\/\/buildzair.com\/wp-content\/uploads\/2025\/01\/LOGO-BUILD4.png","contentUrl":"https:\/\/buildzair.com\/wp-content\/uploads\/2025\/01\/LOGO-BUILD4.png","width":800,"height":200,"caption":"BuilDzair"},"image":{"@id":"https:\/\/buildzair.com\/#\/schema\/logo\/image\/"},"sameAs":["https:\/\/www.facebook.com\/BuilDzair\/","https:\/\/www.linkedin.com\/in\/buildzair\/"]}]}},"_links":{"self":[{"href":"https:\/\/buildzair.com\/fr\/wp-json\/wp\/v2\/product\/17579","targetHints":{"allow":["GET"]}}],"collection":[{"href":"https:\/\/buildzair.com\/fr\/wp-json\/wp\/v2\/product"}],"about":[{"href":"https:\/\/buildzair.com\/fr\/wp-json\/wp\/v2\/types\/product"}],"author":[{"embeddable":true,"href":"https:\/\/buildzair.com\/fr\/wp-json\/wp\/v2\/users\/166"}],"replies":[{"embeddable":true,"href":"https:\/\/buildzair.com\/fr\/wp-json\/wp\/v2\/comments?post=17579"}],"wp:featuredmedia":[{"embeddable":true,"href":"https:\/\/buildzair.com\/fr\/wp-json\/wp\/v2\/media\/17580"}],"wp:attachment":[{"href":"https:\/\/buildzair.com\/fr\/wp-json\/wp\/v2\/media?parent=17579"}],"wp:term":[{"taxonomy":"product_brand","embeddable":true,"href":"https:\/\/buildzair.com\/fr\/wp-json\/wp\/v2\/product_brand?post=17579"},{"taxonomy":"product_cat","embeddable":true,"href":"https:\/\/buildzair.com\/fr\/wp-json\/wp\/v2\/product_cat?post=17579"},{"taxonomy":"product_tag","embeddable":true,"href":"https:\/\/buildzair.com\/fr\/wp-json\/wp\/v2\/product_tag?post=17579"},{"taxonomy":"languages","embeddable":true,"href":"https:\/\/buildzair.com\/fr\/wp-json\/wp\/v2\/languages?post=17579"},{"taxonomy":"duration","embeddable":true,"href":"https:\/\/buildzair.com\/fr\/wp-json\/wp\/v2\/duration?post=17579"},{"taxonomy":"expertise_level","embeddable":true,"href":"https:\/\/buildzair.com\/fr\/wp-json\/wp\/v2\/expertise_level?post=17579"},{"taxonomy":"skills","embeddable":true,"href":"https:\/\/buildzair.com\/fr\/wp-json\/wp\/v2\/skills?post=17579"},{"taxonomy":"delivery_time","embeddable":true,"href":"https:\/\/buildzair.com\/fr\/wp-json\/wp\/v2\/delivery_time?post=17579"}],"curies":[{"name":"wp","href":"https:\/\/api.w.org\/{rel}","templated":true}]}}