{"id":16886,"date":"2026-01-12T22:27:50","date_gmt":"2026-01-12T21:27:50","guid":{"rendered":"https:\/\/buildzair.com\/fr\/?post_type=product&#038;p=16886"},"modified":"2026-01-27T23:26:11","modified_gmt":"2026-01-27T22:26:11","slug":"%d8%a7%d9%84%d8%aa%d8%b4%d8%ae%d9%8a%d8%b5-%d9%88%d8%a7%d9%84%d8%ae%d8%a8%d8%b1%d8%a9-%d8%a7%d9%84%d8%aa%d9%82%d9%86%d9%8a%d8%a9-%d9%84%d9%84%d9%85%d9%86%d8%b4%d8%a2%d8%aa","status":"publish","type":"product","link":"https:\/\/buildzair.com\/fr\/produit\/%d8%a7%d9%84%d8%aa%d8%b4%d8%ae%d9%8a%d8%b5-%d9%88%d8%a7%d9%84%d8%ae%d8%a8%d8%b1%d8%a9-%d8%a7%d9%84%d8%aa%d9%82%d9%86%d9%8a%d8%a9-%d9%84%d9%84%d9%85%d9%86%d8%b4%d8%a2%d8%aa\/","title":{"rendered":"Diagnostic et Expertise des constructions"},"content":{"rendered":"<p><strong>Ce service de diagnostic et d\u2019expertise des constructions vise \u00e0 identifier les d\u00e9sordres structurels et techniques d\u2019un ouvrage et \u00e0 proposer des solutions adapt\u00e9es.<\/strong><br \/>\nLa mission se d\u00e9roule en deux \u00e9tapes :<\/p>\n<h3>1. Diagnostic initial \u00e0 distance<\/h3>\n<p>Analyse bas\u00e9e sur les photos, documents et informations transmis par le ma\u00eetre d\u2019ouvrage afin de :<\/p>\n<ul>\n<li>\nIdentifier les anomalies visibles (fissures, d\u00e9gradations, infiltrations, etc.)\n<\/li>\n<li>\n\u00c9valuer la gravit\u00e9 des d\u00e9sordres\n<\/li>\n<li>\nD\u00e9terminer la n\u00e9cessit\u00e9 d\u2019une expertise sur site\n<\/li>\n<\/ul>\n<h3>2. Diagnostic et expertise sur site<\/h3>\n<p>Inspection d\u00e9taill\u00e9e de l\u2019ouvrage permettant de :<\/p>\n<ul>\n<li>\nExaminer l\u2019\u00e9tat r\u00e9el de la structure\n<\/li>\n<li>\nIdentifier les causes des pathologies constat\u00e9es\n<\/li>\n<li>\nV\u00e9rifier la stabilit\u00e9 et la s\u00e9curit\u00e9 de la construction\n<\/li>\n<\/ul>\n<p><strong>\u00c0 l\u2019issue de la mission, un rapport d\u2019expertise technique complet est remis, incluant :<\/strong> incluant :<\/p>\n<ul>\n<li>\nLe diagnostic d\u00e9taill\u00e9\n<\/li>\n<li>\nL\u2019analyse des causes\n<\/li>\n<li>\nLes recommandations techniques et solutions adapt\u00e9es.\n<\/li>\n<\/ul>","protected":false},"excerpt":{"rendered":"<p>\u062a\u0647\u062f\u0641 \u062e\u062f\u0645\u0629 \u062a\u0634\u062e\u064a\u0635 \u0648\u062e\u0628\u0631\u0629 \u0627\u0644\u0645\u0646\u0634\u0622\u062a \u0625\u0644\u0649 \u062a\u062d\u062f\u064a\u062f \u0627\u0644\u0627\u0636\u0637\u0631\u0627\u0628\u0627\u062a \u0648\u0627\u0644\u0645\u0634\u0627\u0643\u0644 \u0627\u0644\u0625\u0646\u0634\u0627\u0626\u064a\u0629 \u0648\u0627\u0644\u062a\u0642\u0646\u064a\u0629 \u0644\u0644\u0645\u0628\u0646\u0649\u060c \u0648\u0627\u0642\u062a\u0631\u0627\u062d \u0627\u0644\u062d\u0644\u0648\u0644 \u0627\u0644\u0645\u0646\u0627\u0633\u0628\u0629 \u0644\u0645\u0639\u0627\u0644\u062c\u062a\u0647\u0627. \u062a\u064f\u0646\u0641\u0651\u064e\u0630 \u0627\u0644\u0645\u0647\u0645\u0629 \u0639\u0644\u0649 \u0645\u0631\u062d\u0644\u062a\u064a\u0646: 1. \u0627\u0644\u062a\u0634\u062e\u064a\u0635 \u0627\u0644\u0623\u0648\u0644\u064a \u0639\u0646 \u0628\u064f\u0639\u062f \u064a\u0639\u062a\u0645\u062f \u0647\u0630\u0627 \u0627\u0644\u062a\u0634\u062e\u064a\u0635 \u0639\u0644\u0649 \u062a\u062d\u0644\u064a\u0644 \u0627\u0644\u0635\u0648\u0631\u060c \u0648\u0627\u0644\u0648\u062b\u0627\u0626\u0642\u060c \u0648\u0627\u0644\u0645\u0639\u0644\u0648\u0645\u0627\u062a \u0627\u0644\u062a\u064a \u064a\u0631\u0633\u0644\u0647\u0627 \u0635\u0627\u062d\u0628 \u0627\u0644\u0645\u0634\u0631\u0648\u0639\u060c \u0628\u0647\u062f\u0641: \u062a\u062d\u062f\u064a\u062f \u0627\u0644\u0639\u064a\u0648\u0628 \u0627\u0644\u0638\u0627\u0647\u0631\u0629 (\u0627\u0644\u062a\u0634\u0642\u0642\u0627\u062a\u060c \u0627\u0644\u062a\u062f\u0647\u0648\u0631\u0627\u062a\u060c \u0627\u0644\u062a\u0633\u0631\u0628\u0627\u062a\u060c \u0648\u063a\u064a\u0631\u0647\u0627) \u062a\u0642\u064a\u064a\u0645 \u062e\u0637\u0648\u0631\u0629 \u0627\u0644\u0627\u0636\u0637\u0631\u0627\u0628\u0627\u062a \u0627\u0644\u0645\u0633\u062c\u0644\u0629 \u062a\u062d\u062f\u064a\u062f \u0645\u0627&#8230;<\/p>","protected":false},"author":2,"featured_media":16889,"comment_status":"open","ping_status":"closed","template":"","meta":{"_acf_changed":false},"product_brand":[],"product_cat":[230,254],"product_tag":[291,313,314,315],"languages":[],"duration":[],"expertise_level":[],"skills":[],"delivery_time":[222],"class_list":{"0":"post-16886","1":"product","2":"type-product","3":"status-publish","4":"has-post-thumbnail","6":"product_cat-230","7":"product_cat-254","8":"product_tag-genie-civil","9":"product_tag-expertise","10":"product_tag-diagnostic","11":"product_tag-315","12":"delivery_time-15-","14":"first","15":"instock","16":"shipping-taxable","17":"purchasable","18":"product-type-tasks"},"acf":[],"yoast_head":"<!-- This site is optimized with the Yoast SEO plugin v27.4 - https:\/\/yoast.com\/product\/yoast-seo-wordpress\/ -->\n<title>\u0627\u0644\u062a\u0634\u062e\u064a\u0635 \u0648\u0627\u0644\u062e\u0628\u0631\u0629 \u0627\u0644\u062a\u0642\u0646\u064a\u0629 \u0644\u0644\u0645\u0646\u0634\u0622\u062a - BuilDzair<\/title>\n<meta name=\"robots\" content=\"index, follow, max-snippet:-1, max-image-preview:large, max-video-preview:-1\" \/>\n<link rel=\"canonical\" href=\"https:\/\/buildzair.com\/fr\/produit\/\u0627\u0644\u062a\u0634\u062e\u064a\u0635-\u0648\u0627\u0644\u062e\u0628\u0631\u0629-\u0627\u0644\u062a\u0642\u0646\u064a\u0629-\u0644\u0644\u0645\u0646\u0634\u0622\u062a\/\" \/>\n<meta property=\"og:locale\" content=\"fr_FR\" \/>\n<meta property=\"og:type\" content=\"article\" \/>\n<meta property=\"og:title\" content=\"\u0627\u0644\u062a\u0634\u062e\u064a\u0635 \u0648\u0627\u0644\u062e\u0628\u0631\u0629 \u0627\u0644\u062a\u0642\u0646\u064a\u0629 \u0644\u0644\u0645\u0646\u0634\u0622\u062a - BuilDzair\" \/>\n<meta property=\"og:description\" content=\"\u062a\u0647\u062f\u0641 \u062e\u062f\u0645\u0629 \u062a\u0634\u062e\u064a\u0635 \u0648\u062e\u0628\u0631\u0629 \u0627\u0644\u0645\u0646\u0634\u0622\u062a \u0625\u0644\u0649 \u062a\u062d\u062f\u064a\u062f \u0627\u0644\u0627\u0636\u0637\u0631\u0627\u0628\u0627\u062a \u0648\u0627\u0644\u0645\u0634\u0627\u0643\u0644 \u0627\u0644\u0625\u0646\u0634\u0627\u0626\u064a\u0629 \u0648\u0627\u0644\u062a\u0642\u0646\u064a\u0629 \u0644\u0644\u0645\u0628\u0646\u0649\u060c \u0648\u0627\u0642\u062a\u0631\u0627\u062d \u0627\u0644\u062d\u0644\u0648\u0644 \u0627\u0644\u0645\u0646\u0627\u0633\u0628\u0629 \u0644\u0645\u0639\u0627\u0644\u062c\u062a\u0647\u0627. \u062a\u064f\u0646\u0641\u0651\u064e\u0630 \u0627\u0644\u0645\u0647\u0645\u0629 \u0639\u0644\u0649 \u0645\u0631\u062d\u0644\u062a\u064a\u0646: 1. \u0627\u0644\u062a\u0634\u062e\u064a\u0635 \u0627\u0644\u0623\u0648\u0644\u064a \u0639\u0646 \u0628\u064f\u0639\u062f \u064a\u0639\u062a\u0645\u062f \u0647\u0630\u0627 \u0627\u0644\u062a\u0634\u062e\u064a\u0635 \u0639\u0644\u0649 \u062a\u062d\u0644\u064a\u0644 \u0627\u0644\u0635\u0648\u0631\u060c \u0648\u0627\u0644\u0648\u062b\u0627\u0626\u0642\u060c \u0648\u0627\u0644\u0645\u0639\u0644\u0648\u0645\u0627\u062a \u0627\u0644\u062a\u064a \u064a\u0631\u0633\u0644\u0647\u0627 \u0635\u0627\u062d\u0628 \u0627\u0644\u0645\u0634\u0631\u0648\u0639\u060c \u0628\u0647\u062f\u0641: \u062a\u062d\u062f\u064a\u062f \u0627\u0644\u0639\u064a\u0648\u0628 \u0627\u0644\u0638\u0627\u0647\u0631\u0629 (\u0627\u0644\u062a\u0634\u0642\u0642\u0627\u062a\u060c \u0627\u0644\u062a\u062f\u0647\u0648\u0631\u0627\u062a\u060c \u0627\u0644\u062a\u0633\u0631\u0628\u0627\u062a\u060c \u0648\u063a\u064a\u0631\u0647\u0627) \u062a\u0642\u064a\u064a\u0645 \u062e\u0637\u0648\u0631\u0629 \u0627\u0644\u0627\u0636\u0637\u0631\u0627\u0628\u0627\u062a \u0627\u0644\u0645\u0633\u062c\u0644\u0629 \u062a\u062d\u062f\u064a\u062f \u0645\u0627...\" \/>\n<meta property=\"og:url\" content=\"https:\/\/buildzair.com\/fr\/produit\/\u0627\u0644\u062a\u0634\u062e\u064a\u0635-\u0648\u0627\u0644\u062e\u0628\u0631\u0629-\u0627\u0644\u062a\u0642\u0646\u064a\u0629-\u0644\u0644\u0645\u0646\u0634\u0622\u062a\/\" \/>\n<meta property=\"og:site_name\" content=\"BuilDzair\" \/>\n<meta property=\"article:publisher\" content=\"https:\/\/www.facebook.com\/BuilDzair\/\" \/>\n<meta property=\"article:modified_time\" content=\"2026-01-27T22:26:11+00:00\" \/>\n<meta property=\"og:image\" content=\"https:\/\/buildzair.com\/wp-content\/uploads\/2026\/01\/==gN4gjNx4lX5V2aiRnXeVEWQVkUUl0UF1SM3YDOyUzMyMTO.JPG\" \/>\n\t<meta property=\"og:image:width\" content=\"501\" \/>\n\t<meta property=\"og:image:height\" content=\"369\" \/>\n\t<meta property=\"og:image:type\" content=\"image\/jpeg\" \/>\n<meta name=\"twitter:card\" content=\"summary_large_image\" \/>\n<script type=\"application\/ld+json\" class=\"yoast-schema-graph\">{\"@context\":\"https:\\\/\\\/schema.org\",\"@graph\":[{\"@type\":\"WebPage\",\"@id\":\"https:\\\/\\\/buildzair.com\\\/product\\\/%d8%a7%d9%84%d8%aa%d8%b4%d8%ae%d9%8a%d8%b5-%d9%88%d8%a7%d9%84%d8%ae%d8%a8%d8%b1%d8%a9-%d8%a7%d9%84%d8%aa%d9%82%d9%86%d9%8a%d8%a9-%d9%84%d9%84%d9%85%d9%86%d8%b4%d8%a2%d8%aa\\\/\",\"url\":\"https:\\\/\\\/buildzair.com\\\/product\\\/%d8%a7%d9%84%d8%aa%d8%b4%d8%ae%d9%8a%d8%b5-%d9%88%d8%a7%d9%84%d8%ae%d8%a8%d8%b1%d8%a9-%d8%a7%d9%84%d8%aa%d9%82%d9%86%d9%8a%d8%a9-%d9%84%d9%84%d9%85%d9%86%d8%b4%d8%a2%d8%aa\\\/\",\"name\":\"\u0627\u0644\u062a\u0634\u062e\u064a\u0635 \u0648\u0627\u0644\u062e\u0628\u0631\u0629 \u0627\u0644\u062a\u0642\u0646\u064a\u0629 \u0644\u0644\u0645\u0646\u0634\u0622\u062a - BuilDzair\",\"isPartOf\":{\"@id\":\"https:\\\/\\\/buildzair.com\\\/#website\"},\"primaryImageOfPage\":{\"@id\":\"https:\\\/\\\/buildzair.com\\\/product\\\/%d8%a7%d9%84%d8%aa%d8%b4%d8%ae%d9%8a%d8%b5-%d9%88%d8%a7%d9%84%d8%ae%d8%a8%d8%b1%d8%a9-%d8%a7%d9%84%d8%aa%d9%82%d9%86%d9%8a%d8%a9-%d9%84%d9%84%d9%85%d9%86%d8%b4%d8%a2%d8%aa\\\/#primaryimage\"},\"image\":{\"@id\":\"https:\\\/\\\/buildzair.com\\\/product\\\/%d8%a7%d9%84%d8%aa%d8%b4%d8%ae%d9%8a%d8%b5-%d9%88%d8%a7%d9%84%d8%ae%d8%a8%d8%b1%d8%a9-%d8%a7%d9%84%d8%aa%d9%82%d9%86%d9%8a%d8%a9-%d9%84%d9%84%d9%85%d9%86%d8%b4%d8%a2%d8%aa\\\/#primaryimage\"},\"thumbnailUrl\":\"https:\\\/\\\/buildzair.com\\\/wp-content\\\/uploads\\\/2026\\\/01\\\/==gN4gjNx4lX5V2aiRnXeVEWQVkUUl0UF1SM3YDOyUzMyMTO.JPG\",\"datePublished\":\"2026-01-12T21:27:50+00:00\",\"dateModified\":\"2026-01-27T22:26:11+00:00\",\"breadcrumb\":{\"@id\":\"https:\\\/\\\/buildzair.com\\\/product\\\/%d8%a7%d9%84%d8%aa%d8%b4%d8%ae%d9%8a%d8%b5-%d9%88%d8%a7%d9%84%d8%ae%d8%a8%d8%b1%d8%a9-%d8%a7%d9%84%d8%aa%d9%82%d9%86%d9%8a%d8%a9-%d9%84%d9%84%d9%85%d9%86%d8%b4%d8%a2%d8%aa\\\/#breadcrumb\"},\"inLanguage\":\"fr-FR\",\"potentialAction\":[{\"@type\":\"ReadAction\",\"target\":[\"https:\\\/\\\/buildzair.com\\\/product\\\/%d8%a7%d9%84%d8%aa%d8%b4%d8%ae%d9%8a%d8%b5-%d9%88%d8%a7%d9%84%d8%ae%d8%a8%d8%b1%d8%a9-%d8%a7%d9%84%d8%aa%d9%82%d9%86%d9%8a%d8%a9-%d9%84%d9%84%d9%85%d9%86%d8%b4%d8%a2%d8%aa\\\/\"]}]},{\"@type\":\"ImageObject\",\"inLanguage\":\"fr-FR\",\"@id\":\"https:\\\/\\\/buildzair.com\\\/product\\\/%d8%a7%d9%84%d8%aa%d8%b4%d8%ae%d9%8a%d8%b5-%d9%88%d8%a7%d9%84%d8%ae%d8%a8%d8%b1%d8%a9-%d8%a7%d9%84%d8%aa%d9%82%d9%86%d9%8a%d8%a9-%d9%84%d9%84%d9%85%d9%86%d8%b4%d8%a2%d8%aa\\\/#primaryimage\",\"url\":\"https:\\\/\\\/buildzair.com\\\/wp-content\\\/uploads\\\/2026\\\/01\\\/==gN4gjNx4lX5V2aiRnXeVEWQVkUUl0UF1SM3YDOyUzMyMTO.JPG\",\"contentUrl\":\"https:\\\/\\\/buildzair.com\\\/wp-content\\\/uploads\\\/2026\\\/01\\\/==gN4gjNx4lX5V2aiRnXeVEWQVkUUl0UF1SM3YDOyUzMyMTO.JPG\",\"width\":501,\"height\":369},{\"@type\":\"BreadcrumbList\",\"@id\":\"https:\\\/\\\/buildzair.com\\\/product\\\/%d8%a7%d9%84%d8%aa%d8%b4%d8%ae%d9%8a%d8%b5-%d9%88%d8%a7%d9%84%d8%ae%d8%a8%d8%b1%d8%a9-%d8%a7%d9%84%d8%aa%d9%82%d9%86%d9%8a%d8%a9-%d9%84%d9%84%d9%85%d9%86%d8%b4%d8%a2%d8%aa\\\/#breadcrumb\",\"itemListElement\":[{\"@type\":\"ListItem\",\"position\":1,\"name\":\"Home\",\"item\":\"https:\\\/\\\/buildzair.com\\\/\"},{\"@type\":\"ListItem\",\"position\":2,\"name\":\"Shop\",\"item\":\"https:\\\/\\\/buildzair.com\\\/shop\\\/\"},{\"@type\":\"ListItem\",\"position\":3,\"name\":\"\u0647\u0646\u062f\u0633\u0629 \u0645\u062f\u0646\u064a\u0629\",\"item\":\"https:\\\/\\\/buildzair.com\\\/ar\\\/product-category\\\/%d9%87%d9%86%d8%af%d8%b3%d8%a9-%d9%85%d8%af%d9%86%d9%8a%d8%a9\\\/\"},{\"@type\":\"ListItem\",\"position\":4,\"name\":\"\u062f\u0631\u0627\u0633\u0629 \u0648 \u062a\u0635\u0645\u064a\u0645 \u0627\u0644\u0647\u064a\u0627\u0643\u0644 \u0627\u0644\u062e\u0631\u0633\u0627\u0646\u064a\u0629\",\"item\":\"https:\\\/\\\/buildzair.com\\\/product-category\\\/%d9%87%d9%86%d8%af%d8%b3%d8%a9-%d9%85%d8%af%d9%86%d9%8a%d8%a9\\\/%d8%af%d8%b1%d8%a7%d8%b3%d8%a9-%d9%88-%d8%aa%d8%b5%d9%85%d9%8a%d9%85-%d8%a7%d9%84%d9%87%d9%8a%d8%a7%d9%83%d9%84-%d8%a7%d9%84%d8%ae%d8%b1%d8%b3%d8%a7%d9%86%d9%8a%d8%a9\\\/\"},{\"@type\":\"ListItem\",\"position\":5,\"name\":\"\u0627\u0644\u062a\u0634\u062e\u064a\u0635 \u0648\u0627\u0644\u062e\u0628\u0631\u0629 \u0627\u0644\u062a\u0642\u0646\u064a\u0629 \u0644\u0644\u0645\u0646\u0634\u0622\u062a\"}]},{\"@type\":\"WebSite\",\"@id\":\"https:\\\/\\\/buildzair.com\\\/#website\",\"url\":\"https:\\\/\\\/buildzair.com\\\/\",\"name\":\"BuilDzair\",\"description\":\"\u0645\u0646\u0635\u0629 \u0631\u0642\u0645\u064a\u0629 \u0644\u0631\u0628\u0637 \u0623\u0635\u062d\u0627\u0628 \u0627\u0644\u0645\u0634\u0627\u0631\u064a\u0639 \u0628\u0645\u0647\u0646\u062f\u0633\u064a \u0648\u0645\u062e\u062a\u0635\u064a \u0627\u0644\u0628\u0646\u0627\u0621 \u0648\u0627\u0644\u062f\u0631\u0627\u0633\u0627\u062a \u0641\u064a \u0627\u0644\u062c\u0632\u0627\u0626\u0631\",\"publisher\":{\"@id\":\"https:\\\/\\\/buildzair.com\\\/#organization\"},\"potentialAction\":[{\"@type\":\"SearchAction\",\"target\":{\"@type\":\"EntryPoint\",\"urlTemplate\":\"https:\\\/\\\/buildzair.com\\\/?s={search_term_string}\"},\"query-input\":{\"@type\":\"PropertyValueSpecification\",\"valueRequired\":true,\"valueName\":\"search_term_string\"}}],\"inLanguage\":\"fr-FR\"},{\"@type\":\"Organization\",\"@id\":\"https:\\\/\\\/buildzair.com\\\/#organization\",\"name\":\"BuilDzair\",\"url\":\"https:\\\/\\\/buildzair.com\\\/\",\"logo\":{\"@type\":\"ImageObject\",\"inLanguage\":\"fr-FR\",\"@id\":\"https:\\\/\\\/buildzair.com\\\/#\\\/schema\\\/logo\\\/image\\\/\",\"url\":\"https:\\\/\\\/buildzair.com\\\/wp-content\\\/uploads\\\/2025\\\/01\\\/LOGO-BUILD4.png\",\"contentUrl\":\"https:\\\/\\\/buildzair.com\\\/wp-content\\\/uploads\\\/2025\\\/01\\\/LOGO-BUILD4.png\",\"width\":800,\"height\":200,\"caption\":\"BuilDzair\"},\"image\":{\"@id\":\"https:\\\/\\\/buildzair.com\\\/#\\\/schema\\\/logo\\\/image\\\/\"},\"sameAs\":[\"https:\\\/\\\/www.facebook.com\\\/BuilDzair\\\/\",\"https:\\\/\\\/www.linkedin.com\\\/in\\\/buildzair\\\/\"]}]}<\/script>\n<!-- \/ Yoast SEO plugin. -->","yoast_head_json":{"title":"\u0627\u0644\u062a\u0634\u062e\u064a\u0635 \u0648\u0627\u0644\u062e\u0628\u0631\u0629 \u0627\u0644\u062a\u0642\u0646\u064a\u0629 \u0644\u0644\u0645\u0646\u0634\u0622\u062a - BuilDzair","robots":{"index":"index","follow":"follow","max-snippet":"max-snippet:-1","max-image-preview":"max-image-preview:large","max-video-preview":"max-video-preview:-1"},"canonical":"https:\/\/buildzair.com\/fr\/produit\/\u0627\u0644\u062a\u0634\u062e\u064a\u0635-\u0648\u0627\u0644\u062e\u0628\u0631\u0629-\u0627\u0644\u062a\u0642\u0646\u064a\u0629-\u0644\u0644\u0645\u0646\u0634\u0622\u062a\/","og_locale":"fr_FR","og_type":"article","og_title":"\u0627\u0644\u062a\u0634\u062e\u064a\u0635 \u0648\u0627\u0644\u062e\u0628\u0631\u0629 \u0627\u0644\u062a\u0642\u0646\u064a\u0629 \u0644\u0644\u0645\u0646\u0634\u0622\u062a - BuilDzair","og_description":"\u062a\u0647\u062f\u0641 \u062e\u062f\u0645\u0629 \u062a\u0634\u062e\u064a\u0635 \u0648\u062e\u0628\u0631\u0629 \u0627\u0644\u0645\u0646\u0634\u0622\u062a \u0625\u0644\u0649 \u062a\u062d\u062f\u064a\u062f \u0627\u0644\u0627\u0636\u0637\u0631\u0627\u0628\u0627\u062a \u0648\u0627\u0644\u0645\u0634\u0627\u0643\u0644 \u0627\u0644\u0625\u0646\u0634\u0627\u0626\u064a\u0629 \u0648\u0627\u0644\u062a\u0642\u0646\u064a\u0629 \u0644\u0644\u0645\u0628\u0646\u0649\u060c \u0648\u0627\u0642\u062a\u0631\u0627\u062d \u0627\u0644\u062d\u0644\u0648\u0644 \u0627\u0644\u0645\u0646\u0627\u0633\u0628\u0629 \u0644\u0645\u0639\u0627\u0644\u062c\u062a\u0647\u0627. \u062a\u064f\u0646\u0641\u0651\u064e\u0630 \u0627\u0644\u0645\u0647\u0645\u0629 \u0639\u0644\u0649 \u0645\u0631\u062d\u0644\u062a\u064a\u0646: 1. \u0627\u0644\u062a\u0634\u062e\u064a\u0635 \u0627\u0644\u0623\u0648\u0644\u064a \u0639\u0646 \u0628\u064f\u0639\u062f \u064a\u0639\u062a\u0645\u062f \u0647\u0630\u0627 \u0627\u0644\u062a\u0634\u062e\u064a\u0635 \u0639\u0644\u0649 \u062a\u062d\u0644\u064a\u0644 \u0627\u0644\u0635\u0648\u0631\u060c \u0648\u0627\u0644\u0648\u062b\u0627\u0626\u0642\u060c \u0648\u0627\u0644\u0645\u0639\u0644\u0648\u0645\u0627\u062a \u0627\u0644\u062a\u064a \u064a\u0631\u0633\u0644\u0647\u0627 \u0635\u0627\u062d\u0628 \u0627\u0644\u0645\u0634\u0631\u0648\u0639\u060c \u0628\u0647\u062f\u0641: \u062a\u062d\u062f\u064a\u062f \u0627\u0644\u0639\u064a\u0648\u0628 \u0627\u0644\u0638\u0627\u0647\u0631\u0629 (\u0627\u0644\u062a\u0634\u0642\u0642\u0627\u062a\u060c \u0627\u0644\u062a\u062f\u0647\u0648\u0631\u0627\u062a\u060c \u0627\u0644\u062a\u0633\u0631\u0628\u0627\u062a\u060c \u0648\u063a\u064a\u0631\u0647\u0627) \u062a\u0642\u064a\u064a\u0645 \u062e\u0637\u0648\u0631\u0629 \u0627\u0644\u0627\u0636\u0637\u0631\u0627\u0628\u0627\u062a \u0627\u0644\u0645\u0633\u062c\u0644\u0629 \u062a\u062d\u062f\u064a\u062f \u0645\u0627...","og_url":"https:\/\/buildzair.com\/fr\/produit\/\u0627\u0644\u062a\u0634\u062e\u064a\u0635-\u0648\u0627\u0644\u062e\u0628\u0631\u0629-\u0627\u0644\u062a\u0642\u0646\u064a\u0629-\u0644\u0644\u0645\u0646\u0634\u0622\u062a\/","og_site_name":"BuilDzair","article_publisher":"https:\/\/www.facebook.com\/BuilDzair\/","article_modified_time":"2026-01-27T22:26:11+00:00","og_image":[{"width":501,"height":369,"url":"https:\/\/buildzair.com\/wp-content\/uploads\/2026\/01\/==gN4gjNx4lX5V2aiRnXeVEWQVkUUl0UF1SM3YDOyUzMyMTO.JPG","type":"image\/jpeg"}],"twitter_card":"summary_large_image","schema":{"@context":"https:\/\/schema.org","@graph":[{"@type":"WebPage","@id":"https:\/\/buildzair.com\/product\/%d8%a7%d9%84%d8%aa%d8%b4%d8%ae%d9%8a%d8%b5-%d9%88%d8%a7%d9%84%d8%ae%d8%a8%d8%b1%d8%a9-%d8%a7%d9%84%d8%aa%d9%82%d9%86%d9%8a%d8%a9-%d9%84%d9%84%d9%85%d9%86%d8%b4%d8%a2%d8%aa\/","url":"https:\/\/buildzair.com\/product\/%d8%a7%d9%84%d8%aa%d8%b4%d8%ae%d9%8a%d8%b5-%d9%88%d8%a7%d9%84%d8%ae%d8%a8%d8%b1%d8%a9-%d8%a7%d9%84%d8%aa%d9%82%d9%86%d9%8a%d8%a9-%d9%84%d9%84%d9%85%d9%86%d8%b4%d8%a2%d8%aa\/","name":"\u0627\u0644\u062a\u0634\u062e\u064a\u0635 \u0648\u0627\u0644\u062e\u0628\u0631\u0629 \u0627\u0644\u062a\u0642\u0646\u064a\u0629 \u0644\u0644\u0645\u0646\u0634\u0622\u062a - BuilDzair","isPartOf":{"@id":"https:\/\/buildzair.com\/#website"},"primaryImageOfPage":{"@id":"https:\/\/buildzair.com\/product\/%d8%a7%d9%84%d8%aa%d8%b4%d8%ae%d9%8a%d8%b5-%d9%88%d8%a7%d9%84%d8%ae%d8%a8%d8%b1%d8%a9-%d8%a7%d9%84%d8%aa%d9%82%d9%86%d9%8a%d8%a9-%d9%84%d9%84%d9%85%d9%86%d8%b4%d8%a2%d8%aa\/#primaryimage"},"image":{"@id":"https:\/\/buildzair.com\/product\/%d8%a7%d9%84%d8%aa%d8%b4%d8%ae%d9%8a%d8%b5-%d9%88%d8%a7%d9%84%d8%ae%d8%a8%d8%b1%d8%a9-%d8%a7%d9%84%d8%aa%d9%82%d9%86%d9%8a%d8%a9-%d9%84%d9%84%d9%85%d9%86%d8%b4%d8%a2%d8%aa\/#primaryimage"},"thumbnailUrl":"https:\/\/buildzair.com\/wp-content\/uploads\/2026\/01\/==gN4gjNx4lX5V2aiRnXeVEWQVkUUl0UF1SM3YDOyUzMyMTO.JPG","datePublished":"2026-01-12T21:27:50+00:00","dateModified":"2026-01-27T22:26:11+00:00","breadcrumb":{"@id":"https:\/\/buildzair.com\/product\/%d8%a7%d9%84%d8%aa%d8%b4%d8%ae%d9%8a%d8%b5-%d9%88%d8%a7%d9%84%d8%ae%d8%a8%d8%b1%d8%a9-%d8%a7%d9%84%d8%aa%d9%82%d9%86%d9%8a%d8%a9-%d9%84%d9%84%d9%85%d9%86%d8%b4%d8%a2%d8%aa\/#breadcrumb"},"inLanguage":"fr-FR","potentialAction":[{"@type":"ReadAction","target":["https:\/\/buildzair.com\/product\/%d8%a7%d9%84%d8%aa%d8%b4%d8%ae%d9%8a%d8%b5-%d9%88%d8%a7%d9%84%d8%ae%d8%a8%d8%b1%d8%a9-%d8%a7%d9%84%d8%aa%d9%82%d9%86%d9%8a%d8%a9-%d9%84%d9%84%d9%85%d9%86%d8%b4%d8%a2%d8%aa\/"]}]},{"@type":"ImageObject","inLanguage":"fr-FR","@id":"https:\/\/buildzair.com\/product\/%d8%a7%d9%84%d8%aa%d8%b4%d8%ae%d9%8a%d8%b5-%d9%88%d8%a7%d9%84%d8%ae%d8%a8%d8%b1%d8%a9-%d8%a7%d9%84%d8%aa%d9%82%d9%86%d9%8a%d8%a9-%d9%84%d9%84%d9%85%d9%86%d8%b4%d8%a2%d8%aa\/#primaryimage","url":"https:\/\/buildzair.com\/wp-content\/uploads\/2026\/01\/==gN4gjNx4lX5V2aiRnXeVEWQVkUUl0UF1SM3YDOyUzMyMTO.JPG","contentUrl":"https:\/\/buildzair.com\/wp-content\/uploads\/2026\/01\/==gN4gjNx4lX5V2aiRnXeVEWQVkUUl0UF1SM3YDOyUzMyMTO.JPG","width":501,"height":369},{"@type":"BreadcrumbList","@id":"https:\/\/buildzair.com\/product\/%d8%a7%d9%84%d8%aa%d8%b4%d8%ae%d9%8a%d8%b5-%d9%88%d8%a7%d9%84%d8%ae%d8%a8%d8%b1%d8%a9-%d8%a7%d9%84%d8%aa%d9%82%d9%86%d9%8a%d8%a9-%d9%84%d9%84%d9%85%d9%86%d8%b4%d8%a2%d8%aa\/#breadcrumb","itemListElement":[{"@type":"ListItem","position":1,"name":"Home","item":"https:\/\/buildzair.com\/"},{"@type":"ListItem","position":2,"name":"Shop","item":"https:\/\/buildzair.com\/shop\/"},{"@type":"ListItem","position":3,"name":"\u0647\u0646\u062f\u0633\u0629 \u0645\u062f\u0646\u064a\u0629","item":"https:\/\/buildzair.com\/ar\/product-category\/%d9%87%d9%86%d8%af%d8%b3%d8%a9-%d9%85%d8%af%d9%86%d9%8a%d8%a9\/"},{"@type":"ListItem","position":4,"name":"\u062f\u0631\u0627\u0633\u0629 \u0648 \u062a\u0635\u0645\u064a\u0645 \u0627\u0644\u0647\u064a\u0627\u0643\u0644 \u0627\u0644\u062e\u0631\u0633\u0627\u0646\u064a\u0629","item":"https:\/\/buildzair.com\/product-category\/%d9%87%d9%86%d8%af%d8%b3%d8%a9-%d9%85%d8%af%d9%86%d9%8a%d8%a9\/%d8%af%d8%b1%d8%a7%d8%b3%d8%a9-%d9%88-%d8%aa%d8%b5%d9%85%d9%8a%d9%85-%d8%a7%d9%84%d9%87%d9%8a%d8%a7%d9%83%d9%84-%d8%a7%d9%84%d8%ae%d8%b1%d8%b3%d8%a7%d9%86%d9%8a%d8%a9\/"},{"@type":"ListItem","position":5,"name":"\u0627\u0644\u062a\u0634\u062e\u064a\u0635 \u0648\u0627\u0644\u062e\u0628\u0631\u0629 \u0627\u0644\u062a\u0642\u0646\u064a\u0629 \u0644\u0644\u0645\u0646\u0634\u0622\u062a"}]},{"@type":"WebSite","@id":"https:\/\/buildzair.com\/#website","url":"https:\/\/buildzair.com\/","name":"BuilDzair","description":"\u0645\u0646\u0635\u0629 \u0631\u0642\u0645\u064a\u0629 \u0644\u0631\u0628\u0637 \u0623\u0635\u062d\u0627\u0628 \u0627\u0644\u0645\u0634\u0627\u0631\u064a\u0639 \u0628\u0645\u0647\u0646\u062f\u0633\u064a \u0648\u0645\u062e\u062a\u0635\u064a \u0627\u0644\u0628\u0646\u0627\u0621 \u0648\u0627\u0644\u062f\u0631\u0627\u0633\u0627\u062a \u0641\u064a \u0627\u0644\u062c\u0632\u0627\u0626\u0631","publisher":{"@id":"https:\/\/buildzair.com\/#organization"},"potentialAction":[{"@type":"SearchAction","target":{"@type":"EntryPoint","urlTemplate":"https:\/\/buildzair.com\/?s={search_term_string}"},"query-input":{"@type":"PropertyValueSpecification","valueRequired":true,"valueName":"search_term_string"}}],"inLanguage":"fr-FR"},{"@type":"Organization","@id":"https:\/\/buildzair.com\/#organization","name":"BuilDzair","url":"https:\/\/buildzair.com\/","logo":{"@type":"ImageObject","inLanguage":"fr-FR","@id":"https:\/\/buildzair.com\/#\/schema\/logo\/image\/","url":"https:\/\/buildzair.com\/wp-content\/uploads\/2025\/01\/LOGO-BUILD4.png","contentUrl":"https:\/\/buildzair.com\/wp-content\/uploads\/2025\/01\/LOGO-BUILD4.png","width":800,"height":200,"caption":"BuilDzair"},"image":{"@id":"https:\/\/buildzair.com\/#\/schema\/logo\/image\/"},"sameAs":["https:\/\/www.facebook.com\/BuilDzair\/","https:\/\/www.linkedin.com\/in\/buildzair\/"]}]}},"_links":{"self":[{"href":"https:\/\/buildzair.com\/fr\/wp-json\/wp\/v2\/product\/16886","targetHints":{"allow":["GET"]}}],"collection":[{"href":"https:\/\/buildzair.com\/fr\/wp-json\/wp\/v2\/product"}],"about":[{"href":"https:\/\/buildzair.com\/fr\/wp-json\/wp\/v2\/types\/product"}],"author":[{"embeddable":true,"href":"https:\/\/buildzair.com\/fr\/wp-json\/wp\/v2\/users\/2"}],"replies":[{"embeddable":true,"href":"https:\/\/buildzair.com\/fr\/wp-json\/wp\/v2\/comments?post=16886"}],"wp:featuredmedia":[{"embeddable":true,"href":"https:\/\/buildzair.com\/fr\/wp-json\/wp\/v2\/media\/16889"}],"wp:attachment":[{"href":"https:\/\/buildzair.com\/fr\/wp-json\/wp\/v2\/media?parent=16886"}],"wp:term":[{"taxonomy":"product_brand","embeddable":true,"href":"https:\/\/buildzair.com\/fr\/wp-json\/wp\/v2\/product_brand?post=16886"},{"taxonomy":"product_cat","embeddable":true,"href":"https:\/\/buildzair.com\/fr\/wp-json\/wp\/v2\/product_cat?post=16886"},{"taxonomy":"product_tag","embeddable":true,"href":"https:\/\/buildzair.com\/fr\/wp-json\/wp\/v2\/product_tag?post=16886"},{"taxonomy":"languages","embeddable":true,"href":"https:\/\/buildzair.com\/fr\/wp-json\/wp\/v2\/languages?post=16886"},{"taxonomy":"duration","embeddable":true,"href":"https:\/\/buildzair.com\/fr\/wp-json\/wp\/v2\/duration?post=16886"},{"taxonomy":"expertise_level","embeddable":true,"href":"https:\/\/buildzair.com\/fr\/wp-json\/wp\/v2\/expertise_level?post=16886"},{"taxonomy":"skills","embeddable":true,"href":"https:\/\/buildzair.com\/fr\/wp-json\/wp\/v2\/skills?post=16886"},{"taxonomy":"delivery_time","embeddable":true,"href":"https:\/\/buildzair.com\/fr\/wp-json\/wp\/v2\/delivery_time?post=16886"}],"curies":[{"name":"wp","href":"https:\/\/api.w.org\/{rel}","templated":true}]}}