{"id":16513,"date":"2025-12-24T15:56:07","date_gmt":"2025-12-24T14:56:07","guid":{"rendered":"https:\/\/buildzair.com\/fr\/?post_type=product&#038;p=16513"},"modified":"2025-12-24T15:56:07","modified_gmt":"2025-12-24T14:56:07","slug":"conception-3d-dune-entree-dune-societe","status":"publish","type":"product","link":"https:\/\/buildzair.com\/fr\/produit\/conception-3d-dune-entree-dune-societe\/","title":{"rendered":"Conception 3d d&#8217;une entr\u00e9e d&#8217;une soci\u00e9t\u00e9"},"content":{"rendered":"<ol>\n<li>Le projet consiste \u00e0 r\u00e9aliser une conception 3D de l&#8217;entr\u00e9e d&#8217;une soci\u00e9t\u00e9. L&#8217;objectif est de cr\u00e9er un espace accueillant et esth\u00e9tique pour les visiteurs, tout en refl\u00e9tant l&#8217;image de marque de l&#8217;entreprise. La conception 3D permettra de visualiser l&#8217;am\u00e9nagement de l&#8217;entr\u00e9e, en int\u00e9grant des \u00e9l\u00e9ments tels que le mobilier, la signal\u00e9tique, l&#8217;\u00e9clairage, les plantes, etc. L&#8217;objectif est de cr\u00e9er une ambiance chaleureuse et professionnelle, tout en optimisant l&#8217;espace disponible. Les diff\u00e9rentes \u00e9tapes du projet incluront la mod\u00e9lisation 3D de l&#8217;entr\u00e9e, la s\u00e9lection et l&#8217;int\u00e9gration des \u00e9l\u00e9ments de d\u00e9coration, la mise en place de l&#8217;\u00e9clairage, ainsi que la cr\u00e9ation d&#8217;une ambiance coh\u00e9rente avec l&#8217;identit\u00e9 de l&#8217;entreprise. La conception 3D permettra \u00e9galement de visualiser le rendu final de l&#8217;entr\u00e9e, ce qui facilitera la prise de d\u00e9cision et l&#8217;ajustement des \u00e9l\u00e9ments selon les besoins et les pr\u00e9f\u00e9rences de l&#8217;entreprise.<\/li>\n<\/ol>","protected":false},"excerpt":{"rendered":"<p>Le projet consiste \u00e0 r\u00e9aliser une conception 3D de l&#8217;entr\u00e9e d&#8217;une soci\u00e9t\u00e9. L&#8217;objectif est de cr\u00e9er un espace accueillant et esth\u00e9tique pour les visiteurs, tout en refl\u00e9tant l&#8217;image de marque de l&#8217;entreprise. La conception 3D permettra de visualiser l&#8217;am\u00e9nagement de l&#8217;entr\u00e9e, en int\u00e9grant des \u00e9l\u00e9ments tels que le mobilier, la signal\u00e9tique,&#8230;<\/p>","protected":false},"author":3,"featured_media":0,"comment_status":"open","ping_status":"closed","template":"","meta":{"_acf_changed":false},"product_brand":[],"product_cat":[253,229],"product_tag":[],"languages":[],"duration":[245],"expertise_level":[],"skills":[205,203],"delivery_time":[],"class_list":{"0":"post-16513","1":"product","2":"type-product","3":"status-publish","5":"product_cat-253","6":"product_cat-229","7":"duration-245","8":"skills-autocad","9":"skills-archicad","11":"first","12":"instock","13":"shipping-taxable","14":"product-type-projects"},"acf":[],"yoast_head":"<!-- This site is optimized with the Yoast SEO plugin v27.4 - https:\/\/yoast.com\/product\/yoast-seo-wordpress\/ -->\n<title>Conception 3d d&#039;une entr\u00e9e d&#039;une soci\u00e9t\u00e9 - BuilDzair<\/title>\n<meta name=\"robots\" content=\"index, follow, max-snippet:-1, max-image-preview:large, max-video-preview:-1\" \/>\n<link rel=\"canonical\" href=\"https:\/\/buildzair.com\/fr\/produit\/conception-3d-dune-entree-dune-societe\/\" \/>\n<meta property=\"og:locale\" content=\"fr_FR\" \/>\n<meta property=\"og:type\" content=\"article\" \/>\n<meta property=\"og:title\" content=\"Conception 3d d&#039;une entr\u00e9e d&#039;une soci\u00e9t\u00e9 - BuilDzair\" \/>\n<meta property=\"og:description\" content=\"Le projet consiste \u00e0 r\u00e9aliser une conception 3D de l&#8217;entr\u00e9e d&#8217;une soci\u00e9t\u00e9. L&#8217;objectif est de cr\u00e9er un espace accueillant et esth\u00e9tique pour les visiteurs, tout en refl\u00e9tant l&#8217;image de marque de l&#8217;entreprise. La conception 3D permettra de visualiser l&#8217;am\u00e9nagement de l&#8217;entr\u00e9e, en int\u00e9grant des \u00e9l\u00e9ments tels que le mobilier, la signal\u00e9tique,...\" \/>\n<meta property=\"og:url\" content=\"https:\/\/buildzair.com\/fr\/produit\/conception-3d-dune-entree-dune-societe\/\" \/>\n<meta property=\"og:site_name\" content=\"BuilDzair\" \/>\n<meta property=\"article:publisher\" content=\"https:\/\/www.facebook.com\/BuilDzair\/\" \/>\n<meta property=\"og:image\" content=\"https:\/\/buildzair.com\/wp-content\/uploads\/2025\/02\/build-hom2.jpg?v=1739745777\" \/>\n\t<meta property=\"og:image:width\" content=\"1306\" \/>\n\t<meta property=\"og:image:height\" content=\"628\" \/>\n\t<meta property=\"og:image:type\" content=\"image\/jpeg\" \/>\n<meta name=\"twitter:card\" content=\"summary_large_image\" \/>\n<meta name=\"twitter:label1\" content=\"Dur\u00e9e de lecture estim\u00e9e\" \/>\n\t<meta name=\"twitter:data1\" content=\"1 minute\" \/>\n<script type=\"application\/ld+json\" class=\"yoast-schema-graph\">{\"@context\":\"https:\\\/\\\/schema.org\",\"@graph\":[{\"@type\":\"WebPage\",\"@id\":\"https:\\\/\\\/buildzair.com\\\/fr\\\/produit\\\/conception-3d-dune-entree-dune-societe\\\/\",\"url\":\"https:\\\/\\\/buildzair.com\\\/fr\\\/produit\\\/conception-3d-dune-entree-dune-societe\\\/\",\"name\":\"Conception 3d d'une entr\u00e9e d'une soci\u00e9t\u00e9 - BuilDzair\",\"isPartOf\":{\"@id\":\"https:\\\/\\\/buildzair.com\\\/#website\"},\"datePublished\":\"2025-12-24T14:56:07+00:00\",\"breadcrumb\":{\"@id\":\"https:\\\/\\\/buildzair.com\\\/fr\\\/produit\\\/conception-3d-dune-entree-dune-societe\\\/#breadcrumb\"},\"inLanguage\":\"fr-FR\",\"potentialAction\":[{\"@type\":\"ReadAction\",\"target\":[\"https:\\\/\\\/buildzair.com\\\/fr\\\/produit\\\/conception-3d-dune-entree-dune-societe\\\/\"]}]},{\"@type\":\"BreadcrumbList\",\"@id\":\"https:\\\/\\\/buildzair.com\\\/fr\\\/produit\\\/conception-3d-dune-entree-dune-societe\\\/#breadcrumb\",\"itemListElement\":[{\"@type\":\"ListItem\",\"position\":1,\"name\":\"Home\",\"item\":\"https:\\\/\\\/buildzair.com\\\/\"},{\"@type\":\"ListItem\",\"position\":2,\"name\":\"Shop\",\"item\":\"https:\\\/\\\/buildzair.com\\\/shop\\\/\"},{\"@type\":\"ListItem\",\"position\":3,\"name\":\"\u0647\u0646\u062f\u0633\u0629 \u0645\u0639\u0645\u0627\u0631\u064a\u0629\",\"item\":\"https:\\\/\\\/buildzair.com\\\/product-category\\\/%d9%87%d9%86%d8%af%d8%b3%d8%a9-%d9%85%d8%b9%d9%85%d8%a7%d8%b1%d9%8a%d8%a9\\\/\"},{\"@type\":\"ListItem\",\"position\":4,\"name\":\"\u062a\u0635\u0645\u064a\u0645 \u0627\u0644\u062d\u062f\u0627\u0626\u0642 \u0648 \u0627\u0644\u0645\u0633\u0627\u062d\u0627\u062a\",\"item\":\"https:\\\/\\\/buildzair.com\\\/product-category\\\/%d9%87%d9%86%d8%af%d8%b3%d8%a9-%d9%85%d8%b9%d9%85%d8%a7%d8%b1%d9%8a%d8%a9\\\/%d8%aa%d8%b5%d9%85%d9%8a%d9%85-%d8%a7%d9%84%d8%ad%d8%af%d8%a7%d8%a6%d9%82-%d9%88-%d8%a7%d9%84%d9%85%d8%b3%d8%a7%d8%ad%d8%a7%d8%aa\\\/\"},{\"@type\":\"ListItem\",\"position\":5,\"name\":\"Conception 3d d&#8217;une entr\u00e9e d&#8217;une soci\u00e9t\u00e9\"}]},{\"@type\":\"WebSite\",\"@id\":\"https:\\\/\\\/buildzair.com\\\/#website\",\"url\":\"https:\\\/\\\/buildzair.com\\\/\",\"name\":\"BuilDzair\",\"description\":\"\u0645\u0646\u0635\u0629 \u0631\u0642\u0645\u064a\u0629 \u0644\u0631\u0628\u0637 \u0623\u0635\u062d\u0627\u0628 \u0627\u0644\u0645\u0634\u0627\u0631\u064a\u0639 \u0628\u0645\u0647\u0646\u062f\u0633\u064a \u0648\u0645\u062e\u062a\u0635\u064a \u0627\u0644\u0628\u0646\u0627\u0621 \u0648\u0627\u0644\u062f\u0631\u0627\u0633\u0627\u062a \u0641\u064a \u0627\u0644\u062c\u0632\u0627\u0626\u0631\",\"publisher\":{\"@id\":\"https:\\\/\\\/buildzair.com\\\/#organization\"},\"potentialAction\":[{\"@type\":\"SearchAction\",\"target\":{\"@type\":\"EntryPoint\",\"urlTemplate\":\"https:\\\/\\\/buildzair.com\\\/?s={search_term_string}\"},\"query-input\":{\"@type\":\"PropertyValueSpecification\",\"valueRequired\":true,\"valueName\":\"search_term_string\"}}],\"inLanguage\":\"fr-FR\"},{\"@type\":\"Organization\",\"@id\":\"https:\\\/\\\/buildzair.com\\\/#organization\",\"name\":\"BuilDzair\",\"url\":\"https:\\\/\\\/buildzair.com\\\/\",\"logo\":{\"@type\":\"ImageObject\",\"inLanguage\":\"fr-FR\",\"@id\":\"https:\\\/\\\/buildzair.com\\\/#\\\/schema\\\/logo\\\/image\\\/\",\"url\":\"https:\\\/\\\/buildzair.com\\\/wp-content\\\/uploads\\\/2025\\\/01\\\/LOGO-BUILD4.png\",\"contentUrl\":\"https:\\\/\\\/buildzair.com\\\/wp-content\\\/uploads\\\/2025\\\/01\\\/LOGO-BUILD4.png\",\"width\":800,\"height\":200,\"caption\":\"BuilDzair\"},\"image\":{\"@id\":\"https:\\\/\\\/buildzair.com\\\/#\\\/schema\\\/logo\\\/image\\\/\"},\"sameAs\":[\"https:\\\/\\\/www.facebook.com\\\/BuilDzair\\\/\",\"https:\\\/\\\/www.linkedin.com\\\/in\\\/buildzair\\\/\"]}]}<\/script>\n<!-- \/ Yoast SEO plugin. -->","yoast_head_json":{"title":"Conception 3d d'une entr\u00e9e d'une soci\u00e9t\u00e9 - BuilDzair","robots":{"index":"index","follow":"follow","max-snippet":"max-snippet:-1","max-image-preview":"max-image-preview:large","max-video-preview":"max-video-preview:-1"},"canonical":"https:\/\/buildzair.com\/fr\/produit\/conception-3d-dune-entree-dune-societe\/","og_locale":"fr_FR","og_type":"article","og_title":"Conception 3d d'une entr\u00e9e d'une soci\u00e9t\u00e9 - BuilDzair","og_description":"Le projet consiste \u00e0 r\u00e9aliser une conception 3D de l&#8217;entr\u00e9e d&#8217;une soci\u00e9t\u00e9. L&#8217;objectif est de cr\u00e9er un espace accueillant et esth\u00e9tique pour les visiteurs, tout en refl\u00e9tant l&#8217;image de marque de l&#8217;entreprise. La conception 3D permettra de visualiser l&#8217;am\u00e9nagement de l&#8217;entr\u00e9e, en int\u00e9grant des \u00e9l\u00e9ments tels que le mobilier, la signal\u00e9tique,...","og_url":"https:\/\/buildzair.com\/fr\/produit\/conception-3d-dune-entree-dune-societe\/","og_site_name":"BuilDzair","article_publisher":"https:\/\/www.facebook.com\/BuilDzair\/","og_image":[{"width":1306,"height":628,"url":"https:\/\/buildzair.com\/wp-content\/uploads\/2025\/02\/build-hom2.jpg?v=1739745777","type":"image\/jpeg"}],"twitter_card":"summary_large_image","twitter_misc":{"Dur\u00e9e de lecture estim\u00e9e":"1 minute"},"schema":{"@context":"https:\/\/schema.org","@graph":[{"@type":"WebPage","@id":"https:\/\/buildzair.com\/fr\/produit\/conception-3d-dune-entree-dune-societe\/","url":"https:\/\/buildzair.com\/fr\/produit\/conception-3d-dune-entree-dune-societe\/","name":"Conception 3d d'une entr\u00e9e d'une soci\u00e9t\u00e9 - BuilDzair","isPartOf":{"@id":"https:\/\/buildzair.com\/#website"},"datePublished":"2025-12-24T14:56:07+00:00","breadcrumb":{"@id":"https:\/\/buildzair.com\/fr\/produit\/conception-3d-dune-entree-dune-societe\/#breadcrumb"},"inLanguage":"fr-FR","potentialAction":[{"@type":"ReadAction","target":["https:\/\/buildzair.com\/fr\/produit\/conception-3d-dune-entree-dune-societe\/"]}]},{"@type":"BreadcrumbList","@id":"https:\/\/buildzair.com\/fr\/produit\/conception-3d-dune-entree-dune-societe\/#breadcrumb","itemListElement":[{"@type":"ListItem","position":1,"name":"Home","item":"https:\/\/buildzair.com\/"},{"@type":"ListItem","position":2,"name":"Shop","item":"https:\/\/buildzair.com\/shop\/"},{"@type":"ListItem","position":3,"name":"\u0647\u0646\u062f\u0633\u0629 \u0645\u0639\u0645\u0627\u0631\u064a\u0629","item":"https:\/\/buildzair.com\/product-category\/%d9%87%d9%86%d8%af%d8%b3%d8%a9-%d9%85%d8%b9%d9%85%d8%a7%d8%b1%d9%8a%d8%a9\/"},{"@type":"ListItem","position":4,"name":"\u062a\u0635\u0645\u064a\u0645 \u0627\u0644\u062d\u062f\u0627\u0626\u0642 \u0648 \u0627\u0644\u0645\u0633\u0627\u062d\u0627\u062a","item":"https:\/\/buildzair.com\/product-category\/%d9%87%d9%86%d8%af%d8%b3%d8%a9-%d9%85%d8%b9%d9%85%d8%a7%d8%b1%d9%8a%d8%a9\/%d8%aa%d8%b5%d9%85%d9%8a%d9%85-%d8%a7%d9%84%d8%ad%d8%af%d8%a7%d8%a6%d9%82-%d9%88-%d8%a7%d9%84%d9%85%d8%b3%d8%a7%d8%ad%d8%a7%d8%aa\/"},{"@type":"ListItem","position":5,"name":"Conception 3d d&#8217;une entr\u00e9e d&#8217;une soci\u00e9t\u00e9"}]},{"@type":"WebSite","@id":"https:\/\/buildzair.com\/#website","url":"https:\/\/buildzair.com\/","name":"BuilDzair","description":"\u0645\u0646\u0635\u0629 \u0631\u0642\u0645\u064a\u0629 \u0644\u0631\u0628\u0637 \u0623\u0635\u062d\u0627\u0628 \u0627\u0644\u0645\u0634\u0627\u0631\u064a\u0639 \u0628\u0645\u0647\u0646\u062f\u0633\u064a \u0648\u0645\u062e\u062a\u0635\u064a \u0627\u0644\u0628\u0646\u0627\u0621 \u0648\u0627\u0644\u062f\u0631\u0627\u0633\u0627\u062a \u0641\u064a \u0627\u0644\u062c\u0632\u0627\u0626\u0631","publisher":{"@id":"https:\/\/buildzair.com\/#organization"},"potentialAction":[{"@type":"SearchAction","target":{"@type":"EntryPoint","urlTemplate":"https:\/\/buildzair.com\/?s={search_term_string}"},"query-input":{"@type":"PropertyValueSpecification","valueRequired":true,"valueName":"search_term_string"}}],"inLanguage":"fr-FR"},{"@type":"Organization","@id":"https:\/\/buildzair.com\/#organization","name":"BuilDzair","url":"https:\/\/buildzair.com\/","logo":{"@type":"ImageObject","inLanguage":"fr-FR","@id":"https:\/\/buildzair.com\/#\/schema\/logo\/image\/","url":"https:\/\/buildzair.com\/wp-content\/uploads\/2025\/01\/LOGO-BUILD4.png","contentUrl":"https:\/\/buildzair.com\/wp-content\/uploads\/2025\/01\/LOGO-BUILD4.png","width":800,"height":200,"caption":"BuilDzair"},"image":{"@id":"https:\/\/buildzair.com\/#\/schema\/logo\/image\/"},"sameAs":["https:\/\/www.facebook.com\/BuilDzair\/","https:\/\/www.linkedin.com\/in\/buildzair\/"]}]}},"_links":{"self":[{"href":"https:\/\/buildzair.com\/fr\/wp-json\/wp\/v2\/product\/16513","targetHints":{"allow":["GET"]}}],"collection":[{"href":"https:\/\/buildzair.com\/fr\/wp-json\/wp\/v2\/product"}],"about":[{"href":"https:\/\/buildzair.com\/fr\/wp-json\/wp\/v2\/types\/product"}],"author":[{"embeddable":true,"href":"https:\/\/buildzair.com\/fr\/wp-json\/wp\/v2\/users\/3"}],"replies":[{"embeddable":true,"href":"https:\/\/buildzair.com\/fr\/wp-json\/wp\/v2\/comments?post=16513"}],"wp:attachment":[{"href":"https:\/\/buildzair.com\/fr\/wp-json\/wp\/v2\/media?parent=16513"}],"wp:term":[{"taxonomy":"product_brand","embeddable":true,"href":"https:\/\/buildzair.com\/fr\/wp-json\/wp\/v2\/product_brand?post=16513"},{"taxonomy":"product_cat","embeddable":true,"href":"https:\/\/buildzair.com\/fr\/wp-json\/wp\/v2\/product_cat?post=16513"},{"taxonomy":"product_tag","embeddable":true,"href":"https:\/\/buildzair.com\/fr\/wp-json\/wp\/v2\/product_tag?post=16513"},{"taxonomy":"languages","embeddable":true,"href":"https:\/\/buildzair.com\/fr\/wp-json\/wp\/v2\/languages?post=16513"},{"taxonomy":"duration","embeddable":true,"href":"https:\/\/buildzair.com\/fr\/wp-json\/wp\/v2\/duration?post=16513"},{"taxonomy":"expertise_level","embeddable":true,"href":"https:\/\/buildzair.com\/fr\/wp-json\/wp\/v2\/expertise_level?post=16513"},{"taxonomy":"skills","embeddable":true,"href":"https:\/\/buildzair.com\/fr\/wp-json\/wp\/v2\/skills?post=16513"},{"taxonomy":"delivery_time","embeddable":true,"href":"https:\/\/buildzair.com\/fr\/wp-json\/wp\/v2\/delivery_time?post=16513"}],"curies":[{"name":"wp","href":"https:\/\/api.w.org\/{rel}","templated":true}]}}