{"id":15974,"date":"2025-04-04T18:41:48","date_gmt":"2025-04-04T17:41:48","guid":{"rendered":"https:\/\/buildzair.com\/fr\/?post_type=product&#038;p=15974"},"modified":"2026-01-18T19:47:55","modified_gmt":"2026-01-18T18:47:55","slug":"conception-architecturale-personnalisee-des-villas","status":"publish","type":"product","link":"https:\/\/buildzair.com\/fr\/produit\/conception-architecturale-personnalisee-des-villas\/","title":{"rendered":"Conception Architecturale Personnalis\u00e9e des Villas"},"content":{"rendered":"<p>Offrez \u00e0 votre futur chez-vous une identit\u00e9 unique gr\u00e2ce \u00e0 un <strong>design architectural sur mesure<\/strong>. Je vous accompagne dans toutes les \u00e9tapes de la conception de votre villa : de l\u2019\u00e9tude de vos besoins jusqu\u2019aux plans d\u00e9taill\u00e9s conformes aux normes locales. Optimisation des espaces, esth\u00e9tique moderne ou traditionnelle, int\u00e9gration au terrain et au climat \u2014 chaque projet est con\u00e7u avec soin pour allier <strong>confort, fonctionnalit\u00e9 et \u00e9l\u00e9gance<\/strong>.<br \/>\n\ud83d\udcd0 <strong>Inclus dans le service :<\/strong><\/p>\n<ul>\n<li class=\"\">\n\u00c9tude architecturale personnalis\u00e9e\n<\/li>\n<li class=\"\">\nPlans 2D et mod\u00e9lisation 3D\n<\/li>\n<li>Fa\u00e7ades et coupes<\/li>\n<li class=\"\">\nAdaptation au terrain\n<\/li>\n<li class=\"\">\nAccompagnement dans vos choix techniques et esth\u00e9tiques\n<\/li>\n<\/ul>\n<p>Faites de votre villa un espace de vie exceptionnel.<br \/><strong>Commandez votre \u00e9tude d\u00e8s maintenant sur Buildzair<\/strong><\/p>","protected":false},"excerpt":{"rendered":"<p>Offrez \u00e0 votre futur chez-vous une identit\u00e9 unique gr\u00e2ce \u00e0 un design architectural sur mesure. Je vous accompagne dans toutes les \u00e9tapes de la conception de votre villa : de l\u2019\u00e9tude de vos besoins jusqu\u2019aux plans d\u00e9taill\u00e9s conformes aux normes locales. Optimisation des espaces, esth\u00e9tique moderne ou traditionnelle, int\u00e9gration au terrain&#8230;<\/p>","protected":false},"author":10,"featured_media":15975,"comment_status":"open","ping_status":"closed","template":"","meta":{"_acf_changed":false},"product_brand":[],"product_cat":[227,253],"product_tag":[283,284],"languages":[],"duration":[],"expertise_level":[310],"skills":[],"delivery_time":[278,277,276],"class_list":{"0":"post-15974","1":"product","2":"type-product","3":"status-publish","4":"has-post-thumbnail","6":"product_cat-227","7":"product_cat-253","8":"product_tag-architecture","9":"product_tag-plan-de-villas","10":"expertise_level-310","11":"delivery_time-3-","12":"delivery_time-5-","13":"delivery_time-276","15":"first","16":"instock","17":"shipping-taxable","18":"purchasable","19":"product-type-tasks"},"acf":[],"yoast_head":"<!-- This site is optimized with the Yoast SEO plugin v27.4 - https:\/\/yoast.com\/product\/yoast-seo-wordpress\/ -->\n<title>Conception Architecturale Personnalis\u00e9e des Villas - BuilDzair<\/title>\n<meta name=\"robots\" content=\"index, follow, max-snippet:-1, max-image-preview:large, max-video-preview:-1\" \/>\n<link rel=\"canonical\" href=\"https:\/\/buildzair.com\/fr\/produit\/conception-architecturale-personnalisee-des-villas\/\" \/>\n<meta property=\"og:locale\" content=\"fr_FR\" \/>\n<meta property=\"og:type\" content=\"article\" \/>\n<meta property=\"og:title\" content=\"Conception Architecturale Personnalis\u00e9e des Villas - BuilDzair\" \/>\n<meta property=\"og:description\" content=\"Offrez \u00e0 votre futur chez-vous une identit\u00e9 unique gr\u00e2ce \u00e0 un design architectural sur mesure. Je vous accompagne dans toutes les \u00e9tapes de la conception de votre villa : de l\u2019\u00e9tude de vos besoins jusqu\u2019aux plans d\u00e9taill\u00e9s conformes aux normes locales. Optimisation des espaces, esth\u00e9tique moderne ou traditionnelle, int\u00e9gration au terrain...\" \/>\n<meta property=\"og:url\" content=\"https:\/\/buildzair.com\/fr\/produit\/conception-architecturale-personnalisee-des-villas\/\" \/>\n<meta property=\"og:site_name\" content=\"BuilDzair\" \/>\n<meta property=\"article:publisher\" content=\"https:\/\/www.facebook.com\/BuilDzair\/\" \/>\n<meta property=\"article:modified_time\" content=\"2026-01-18T18:47:55+00:00\" \/>\n<meta property=\"og:image\" content=\"https:\/\/buildzair.com\/wp-content\/uploads\/2025\/04\/=QzN5UTMe5VeltmY05lXMFEVJZ0XSR0Qf10TE1SM3QzM3gDO0kTO.JPG\" \/>\n\t<meta property=\"og:image:width\" content=\"1294\" \/>\n\t<meta property=\"og:image:height\" content=\"498\" \/>\n\t<meta property=\"og:image:type\" content=\"image\/jpeg\" \/>\n<meta name=\"twitter:card\" content=\"summary_large_image\" \/>\n<meta name=\"twitter:label1\" content=\"Dur\u00e9e de lecture estim\u00e9e\" \/>\n\t<meta name=\"twitter:data1\" content=\"1 minute\" \/>\n<script type=\"application\/ld+json\" class=\"yoast-schema-graph\">{\"@context\":\"https:\\\/\\\/schema.org\",\"@graph\":[{\"@type\":\"WebPage\",\"@id\":\"https:\\\/\\\/buildzair.com\\\/product\\\/conception-architecturale-personnalisee-des-villas\\\/\",\"url\":\"https:\\\/\\\/buildzair.com\\\/product\\\/conception-architecturale-personnalisee-des-villas\\\/\",\"name\":\"Conception Architecturale Personnalis\u00e9e des Villas - BuilDzair\",\"isPartOf\":{\"@id\":\"https:\\\/\\\/buildzair.com\\\/#website\"},\"primaryImageOfPage\":{\"@id\":\"https:\\\/\\\/buildzair.com\\\/product\\\/conception-architecturale-personnalisee-des-villas\\\/#primaryimage\"},\"image\":{\"@id\":\"https:\\\/\\\/buildzair.com\\\/product\\\/conception-architecturale-personnalisee-des-villas\\\/#primaryimage\"},\"thumbnailUrl\":\"https:\\\/\\\/buildzair.com\\\/wp-content\\\/uploads\\\/2025\\\/04\\\/=QzN5UTMe5VeltmY05lXMFEVJZ0XSR0Qf10TE1SM3QzM3gDO0kTO.JPG\",\"datePublished\":\"2025-04-04T17:41:48+00:00\",\"dateModified\":\"2026-01-18T18:47:55+00:00\",\"breadcrumb\":{\"@id\":\"https:\\\/\\\/buildzair.com\\\/product\\\/conception-architecturale-personnalisee-des-villas\\\/#breadcrumb\"},\"inLanguage\":\"fr-FR\",\"potentialAction\":[{\"@type\":\"ReadAction\",\"target\":[\"https:\\\/\\\/buildzair.com\\\/product\\\/conception-architecturale-personnalisee-des-villas\\\/\"]}]},{\"@type\":\"ImageObject\",\"inLanguage\":\"fr-FR\",\"@id\":\"https:\\\/\\\/buildzair.com\\\/product\\\/conception-architecturale-personnalisee-des-villas\\\/#primaryimage\",\"url\":\"https:\\\/\\\/buildzair.com\\\/wp-content\\\/uploads\\\/2025\\\/04\\\/=QzN5UTMe5VeltmY05lXMFEVJZ0XSR0Qf10TE1SM3QzM3gDO0kTO.JPG\",\"contentUrl\":\"https:\\\/\\\/buildzair.com\\\/wp-content\\\/uploads\\\/2025\\\/04\\\/=QzN5UTMe5VeltmY05lXMFEVJZ0XSR0Qf10TE1SM3QzM3gDO0kTO.JPG\",\"width\":1294,\"height\":498},{\"@type\":\"BreadcrumbList\",\"@id\":\"https:\\\/\\\/buildzair.com\\\/product\\\/conception-architecturale-personnalisee-des-villas\\\/#breadcrumb\",\"itemListElement\":[{\"@type\":\"ListItem\",\"position\":1,\"name\":\"Home\",\"item\":\"https:\\\/\\\/buildzair.com\\\/\"},{\"@type\":\"ListItem\",\"position\":2,\"name\":\"Shop\",\"item\":\"https:\\\/\\\/buildzair.com\\\/shop\\\/\"},{\"@type\":\"ListItem\",\"position\":3,\"name\":\"\u0647\u0646\u062f\u0633\u0629 \u0645\u0639\u0645\u0627\u0631\u064a\u0629\",\"item\":\"https:\\\/\\\/buildzair.com\\\/product-category\\\/%d9%87%d9%86%d8%af%d8%b3%d8%a9-%d9%85%d8%b9%d9%85%d8%a7%d8%b1%d9%8a%d8%a9\\\/\"},{\"@type\":\"ListItem\",\"position\":4,\"name\":\"\u062a\u0635\u0645\u064a\u0645 \u0645\u0639\u0645\u0627\u0631\u064a \u0644\u0644\u0645\u0628\u0627\u0646\u064a\",\"item\":\"https:\\\/\\\/buildzair.com\\\/product-category\\\/%d9%87%d9%86%d8%af%d8%b3%d8%a9-%d9%85%d8%b9%d9%85%d8%a7%d8%b1%d9%8a%d8%a9\\\/%d8%aa%d8%b5%d9%85%d9%8a%d9%85-%d9%85%d8%b9%d9%85%d8%a7%d8%b1%d9%8a-%d9%84%d9%84%d9%85%d8%a8%d8%a7%d9%86%d9%8a\\\/\"},{\"@type\":\"ListItem\",\"position\":5,\"name\":\"Conception Architecturale Personnalis\u00e9e des Villas\"}]},{\"@type\":\"WebSite\",\"@id\":\"https:\\\/\\\/buildzair.com\\\/#website\",\"url\":\"https:\\\/\\\/buildzair.com\\\/\",\"name\":\"BuilDzair\",\"description\":\"\u0645\u0646\u0635\u0629 \u0631\u0642\u0645\u064a\u0629 \u0644\u0631\u0628\u0637 \u0623\u0635\u062d\u0627\u0628 \u0627\u0644\u0645\u0634\u0627\u0631\u064a\u0639 \u0628\u0645\u0647\u0646\u062f\u0633\u064a \u0648\u0645\u062e\u062a\u0635\u064a \u0627\u0644\u0628\u0646\u0627\u0621 \u0648\u0627\u0644\u062f\u0631\u0627\u0633\u0627\u062a \u0641\u064a \u0627\u0644\u062c\u0632\u0627\u0626\u0631\",\"publisher\":{\"@id\":\"https:\\\/\\\/buildzair.com\\\/#organization\"},\"potentialAction\":[{\"@type\":\"SearchAction\",\"target\":{\"@type\":\"EntryPoint\",\"urlTemplate\":\"https:\\\/\\\/buildzair.com\\\/?s={search_term_string}\"},\"query-input\":{\"@type\":\"PropertyValueSpecification\",\"valueRequired\":true,\"valueName\":\"search_term_string\"}}],\"inLanguage\":\"fr-FR\"},{\"@type\":\"Organization\",\"@id\":\"https:\\\/\\\/buildzair.com\\\/#organization\",\"name\":\"BuilDzair\",\"url\":\"https:\\\/\\\/buildzair.com\\\/\",\"logo\":{\"@type\":\"ImageObject\",\"inLanguage\":\"fr-FR\",\"@id\":\"https:\\\/\\\/buildzair.com\\\/#\\\/schema\\\/logo\\\/image\\\/\",\"url\":\"https:\\\/\\\/buildzair.com\\\/wp-content\\\/uploads\\\/2025\\\/01\\\/LOGO-BUILD4.png\",\"contentUrl\":\"https:\\\/\\\/buildzair.com\\\/wp-content\\\/uploads\\\/2025\\\/01\\\/LOGO-BUILD4.png\",\"width\":800,\"height\":200,\"caption\":\"BuilDzair\"},\"image\":{\"@id\":\"https:\\\/\\\/buildzair.com\\\/#\\\/schema\\\/logo\\\/image\\\/\"},\"sameAs\":[\"https:\\\/\\\/www.facebook.com\\\/BuilDzair\\\/\",\"https:\\\/\\\/www.linkedin.com\\\/in\\\/buildzair\\\/\"]}]}<\/script>\n<!-- \/ Yoast SEO plugin. -->","yoast_head_json":{"title":"Conception Architecturale Personnalis\u00e9e des Villas - BuilDzair","robots":{"index":"index","follow":"follow","max-snippet":"max-snippet:-1","max-image-preview":"max-image-preview:large","max-video-preview":"max-video-preview:-1"},"canonical":"https:\/\/buildzair.com\/fr\/produit\/conception-architecturale-personnalisee-des-villas\/","og_locale":"fr_FR","og_type":"article","og_title":"Conception Architecturale Personnalis\u00e9e des Villas - BuilDzair","og_description":"Offrez \u00e0 votre futur chez-vous une identit\u00e9 unique gr\u00e2ce \u00e0 un design architectural sur mesure. Je vous accompagne dans toutes les \u00e9tapes de la conception de votre villa : de l\u2019\u00e9tude de vos besoins jusqu\u2019aux plans d\u00e9taill\u00e9s conformes aux normes locales. Optimisation des espaces, esth\u00e9tique moderne ou traditionnelle, int\u00e9gration au terrain...","og_url":"https:\/\/buildzair.com\/fr\/produit\/conception-architecturale-personnalisee-des-villas\/","og_site_name":"BuilDzair","article_publisher":"https:\/\/www.facebook.com\/BuilDzair\/","article_modified_time":"2026-01-18T18:47:55+00:00","og_image":[{"width":1294,"height":498,"url":"https:\/\/buildzair.com\/wp-content\/uploads\/2025\/04\/=QzN5UTMe5VeltmY05lXMFEVJZ0XSR0Qf10TE1SM3QzM3gDO0kTO.JPG","type":"image\/jpeg"}],"twitter_card":"summary_large_image","twitter_misc":{"Dur\u00e9e de lecture estim\u00e9e":"1 minute"},"schema":{"@context":"https:\/\/schema.org","@graph":[{"@type":"WebPage","@id":"https:\/\/buildzair.com\/product\/conception-architecturale-personnalisee-des-villas\/","url":"https:\/\/buildzair.com\/product\/conception-architecturale-personnalisee-des-villas\/","name":"Conception Architecturale Personnalis\u00e9e des Villas - BuilDzair","isPartOf":{"@id":"https:\/\/buildzair.com\/#website"},"primaryImageOfPage":{"@id":"https:\/\/buildzair.com\/product\/conception-architecturale-personnalisee-des-villas\/#primaryimage"},"image":{"@id":"https:\/\/buildzair.com\/product\/conception-architecturale-personnalisee-des-villas\/#primaryimage"},"thumbnailUrl":"https:\/\/buildzair.com\/wp-content\/uploads\/2025\/04\/=QzN5UTMe5VeltmY05lXMFEVJZ0XSR0Qf10TE1SM3QzM3gDO0kTO.JPG","datePublished":"2025-04-04T17:41:48+00:00","dateModified":"2026-01-18T18:47:55+00:00","breadcrumb":{"@id":"https:\/\/buildzair.com\/product\/conception-architecturale-personnalisee-des-villas\/#breadcrumb"},"inLanguage":"fr-FR","potentialAction":[{"@type":"ReadAction","target":["https:\/\/buildzair.com\/product\/conception-architecturale-personnalisee-des-villas\/"]}]},{"@type":"ImageObject","inLanguage":"fr-FR","@id":"https:\/\/buildzair.com\/product\/conception-architecturale-personnalisee-des-villas\/#primaryimage","url":"https:\/\/buildzair.com\/wp-content\/uploads\/2025\/04\/=QzN5UTMe5VeltmY05lXMFEVJZ0XSR0Qf10TE1SM3QzM3gDO0kTO.JPG","contentUrl":"https:\/\/buildzair.com\/wp-content\/uploads\/2025\/04\/=QzN5UTMe5VeltmY05lXMFEVJZ0XSR0Qf10TE1SM3QzM3gDO0kTO.JPG","width":1294,"height":498},{"@type":"BreadcrumbList","@id":"https:\/\/buildzair.com\/product\/conception-architecturale-personnalisee-des-villas\/#breadcrumb","itemListElement":[{"@type":"ListItem","position":1,"name":"Home","item":"https:\/\/buildzair.com\/"},{"@type":"ListItem","position":2,"name":"Shop","item":"https:\/\/buildzair.com\/shop\/"},{"@type":"ListItem","position":3,"name":"\u0647\u0646\u062f\u0633\u0629 \u0645\u0639\u0645\u0627\u0631\u064a\u0629","item":"https:\/\/buildzair.com\/product-category\/%d9%87%d9%86%d8%af%d8%b3%d8%a9-%d9%85%d8%b9%d9%85%d8%a7%d8%b1%d9%8a%d8%a9\/"},{"@type":"ListItem","position":4,"name":"\u062a\u0635\u0645\u064a\u0645 \u0645\u0639\u0645\u0627\u0631\u064a \u0644\u0644\u0645\u0628\u0627\u0646\u064a","item":"https:\/\/buildzair.com\/product-category\/%d9%87%d9%86%d8%af%d8%b3%d8%a9-%d9%85%d8%b9%d9%85%d8%a7%d8%b1%d9%8a%d8%a9\/%d8%aa%d8%b5%d9%85%d9%8a%d9%85-%d9%85%d8%b9%d9%85%d8%a7%d8%b1%d9%8a-%d9%84%d9%84%d9%85%d8%a8%d8%a7%d9%86%d9%8a\/"},{"@type":"ListItem","position":5,"name":"Conception Architecturale Personnalis\u00e9e des Villas"}]},{"@type":"WebSite","@id":"https:\/\/buildzair.com\/#website","url":"https:\/\/buildzair.com\/","name":"BuilDzair","description":"\u0645\u0646\u0635\u0629 \u0631\u0642\u0645\u064a\u0629 \u0644\u0631\u0628\u0637 \u0623\u0635\u062d\u0627\u0628 \u0627\u0644\u0645\u0634\u0627\u0631\u064a\u0639 \u0628\u0645\u0647\u0646\u062f\u0633\u064a \u0648\u0645\u062e\u062a\u0635\u064a \u0627\u0644\u0628\u0646\u0627\u0621 \u0648\u0627\u0644\u062f\u0631\u0627\u0633\u0627\u062a \u0641\u064a \u0627\u0644\u062c\u0632\u0627\u0626\u0631","publisher":{"@id":"https:\/\/buildzair.com\/#organization"},"potentialAction":[{"@type":"SearchAction","target":{"@type":"EntryPoint","urlTemplate":"https:\/\/buildzair.com\/?s={search_term_string}"},"query-input":{"@type":"PropertyValueSpecification","valueRequired":true,"valueName":"search_term_string"}}],"inLanguage":"fr-FR"},{"@type":"Organization","@id":"https:\/\/buildzair.com\/#organization","name":"BuilDzair","url":"https:\/\/buildzair.com\/","logo":{"@type":"ImageObject","inLanguage":"fr-FR","@id":"https:\/\/buildzair.com\/#\/schema\/logo\/image\/","url":"https:\/\/buildzair.com\/wp-content\/uploads\/2025\/01\/LOGO-BUILD4.png","contentUrl":"https:\/\/buildzair.com\/wp-content\/uploads\/2025\/01\/LOGO-BUILD4.png","width":800,"height":200,"caption":"BuilDzair"},"image":{"@id":"https:\/\/buildzair.com\/#\/schema\/logo\/image\/"},"sameAs":["https:\/\/www.facebook.com\/BuilDzair\/","https:\/\/www.linkedin.com\/in\/buildzair\/"]}]}},"_links":{"self":[{"href":"https:\/\/buildzair.com\/fr\/wp-json\/wp\/v2\/product\/15974","targetHints":{"allow":["GET"]}}],"collection":[{"href":"https:\/\/buildzair.com\/fr\/wp-json\/wp\/v2\/product"}],"about":[{"href":"https:\/\/buildzair.com\/fr\/wp-json\/wp\/v2\/types\/product"}],"author":[{"embeddable":true,"href":"https:\/\/buildzair.com\/fr\/wp-json\/wp\/v2\/users\/10"}],"replies":[{"embeddable":true,"href":"https:\/\/buildzair.com\/fr\/wp-json\/wp\/v2\/comments?post=15974"}],"wp:featuredmedia":[{"embeddable":true,"href":"https:\/\/buildzair.com\/fr\/wp-json\/wp\/v2\/media\/15975"}],"wp:attachment":[{"href":"https:\/\/buildzair.com\/fr\/wp-json\/wp\/v2\/media?parent=15974"}],"wp:term":[{"taxonomy":"product_brand","embeddable":true,"href":"https:\/\/buildzair.com\/fr\/wp-json\/wp\/v2\/product_brand?post=15974"},{"taxonomy":"product_cat","embeddable":true,"href":"https:\/\/buildzair.com\/fr\/wp-json\/wp\/v2\/product_cat?post=15974"},{"taxonomy":"product_tag","embeddable":true,"href":"https:\/\/buildzair.com\/fr\/wp-json\/wp\/v2\/product_tag?post=15974"},{"taxonomy":"languages","embeddable":true,"href":"https:\/\/buildzair.com\/fr\/wp-json\/wp\/v2\/languages?post=15974"},{"taxonomy":"duration","embeddable":true,"href":"https:\/\/buildzair.com\/fr\/wp-json\/wp\/v2\/duration?post=15974"},{"taxonomy":"expertise_level","embeddable":true,"href":"https:\/\/buildzair.com\/fr\/wp-json\/wp\/v2\/expertise_level?post=15974"},{"taxonomy":"skills","embeddable":true,"href":"https:\/\/buildzair.com\/fr\/wp-json\/wp\/v2\/skills?post=15974"},{"taxonomy":"delivery_time","embeddable":true,"href":"https:\/\/buildzair.com\/fr\/wp-json\/wp\/v2\/delivery_time?post=15974"}],"curies":[{"name":"wp","href":"https:\/\/api.w.org\/{rel}","templated":true}]}}