{"id":15738,"date":"2025-02-17T00:09:21","date_gmt":"2025-02-16T23:09:21","guid":{"rendered":"https:\/\/buildzair.com\/fr\/?post_type=product&#038;p=15738"},"modified":"2025-02-17T00:09:21","modified_gmt":"2025-02-16T23:09:21","slug":"etude-de-reseau-delectricite-mt-et-bt-pour-usine","status":"publish","type":"product","link":"https:\/\/buildzair.com\/fr\/produit\/etude-de-reseau-delectricite-mt-et-bt-pour-usine\/","title":{"rendered":"Etude de r\u00e9seau d&#8217;\u00e9l\u00e9ctricit\u00e9 MT et BT Pour usine"},"content":{"rendered":"<p>J&#8217;ai besoin en urgence un Ing\u00e9nieur MEP pour une \u00e9tude de r\u00e9seaux d&#8217;\u00e9l\u00e9ctricit\u00e9 MT et BT et \u00e9clairage exterieur pour un usine :Administration et unit\u00e9 du production.<\/p>","protected":false},"excerpt":{"rendered":"<p>J&#8217;ai besoin en urgence un Ing\u00e9nieur MEP pour une \u00e9tude de r\u00e9seaux d&#8217;\u00e9l\u00e9ctricit\u00e9 MT et BT et \u00e9clairage exterieur pour un usine :Administration et unit\u00e9 du production.<\/p>","protected":false},"author":12,"featured_media":0,"comment_status":"open","ping_status":"closed","template":"","meta":{"_acf_changed":false},"product_brand":[],"product_cat":[234,260],"product_tag":[],"languages":[62,224],"duration":[245],"expertise_level":[],"skills":[205],"delivery_time":[],"class_list":{"0":"post-15738","1":"product","2":"type-product","3":"status-publish","5":"product_cat-234","6":"product_cat-mep","7":"languages-french","8":"languages-224","9":"duration-245","10":"skills-autocad","12":"first","13":"instock","14":"shipping-taxable","15":"product-type-projects"},"acf":[],"yoast_head":"<!-- This site is optimized with the Yoast SEO plugin v27.4 - https:\/\/yoast.com\/product\/yoast-seo-wordpress\/ -->\n<title>Etude de r\u00e9seau d&#039;\u00e9l\u00e9ctricit\u00e9 MT et BT Pour usine - BuilDzair<\/title>\n<meta name=\"robots\" content=\"index, follow, max-snippet:-1, max-image-preview:large, max-video-preview:-1\" \/>\n<link rel=\"canonical\" href=\"https:\/\/buildzair.com\/fr\/produit\/etude-de-reseau-delectricite-mt-et-bt-pour-usine\/\" \/>\n<meta property=\"og:locale\" content=\"fr_FR\" \/>\n<meta property=\"og:type\" content=\"article\" \/>\n<meta property=\"og:title\" content=\"Etude de r\u00e9seau d&#039;\u00e9l\u00e9ctricit\u00e9 MT et BT Pour usine - BuilDzair\" \/>\n<meta property=\"og:description\" content=\"J&#8217;ai besoin en urgence un Ing\u00e9nieur MEP pour une \u00e9tude de r\u00e9seaux d&#8217;\u00e9l\u00e9ctricit\u00e9 MT et BT et \u00e9clairage exterieur pour un usine :Administration et unit\u00e9 du production.\" \/>\n<meta property=\"og:url\" content=\"https:\/\/buildzair.com\/fr\/produit\/etude-de-reseau-delectricite-mt-et-bt-pour-usine\/\" \/>\n<meta property=\"og:site_name\" content=\"BuilDzair\" \/>\n<meta property=\"article:publisher\" content=\"https:\/\/www.facebook.com\/BuilDzair\/\" \/>\n<meta property=\"og:image\" content=\"https:\/\/buildzair.com\/wp-content\/uploads\/2025\/02\/build-hom2.jpg?v=1739745777\" \/>\n\t<meta property=\"og:image:width\" content=\"1306\" \/>\n\t<meta property=\"og:image:height\" content=\"628\" \/>\n\t<meta property=\"og:image:type\" content=\"image\/jpeg\" \/>\n<meta name=\"twitter:card\" content=\"summary_large_image\" \/>\n<script type=\"application\/ld+json\" class=\"yoast-schema-graph\">{\"@context\":\"https:\\\/\\\/schema.org\",\"@graph\":[{\"@type\":\"WebPage\",\"@id\":\"https:\\\/\\\/buildzair.com\\\/fr\\\/produit\\\/etude-de-reseau-delectricite-mt-et-bt-pour-usine\\\/\",\"url\":\"https:\\\/\\\/buildzair.com\\\/fr\\\/produit\\\/etude-de-reseau-delectricite-mt-et-bt-pour-usine\\\/\",\"name\":\"Etude de r\u00e9seau d'\u00e9l\u00e9ctricit\u00e9 MT et BT Pour usine - BuilDzair\",\"isPartOf\":{\"@id\":\"https:\\\/\\\/buildzair.com\\\/#website\"},\"datePublished\":\"2025-02-16T23:09:21+00:00\",\"breadcrumb\":{\"@id\":\"https:\\\/\\\/buildzair.com\\\/fr\\\/produit\\\/etude-de-reseau-delectricite-mt-et-bt-pour-usine\\\/#breadcrumb\"},\"inLanguage\":\"fr-FR\",\"potentialAction\":[{\"@type\":\"ReadAction\",\"target\":[\"https:\\\/\\\/buildzair.com\\\/fr\\\/produit\\\/etude-de-reseau-delectricite-mt-et-bt-pour-usine\\\/\"]}]},{\"@type\":\"BreadcrumbList\",\"@id\":\"https:\\\/\\\/buildzair.com\\\/fr\\\/produit\\\/etude-de-reseau-delectricite-mt-et-bt-pour-usine\\\/#breadcrumb\",\"itemListElement\":[{\"@type\":\"ListItem\",\"position\":1,\"name\":\"Home\",\"item\":\"https:\\\/\\\/buildzair.com\\\/\"},{\"@type\":\"ListItem\",\"position\":2,\"name\":\"Shop\",\"item\":\"https:\\\/\\\/buildzair.com\\\/shop\\\/\"},{\"@type\":\"ListItem\",\"position\":3,\"name\":\"\u062a\u062c\u0647\u064a\u0632\u0627\u062a \u0627\u0644\u0645\u0628\u0627\u0646\u064a (HVAC-MEP)\",\"item\":\"https:\\\/\\\/buildzair.com\\\/fr\\\/product-category\\\/mep\\\/\"},{\"@type\":\"ListItem\",\"position\":4,\"name\":\"\u062a\u0635\u0645\u064a\u0645 \u0623\u0646\u0638\u0645\u0629 \u0627\u0644\u0643\u0647\u0631\u0628\u0627\u0621 \u0648 \u0627\u0644\u0625\u0646\u0627\u0631\u0629\",\"item\":\"https:\\\/\\\/buildzair.com\\\/fr\\\/product-category\\\/mep\\\/%d8%aa%d8%b5%d9%85%d9%8a%d9%85-%d8%a3%d9%86%d8%b8%d9%85%d8%a9-%d8%a7%d9%84%d8%a5%d9%86%d8%a7%d8%b1%d8%a9\\\/\"},{\"@type\":\"ListItem\",\"position\":5,\"name\":\"Etude de r\u00e9seau d&#8217;\u00e9l\u00e9ctricit\u00e9 MT et BT Pour usine\"}]},{\"@type\":\"WebSite\",\"@id\":\"https:\\\/\\\/buildzair.com\\\/#website\",\"url\":\"https:\\\/\\\/buildzair.com\\\/\",\"name\":\"BuilDzair\",\"description\":\"\u0645\u0646\u0635\u0629 \u0631\u0642\u0645\u064a\u0629 \u0644\u0631\u0628\u0637 \u0623\u0635\u062d\u0627\u0628 \u0627\u0644\u0645\u0634\u0627\u0631\u064a\u0639 \u0628\u0645\u0647\u0646\u062f\u0633\u064a \u0648\u0645\u062e\u062a\u0635\u064a \u0627\u0644\u0628\u0646\u0627\u0621 \u0648\u0627\u0644\u062f\u0631\u0627\u0633\u0627\u062a \u0641\u064a \u0627\u0644\u062c\u0632\u0627\u0626\u0631\",\"publisher\":{\"@id\":\"https:\\\/\\\/buildzair.com\\\/#organization\"},\"potentialAction\":[{\"@type\":\"SearchAction\",\"target\":{\"@type\":\"EntryPoint\",\"urlTemplate\":\"https:\\\/\\\/buildzair.com\\\/?s={search_term_string}\"},\"query-input\":{\"@type\":\"PropertyValueSpecification\",\"valueRequired\":true,\"valueName\":\"search_term_string\"}}],\"inLanguage\":\"fr-FR\"},{\"@type\":\"Organization\",\"@id\":\"https:\\\/\\\/buildzair.com\\\/#organization\",\"name\":\"BuilDzair\",\"url\":\"https:\\\/\\\/buildzair.com\\\/\",\"logo\":{\"@type\":\"ImageObject\",\"inLanguage\":\"fr-FR\",\"@id\":\"https:\\\/\\\/buildzair.com\\\/#\\\/schema\\\/logo\\\/image\\\/\",\"url\":\"https:\\\/\\\/buildzair.com\\\/wp-content\\\/uploads\\\/2025\\\/01\\\/LOGO-BUILD4.png\",\"contentUrl\":\"https:\\\/\\\/buildzair.com\\\/wp-content\\\/uploads\\\/2025\\\/01\\\/LOGO-BUILD4.png\",\"width\":800,\"height\":200,\"caption\":\"BuilDzair\"},\"image\":{\"@id\":\"https:\\\/\\\/buildzair.com\\\/#\\\/schema\\\/logo\\\/image\\\/\"},\"sameAs\":[\"https:\\\/\\\/www.facebook.com\\\/BuilDzair\\\/\",\"https:\\\/\\\/www.linkedin.com\\\/in\\\/buildzair\\\/\"]}]}<\/script>\n<!-- \/ Yoast SEO plugin. -->","yoast_head_json":{"title":"Etude de r\u00e9seau d'\u00e9l\u00e9ctricit\u00e9 MT et BT Pour usine - BuilDzair","robots":{"index":"index","follow":"follow","max-snippet":"max-snippet:-1","max-image-preview":"max-image-preview:large","max-video-preview":"max-video-preview:-1"},"canonical":"https:\/\/buildzair.com\/fr\/produit\/etude-de-reseau-delectricite-mt-et-bt-pour-usine\/","og_locale":"fr_FR","og_type":"article","og_title":"Etude de r\u00e9seau d'\u00e9l\u00e9ctricit\u00e9 MT et BT Pour usine - BuilDzair","og_description":"J&#8217;ai besoin en urgence un Ing\u00e9nieur MEP pour une \u00e9tude de r\u00e9seaux d&#8217;\u00e9l\u00e9ctricit\u00e9 MT et BT et \u00e9clairage exterieur pour un usine :Administration et unit\u00e9 du production.","og_url":"https:\/\/buildzair.com\/fr\/produit\/etude-de-reseau-delectricite-mt-et-bt-pour-usine\/","og_site_name":"BuilDzair","article_publisher":"https:\/\/www.facebook.com\/BuilDzair\/","og_image":[{"width":1306,"height":628,"url":"https:\/\/buildzair.com\/wp-content\/uploads\/2025\/02\/build-hom2.jpg?v=1739745777","type":"image\/jpeg"}],"twitter_card":"summary_large_image","schema":{"@context":"https:\/\/schema.org","@graph":[{"@type":"WebPage","@id":"https:\/\/buildzair.com\/fr\/produit\/etude-de-reseau-delectricite-mt-et-bt-pour-usine\/","url":"https:\/\/buildzair.com\/fr\/produit\/etude-de-reseau-delectricite-mt-et-bt-pour-usine\/","name":"Etude de r\u00e9seau d'\u00e9l\u00e9ctricit\u00e9 MT et BT Pour usine - BuilDzair","isPartOf":{"@id":"https:\/\/buildzair.com\/#website"},"datePublished":"2025-02-16T23:09:21+00:00","breadcrumb":{"@id":"https:\/\/buildzair.com\/fr\/produit\/etude-de-reseau-delectricite-mt-et-bt-pour-usine\/#breadcrumb"},"inLanguage":"fr-FR","potentialAction":[{"@type":"ReadAction","target":["https:\/\/buildzair.com\/fr\/produit\/etude-de-reseau-delectricite-mt-et-bt-pour-usine\/"]}]},{"@type":"BreadcrumbList","@id":"https:\/\/buildzair.com\/fr\/produit\/etude-de-reseau-delectricite-mt-et-bt-pour-usine\/#breadcrumb","itemListElement":[{"@type":"ListItem","position":1,"name":"Home","item":"https:\/\/buildzair.com\/"},{"@type":"ListItem","position":2,"name":"Shop","item":"https:\/\/buildzair.com\/shop\/"},{"@type":"ListItem","position":3,"name":"\u062a\u062c\u0647\u064a\u0632\u0627\u062a \u0627\u0644\u0645\u0628\u0627\u0646\u064a (HVAC-MEP)","item":"https:\/\/buildzair.com\/fr\/product-category\/mep\/"},{"@type":"ListItem","position":4,"name":"\u062a\u0635\u0645\u064a\u0645 \u0623\u0646\u0638\u0645\u0629 \u0627\u0644\u0643\u0647\u0631\u0628\u0627\u0621 \u0648 \u0627\u0644\u0625\u0646\u0627\u0631\u0629","item":"https:\/\/buildzair.com\/fr\/product-category\/mep\/%d8%aa%d8%b5%d9%85%d9%8a%d9%85-%d8%a3%d9%86%d8%b8%d9%85%d8%a9-%d8%a7%d9%84%d8%a5%d9%86%d8%a7%d8%b1%d8%a9\/"},{"@type":"ListItem","position":5,"name":"Etude de r\u00e9seau d&#8217;\u00e9l\u00e9ctricit\u00e9 MT et BT Pour usine"}]},{"@type":"WebSite","@id":"https:\/\/buildzair.com\/#website","url":"https:\/\/buildzair.com\/","name":"BuilDzair","description":"\u0645\u0646\u0635\u0629 \u0631\u0642\u0645\u064a\u0629 \u0644\u0631\u0628\u0637 \u0623\u0635\u062d\u0627\u0628 \u0627\u0644\u0645\u0634\u0627\u0631\u064a\u0639 \u0628\u0645\u0647\u0646\u062f\u0633\u064a \u0648\u0645\u062e\u062a\u0635\u064a \u0627\u0644\u0628\u0646\u0627\u0621 \u0648\u0627\u0644\u062f\u0631\u0627\u0633\u0627\u062a \u0641\u064a \u0627\u0644\u062c\u0632\u0627\u0626\u0631","publisher":{"@id":"https:\/\/buildzair.com\/#organization"},"potentialAction":[{"@type":"SearchAction","target":{"@type":"EntryPoint","urlTemplate":"https:\/\/buildzair.com\/?s={search_term_string}"},"query-input":{"@type":"PropertyValueSpecification","valueRequired":true,"valueName":"search_term_string"}}],"inLanguage":"fr-FR"},{"@type":"Organization","@id":"https:\/\/buildzair.com\/#organization","name":"BuilDzair","url":"https:\/\/buildzair.com\/","logo":{"@type":"ImageObject","inLanguage":"fr-FR","@id":"https:\/\/buildzair.com\/#\/schema\/logo\/image\/","url":"https:\/\/buildzair.com\/wp-content\/uploads\/2025\/01\/LOGO-BUILD4.png","contentUrl":"https:\/\/buildzair.com\/wp-content\/uploads\/2025\/01\/LOGO-BUILD4.png","width":800,"height":200,"caption":"BuilDzair"},"image":{"@id":"https:\/\/buildzair.com\/#\/schema\/logo\/image\/"},"sameAs":["https:\/\/www.facebook.com\/BuilDzair\/","https:\/\/www.linkedin.com\/in\/buildzair\/"]}]}},"_links":{"self":[{"href":"https:\/\/buildzair.com\/fr\/wp-json\/wp\/v2\/product\/15738","targetHints":{"allow":["GET"]}}],"collection":[{"href":"https:\/\/buildzair.com\/fr\/wp-json\/wp\/v2\/product"}],"about":[{"href":"https:\/\/buildzair.com\/fr\/wp-json\/wp\/v2\/types\/product"}],"author":[{"embeddable":true,"href":"https:\/\/buildzair.com\/fr\/wp-json\/wp\/v2\/users\/12"}],"replies":[{"embeddable":true,"href":"https:\/\/buildzair.com\/fr\/wp-json\/wp\/v2\/comments?post=15738"}],"wp:attachment":[{"href":"https:\/\/buildzair.com\/fr\/wp-json\/wp\/v2\/media?parent=15738"}],"wp:term":[{"taxonomy":"product_brand","embeddable":true,"href":"https:\/\/buildzair.com\/fr\/wp-json\/wp\/v2\/product_brand?post=15738"},{"taxonomy":"product_cat","embeddable":true,"href":"https:\/\/buildzair.com\/fr\/wp-json\/wp\/v2\/product_cat?post=15738"},{"taxonomy":"product_tag","embeddable":true,"href":"https:\/\/buildzair.com\/fr\/wp-json\/wp\/v2\/product_tag?post=15738"},{"taxonomy":"languages","embeddable":true,"href":"https:\/\/buildzair.com\/fr\/wp-json\/wp\/v2\/languages?post=15738"},{"taxonomy":"duration","embeddable":true,"href":"https:\/\/buildzair.com\/fr\/wp-json\/wp\/v2\/duration?post=15738"},{"taxonomy":"expertise_level","embeddable":true,"href":"https:\/\/buildzair.com\/fr\/wp-json\/wp\/v2\/expertise_level?post=15738"},{"taxonomy":"skills","embeddable":true,"href":"https:\/\/buildzair.com\/fr\/wp-json\/wp\/v2\/skills?post=15738"},{"taxonomy":"delivery_time","embeddable":true,"href":"https:\/\/buildzair.com\/fr\/wp-json\/wp\/v2\/delivery_time?post=15738"}],"curies":[{"name":"wp","href":"https:\/\/api.w.org\/{rel}","templated":true}]}}