{"id":15682,"date":"2025-02-04T16:58:11","date_gmt":"2025-02-04T15:58:11","guid":{"rendered":"https:\/\/buildzair.com\/fr\/?post_type=product&#038;p=15682"},"modified":"2025-02-04T16:58:11","modified_gmt":"2025-02-04T15:58:11","slug":"etude-genie-civil-dun-projet-30-logts","status":"publish","type":"product","link":"https:\/\/buildzair.com\/fr\/produit\/etude-genie-civil-dun-projet-30-logts\/","title":{"rendered":"Etude G\u00e9nie civil d&#8217;un Projet 30 Logts"},"content":{"rendered":"<p>Je suis Architect est je besoin d&#8217;un ing\u00e9nieur g\u00e9nie civil agr\u00e9\u00e9 et exp\u00e9riment\u00e9 pour une \u00e9tude g\u00e9nie civil d&#8217;un projet de 30 Logts,&nbsp;Il s&#8217;agit de deux blocs de R+4,Bloc A : surface emprise de sol 220 m2.Bloc B : surface emprise de sol 180 m2.Donc on est besoin d&#8217;une \u00e9tude compl\u00e8te avec la nouvelle r\u00e9glementation RPA 2024 :<\/p>\n<ol>\n<li>Tous les plans d&#8217;ex\u00e9cution (coffrage, ferraillage, Niveaux &#8230;.etc)<\/li>\n<li>Note de calcul d\u00e9taill\u00e9 avec la RPA 2024.<\/li>\n<\/ol>\n<p><\/p>","protected":false},"excerpt":{"rendered":"<p>Je suis Architect est je besoin d&#8217;un ing\u00e9nieur g\u00e9nie civil agr\u00e9\u00e9 et exp\u00e9riment\u00e9 pour une \u00e9tude g\u00e9nie civil d&#8217;un projet de 30 Logts,&nbsp;Il s&#8217;agit de deux blocs de R+4,Bloc A : surface emprise de sol 220 m2.Bloc B : surface emprise de sol 180 m2.Donc on est besoin d&#8217;une \u00e9tude compl\u00e8te&#8230;<\/p>","protected":false},"author":11,"featured_media":0,"comment_status":"open","ping_status":"closed","template":"","meta":{"_acf_changed":false},"product_brand":[],"product_cat":[230,254],"product_tag":[],"languages":[224,62],"duration":[244],"expertise_level":[],"skills":[205,217,219],"delivery_time":[],"class_list":{"0":"post-15682","1":"product","2":"type-product","3":"status-publish","5":"product_cat-230","6":"product_cat-254","7":"languages-224","8":"languages-french","9":"duration-244","10":"skills-autocad","11":"skills-revit-structure","12":"skills-robo-structure","14":"first","15":"instock","16":"shipping-taxable","17":"product-type-projects"},"acf":[],"yoast_head":"<!-- This site is optimized with the Yoast SEO plugin v27.4 - https:\/\/yoast.com\/product\/yoast-seo-wordpress\/ -->\n<title>Etude G\u00e9nie civil d&#039;un Projet 30 Logts - BuilDzair<\/title>\n<meta name=\"robots\" content=\"index, follow, max-snippet:-1, max-image-preview:large, max-video-preview:-1\" \/>\n<link rel=\"canonical\" href=\"https:\/\/buildzair.com\/fr\/produit\/etude-genie-civil-dun-projet-30-logts\/\" \/>\n<meta property=\"og:locale\" content=\"fr_FR\" \/>\n<meta property=\"og:type\" content=\"article\" \/>\n<meta property=\"og:title\" content=\"Etude G\u00e9nie civil d&#039;un Projet 30 Logts - BuilDzair\" \/>\n<meta property=\"og:description\" content=\"Je suis Architect est je besoin d&#8217;un ing\u00e9nieur g\u00e9nie civil agr\u00e9\u00e9 et exp\u00e9riment\u00e9 pour une \u00e9tude g\u00e9nie civil d&#8217;un projet de 30 Logts,&nbsp;Il s&#8217;agit de deux blocs de R+4,Bloc A : surface emprise de sol 220 m2.Bloc B : surface emprise de sol 180 m2.Donc on est besoin d&#8217;une \u00e9tude compl\u00e8te...\" \/>\n<meta property=\"og:url\" content=\"https:\/\/buildzair.com\/fr\/produit\/etude-genie-civil-dun-projet-30-logts\/\" \/>\n<meta property=\"og:site_name\" content=\"BuilDzair\" \/>\n<meta property=\"article:publisher\" content=\"https:\/\/www.facebook.com\/BuilDzair\/\" \/>\n<meta property=\"og:image\" content=\"https:\/\/buildzair.com\/wp-content\/uploads\/2025\/02\/build-hom2.jpg?v=1739745777\" \/>\n\t<meta property=\"og:image:width\" content=\"1306\" \/>\n\t<meta property=\"og:image:height\" content=\"628\" \/>\n\t<meta property=\"og:image:type\" content=\"image\/jpeg\" \/>\n<meta name=\"twitter:card\" content=\"summary_large_image\" \/>\n<script type=\"application\/ld+json\" class=\"yoast-schema-graph\">{\"@context\":\"https:\\\/\\\/schema.org\",\"@graph\":[{\"@type\":\"WebPage\",\"@id\":\"https:\\\/\\\/buildzair.com\\\/product\\\/etude-genie-civil-dun-projet-30-logts\\\/\",\"url\":\"https:\\\/\\\/buildzair.com\\\/product\\\/etude-genie-civil-dun-projet-30-logts\\\/\",\"name\":\"Etude G\u00e9nie civil d'un Projet 30 Logts - BuilDzair\",\"isPartOf\":{\"@id\":\"https:\\\/\\\/buildzair.com\\\/#website\"},\"datePublished\":\"2025-02-04T15:58:11+00:00\",\"breadcrumb\":{\"@id\":\"https:\\\/\\\/buildzair.com\\\/product\\\/etude-genie-civil-dun-projet-30-logts\\\/#breadcrumb\"},\"inLanguage\":\"fr-FR\",\"potentialAction\":[{\"@type\":\"ReadAction\",\"target\":[\"https:\\\/\\\/buildzair.com\\\/product\\\/etude-genie-civil-dun-projet-30-logts\\\/\"]}]},{\"@type\":\"BreadcrumbList\",\"@id\":\"https:\\\/\\\/buildzair.com\\\/product\\\/etude-genie-civil-dun-projet-30-logts\\\/#breadcrumb\",\"itemListElement\":[{\"@type\":\"ListItem\",\"position\":1,\"name\":\"Home\",\"item\":\"https:\\\/\\\/buildzair.com\\\/\"},{\"@type\":\"ListItem\",\"position\":2,\"name\":\"Shop\",\"item\":\"https:\\\/\\\/buildzair.com\\\/shop\\\/\"},{\"@type\":\"ListItem\",\"position\":3,\"name\":\"\u0647\u0646\u062f\u0633\u0629 \u0645\u062f\u0646\u064a\u0629\",\"item\":\"https:\\\/\\\/buildzair.com\\\/ar\\\/product-category\\\/%d9%87%d9%86%d8%af%d8%b3%d8%a9-%d9%85%d8%af%d9%86%d9%8a%d8%a9\\\/\"},{\"@type\":\"ListItem\",\"position\":4,\"name\":\"\u062f\u0631\u0627\u0633\u0629 \u0648 \u062a\u0635\u0645\u064a\u0645 \u0627\u0644\u0647\u064a\u0627\u0643\u0644 \u0627\u0644\u062e\u0631\u0633\u0627\u0646\u064a\u0629\",\"item\":\"https:\\\/\\\/buildzair.com\\\/product-category\\\/%d9%87%d9%86%d8%af%d8%b3%d8%a9-%d9%85%d8%af%d9%86%d9%8a%d8%a9\\\/%d8%af%d8%b1%d8%a7%d8%b3%d8%a9-%d9%88-%d8%aa%d8%b5%d9%85%d9%8a%d9%85-%d8%a7%d9%84%d9%87%d9%8a%d8%a7%d9%83%d9%84-%d8%a7%d9%84%d8%ae%d8%b1%d8%b3%d8%a7%d9%86%d9%8a%d8%a9\\\/\"},{\"@type\":\"ListItem\",\"position\":5,\"name\":\"Etude G\u00e9nie civil d&#8217;un Projet 30 Logts\"}]},{\"@type\":\"WebSite\",\"@id\":\"https:\\\/\\\/buildzair.com\\\/#website\",\"url\":\"https:\\\/\\\/buildzair.com\\\/\",\"name\":\"BuilDzair\",\"description\":\"\u0645\u0646\u0635\u0629 \u0631\u0642\u0645\u064a\u0629 \u0644\u0631\u0628\u0637 \u0623\u0635\u062d\u0627\u0628 \u0627\u0644\u0645\u0634\u0627\u0631\u064a\u0639 \u0628\u0645\u0647\u0646\u062f\u0633\u064a \u0648\u0645\u062e\u062a\u0635\u064a \u0627\u0644\u0628\u0646\u0627\u0621 \u0648\u0627\u0644\u062f\u0631\u0627\u0633\u0627\u062a \u0641\u064a \u0627\u0644\u062c\u0632\u0627\u0626\u0631\",\"publisher\":{\"@id\":\"https:\\\/\\\/buildzair.com\\\/#organization\"},\"potentialAction\":[{\"@type\":\"SearchAction\",\"target\":{\"@type\":\"EntryPoint\",\"urlTemplate\":\"https:\\\/\\\/buildzair.com\\\/?s={search_term_string}\"},\"query-input\":{\"@type\":\"PropertyValueSpecification\",\"valueRequired\":true,\"valueName\":\"search_term_string\"}}],\"inLanguage\":\"fr-FR\"},{\"@type\":\"Organization\",\"@id\":\"https:\\\/\\\/buildzair.com\\\/#organization\",\"name\":\"BuilDzair\",\"url\":\"https:\\\/\\\/buildzair.com\\\/\",\"logo\":{\"@type\":\"ImageObject\",\"inLanguage\":\"fr-FR\",\"@id\":\"https:\\\/\\\/buildzair.com\\\/#\\\/schema\\\/logo\\\/image\\\/\",\"url\":\"https:\\\/\\\/buildzair.com\\\/wp-content\\\/uploads\\\/2025\\\/01\\\/LOGO-BUILD4.png\",\"contentUrl\":\"https:\\\/\\\/buildzair.com\\\/wp-content\\\/uploads\\\/2025\\\/01\\\/LOGO-BUILD4.png\",\"width\":800,\"height\":200,\"caption\":\"BuilDzair\"},\"image\":{\"@id\":\"https:\\\/\\\/buildzair.com\\\/#\\\/schema\\\/logo\\\/image\\\/\"},\"sameAs\":[\"https:\\\/\\\/www.facebook.com\\\/BuilDzair\\\/\",\"https:\\\/\\\/www.linkedin.com\\\/in\\\/buildzair\\\/\"]}]}<\/script>\n<!-- \/ Yoast SEO plugin. -->","yoast_head_json":{"title":"Etude G\u00e9nie civil d'un Projet 30 Logts - BuilDzair","robots":{"index":"index","follow":"follow","max-snippet":"max-snippet:-1","max-image-preview":"max-image-preview:large","max-video-preview":"max-video-preview:-1"},"canonical":"https:\/\/buildzair.com\/fr\/produit\/etude-genie-civil-dun-projet-30-logts\/","og_locale":"fr_FR","og_type":"article","og_title":"Etude G\u00e9nie civil d'un Projet 30 Logts - BuilDzair","og_description":"Je suis Architect est je besoin d&#8217;un ing\u00e9nieur g\u00e9nie civil agr\u00e9\u00e9 et exp\u00e9riment\u00e9 pour une \u00e9tude g\u00e9nie civil d&#8217;un projet de 30 Logts,&nbsp;Il s&#8217;agit de deux blocs de R+4,Bloc A : surface emprise de sol 220 m2.Bloc B : surface emprise de sol 180 m2.Donc on est besoin d&#8217;une \u00e9tude compl\u00e8te...","og_url":"https:\/\/buildzair.com\/fr\/produit\/etude-genie-civil-dun-projet-30-logts\/","og_site_name":"BuilDzair","article_publisher":"https:\/\/www.facebook.com\/BuilDzair\/","og_image":[{"width":1306,"height":628,"url":"https:\/\/buildzair.com\/wp-content\/uploads\/2025\/02\/build-hom2.jpg?v=1739745777","type":"image\/jpeg"}],"twitter_card":"summary_large_image","schema":{"@context":"https:\/\/schema.org","@graph":[{"@type":"WebPage","@id":"https:\/\/buildzair.com\/product\/etude-genie-civil-dun-projet-30-logts\/","url":"https:\/\/buildzair.com\/product\/etude-genie-civil-dun-projet-30-logts\/","name":"Etude G\u00e9nie civil d'un Projet 30 Logts - BuilDzair","isPartOf":{"@id":"https:\/\/buildzair.com\/#website"},"datePublished":"2025-02-04T15:58:11+00:00","breadcrumb":{"@id":"https:\/\/buildzair.com\/product\/etude-genie-civil-dun-projet-30-logts\/#breadcrumb"},"inLanguage":"fr-FR","potentialAction":[{"@type":"ReadAction","target":["https:\/\/buildzair.com\/product\/etude-genie-civil-dun-projet-30-logts\/"]}]},{"@type":"BreadcrumbList","@id":"https:\/\/buildzair.com\/product\/etude-genie-civil-dun-projet-30-logts\/#breadcrumb","itemListElement":[{"@type":"ListItem","position":1,"name":"Home","item":"https:\/\/buildzair.com\/"},{"@type":"ListItem","position":2,"name":"Shop","item":"https:\/\/buildzair.com\/shop\/"},{"@type":"ListItem","position":3,"name":"\u0647\u0646\u062f\u0633\u0629 \u0645\u062f\u0646\u064a\u0629","item":"https:\/\/buildzair.com\/ar\/product-category\/%d9%87%d9%86%d8%af%d8%b3%d8%a9-%d9%85%d8%af%d9%86%d9%8a%d8%a9\/"},{"@type":"ListItem","position":4,"name":"\u062f\u0631\u0627\u0633\u0629 \u0648 \u062a\u0635\u0645\u064a\u0645 \u0627\u0644\u0647\u064a\u0627\u0643\u0644 \u0627\u0644\u062e\u0631\u0633\u0627\u0646\u064a\u0629","item":"https:\/\/buildzair.com\/product-category\/%d9%87%d9%86%d8%af%d8%b3%d8%a9-%d9%85%d8%af%d9%86%d9%8a%d8%a9\/%d8%af%d8%b1%d8%a7%d8%b3%d8%a9-%d9%88-%d8%aa%d8%b5%d9%85%d9%8a%d9%85-%d8%a7%d9%84%d9%87%d9%8a%d8%a7%d9%83%d9%84-%d8%a7%d9%84%d8%ae%d8%b1%d8%b3%d8%a7%d9%86%d9%8a%d8%a9\/"},{"@type":"ListItem","position":5,"name":"Etude G\u00e9nie civil d&#8217;un Projet 30 Logts"}]},{"@type":"WebSite","@id":"https:\/\/buildzair.com\/#website","url":"https:\/\/buildzair.com\/","name":"BuilDzair","description":"\u0645\u0646\u0635\u0629 \u0631\u0642\u0645\u064a\u0629 \u0644\u0631\u0628\u0637 \u0623\u0635\u062d\u0627\u0628 \u0627\u0644\u0645\u0634\u0627\u0631\u064a\u0639 \u0628\u0645\u0647\u0646\u062f\u0633\u064a \u0648\u0645\u062e\u062a\u0635\u064a \u0627\u0644\u0628\u0646\u0627\u0621 \u0648\u0627\u0644\u062f\u0631\u0627\u0633\u0627\u062a \u0641\u064a \u0627\u0644\u062c\u0632\u0627\u0626\u0631","publisher":{"@id":"https:\/\/buildzair.com\/#organization"},"potentialAction":[{"@type":"SearchAction","target":{"@type":"EntryPoint","urlTemplate":"https:\/\/buildzair.com\/?s={search_term_string}"},"query-input":{"@type":"PropertyValueSpecification","valueRequired":true,"valueName":"search_term_string"}}],"inLanguage":"fr-FR"},{"@type":"Organization","@id":"https:\/\/buildzair.com\/#organization","name":"BuilDzair","url":"https:\/\/buildzair.com\/","logo":{"@type":"ImageObject","inLanguage":"fr-FR","@id":"https:\/\/buildzair.com\/#\/schema\/logo\/image\/","url":"https:\/\/buildzair.com\/wp-content\/uploads\/2025\/01\/LOGO-BUILD4.png","contentUrl":"https:\/\/buildzair.com\/wp-content\/uploads\/2025\/01\/LOGO-BUILD4.png","width":800,"height":200,"caption":"BuilDzair"},"image":{"@id":"https:\/\/buildzair.com\/#\/schema\/logo\/image\/"},"sameAs":["https:\/\/www.facebook.com\/BuilDzair\/","https:\/\/www.linkedin.com\/in\/buildzair\/"]}]}},"_links":{"self":[{"href":"https:\/\/buildzair.com\/fr\/wp-json\/wp\/v2\/product\/15682","targetHints":{"allow":["GET"]}}],"collection":[{"href":"https:\/\/buildzair.com\/fr\/wp-json\/wp\/v2\/product"}],"about":[{"href":"https:\/\/buildzair.com\/fr\/wp-json\/wp\/v2\/types\/product"}],"author":[{"embeddable":true,"href":"https:\/\/buildzair.com\/fr\/wp-json\/wp\/v2\/users\/11"}],"replies":[{"embeddable":true,"href":"https:\/\/buildzair.com\/fr\/wp-json\/wp\/v2\/comments?post=15682"}],"wp:attachment":[{"href":"https:\/\/buildzair.com\/fr\/wp-json\/wp\/v2\/media?parent=15682"}],"wp:term":[{"taxonomy":"product_brand","embeddable":true,"href":"https:\/\/buildzair.com\/fr\/wp-json\/wp\/v2\/product_brand?post=15682"},{"taxonomy":"product_cat","embeddable":true,"href":"https:\/\/buildzair.com\/fr\/wp-json\/wp\/v2\/product_cat?post=15682"},{"taxonomy":"product_tag","embeddable":true,"href":"https:\/\/buildzair.com\/fr\/wp-json\/wp\/v2\/product_tag?post=15682"},{"taxonomy":"languages","embeddable":true,"href":"https:\/\/buildzair.com\/fr\/wp-json\/wp\/v2\/languages?post=15682"},{"taxonomy":"duration","embeddable":true,"href":"https:\/\/buildzair.com\/fr\/wp-json\/wp\/v2\/duration?post=15682"},{"taxonomy":"expertise_level","embeddable":true,"href":"https:\/\/buildzair.com\/fr\/wp-json\/wp\/v2\/expertise_level?post=15682"},{"taxonomy":"skills","embeddable":true,"href":"https:\/\/buildzair.com\/fr\/wp-json\/wp\/v2\/skills?post=15682"},{"taxonomy":"delivery_time","embeddable":true,"href":"https:\/\/buildzair.com\/fr\/wp-json\/wp\/v2\/delivery_time?post=15682"}],"curies":[{"name":"wp","href":"https:\/\/api.w.org\/{rel}","templated":true}]}}