{"id":15554,"date":"2025-01-29T18:07:55","date_gmt":"2025-01-29T17:07:55","guid":{"rendered":"https:\/\/buildzair.com\/?post_type=product&#038;p=15554"},"modified":"2026-01-08T17:08:56","modified_gmt":"2026-01-08T16:08:56","slug":"%d8%af%d8%b1%d8%a7%d8%b3%d8%a9-%d9%87%d9%86%d8%af%d8%b3%d8%a9-%d9%85%d8%af%d9%86%d9%8a%d8%a9-%d9%84%d9%84%d8%b9%d9%85%d8%a7%d8%b1%d8%a7%d8%aa-%d8%a7%d9%84%d8%b3%d9%83%d9%86%d9%8a%d8%a9","status":"publish","type":"product","link":"https:\/\/buildzair.com\/fr\/produit\/%d8%af%d8%b1%d8%a7%d8%b3%d8%a9-%d9%87%d9%86%d8%af%d8%b3%d8%a9-%d9%85%d8%af%d9%86%d9%8a%d8%a9-%d9%84%d9%84%d8%b9%d9%85%d8%a7%d8%b1%d8%a7%d8%aa-%d8%a7%d9%84%d8%b3%d9%83%d9%86%d9%8a%d8%a9\/","title":{"rendered":"\u00c9tude de g\u00e9nie civil pour b\u00e2timents r\u00e9sidentiels"},"content":{"rendered":"<p><strong>\u062f\u0631\u0627\u0633\u0629 \u0647\u0646\u062f\u0633\u0629 \u0645\u062f\u0646\u064a\u0629 \u0644\u0644\u0639\u0645\u0627\u0631\u0627\u062a \u0627\u0644\u0633\u0643\u0646\u064a\u0629 \u062a\u0634\u0645\u0644 :<\/strong><\/p>\n<ul>\n<li>\u062f\u0631\u0627\u0633\u0629 \u0647\u0646\u062f\u0633\u0629 \u0645\u062f\u0646\u064a\u0629 \u0644\u0644\u0645\u0646\u0634\u0622\u062a \u0627\u0644\u062e\u0631\u0633\u0627\u0646\u0629 \u0627\u0644\u0645\u0633\u0644\u062d\u0629 \u0648\u0641\u0642\u0627 \u0644 RPA2024.<\/li>\n<li>\u0645\u0630\u0643\u0631\u0629 \u0627\u0644\u062d\u0633\u0627\u0628.<\/li>\n<\/ul>\n<p>\u0643\u0644 \u0627\u0644\u0645\u062e\u0637\u0637\u0627\u062a \u0627\u0644\u062a\u0646\u0641\u064a\u0630\u064a\u0629.<\/p>\n<ol>\n<li>\u0645\u062e\u0637\u0637\u0627\u062a \u0627\u0644\u0623\u0633\u0627\u0633\u0627\u062a.<\/li>\n<li>\u0645\u062e\u0637\u0637\u0627\u062a \u062a\u0633\u0644\u064a\u062d \u0627\u0644\u0623\u0633\u0627\u0633\u0627\u062a \u0648 \u0627\u0644\u0623\u0639\u0645\u062f\u0629.<\/li>\n<li>\u0645\u062e\u0637\u0637\u0627\u062a \u0627\u0644\u0642\u0648\u0644\u0628\u0629 \u0644\u0644\u0623\u0633\u0637\u062d.<\/li>\n<li>\u0645\u062e\u0637\u0637\u0627\u062a \u0627\u0644\u062a\u0633\u0644\u064a\u062d \u0644\u0644\u0631\u0648\u0627\u0641\u062f \u0648 \u0627\u0644\u0633\u0644\u0627\u0644\u0645.<\/li>\n<li>\u0645\u062e\u0637\u0637\u0627\u062a \u0627\u0644\u0645\u0633\u0627\u0643\u0629 \u0644\u0644\u0633\u0637\u062d.<\/li>\n<\/ol>","protected":false},"excerpt":{"rendered":"<p>\u062f\u0631\u0627\u0633\u0629 \u0647\u0646\u062f\u0633\u0629 \u0645\u062f\u0646\u064a\u0629 \u0644\u0644\u0639\u0645\u0627\u0631\u0627\u062a \u0627\u0644\u0633\u0643\u0646\u064a\u0629 \u062a\u0634\u0645\u0644 : \u062f\u0631\u0627\u0633\u0629 \u0647\u0646\u062f\u0633\u0629 \u0645\u062f\u0646\u064a\u0629 \u0644\u0644\u0645\u0646\u0634\u0622\u062a \u0627\u0644\u062e\u0631\u0633\u0627\u0646\u0629 \u0627\u0644\u0645\u0633\u0644\u062d\u0629 \u0648\u0641\u0642\u0627 \u0644 RPA2024. \u0645\u0630\u0643\u0631\u0629 \u0627\u0644\u062d\u0633\u0627\u0628. \u0643\u0644 \u0627\u0644\u0645\u062e\u0637\u0637\u0627\u062a \u0627\u0644\u062a\u0646\u0641\u064a\u0630\u064a\u0629. \u0645\u062e\u0637\u0637\u0627\u062a \u0627\u0644\u0623\u0633\u0627\u0633\u0627\u062a. \u0645\u062e\u0637\u0637\u0627\u062a \u062a\u0633\u0644\u064a\u062d \u0627\u0644\u0623\u0633\u0627\u0633\u0627\u062a \u0648 \u0627\u0644\u0623\u0639\u0645\u062f\u0629. \u0645\u062e\u0637\u0637\u0627\u062a \u0627\u0644\u0642\u0648\u0644\u0628\u0629 \u0644\u0644\u0623\u0633\u0637\u062d. \u0645\u062e\u0637\u0637\u0627\u062a \u0627\u0644\u062a\u0633\u0644\u064a\u062d \u0644\u0644\u0631\u0648\u0627\u0641\u062f \u0648 \u0627\u0644\u0633\u0644\u0627\u0644\u0645. \u0645\u062e\u0637\u0637\u0627\u062a \u0627\u0644\u0645\u0633\u0627\u0643\u0629 \u0644\u0644\u0633\u0637\u062d.<\/p>","protected":false},"author":2,"featured_media":15556,"comment_status":"open","ping_status":"closed","template":"","meta":{"_acf_changed":false},"product_brand":[],"product_cat":[230,254],"product_tag":[],"languages":[],"duration":[],"expertise_level":[],"skills":[],"delivery_time":[],"class_list":{"0":"post-15554","1":"product","2":"type-product","3":"status-publish","4":"has-post-thumbnail","6":"product_cat-230","7":"product_cat-254","9":"first","10":"instock","11":"shipping-taxable","12":"purchasable","13":"product-type-tasks"},"acf":[],"yoast_head":"<!-- This site is optimized with the Yoast SEO plugin v27.4 - https:\/\/yoast.com\/product\/yoast-seo-wordpress\/ -->\n<title>\u062f\u0631\u0627\u0633\u0629 \u0647\u0646\u062f\u0633\u0629 \u0645\u062f\u0646\u064a\u0629 \u0644\u0644\u0639\u0645\u0627\u0631\u0627\u062a \u0627\u0644\u0633\u0643\u0646\u064a\u0629 - BuilDzair<\/title>\n<meta name=\"robots\" content=\"index, follow, max-snippet:-1, max-image-preview:large, max-video-preview:-1\" \/>\n<link rel=\"canonical\" href=\"https:\/\/buildzair.com\/fr\/produit\/\u062f\u0631\u0627\u0633\u0629-\u0647\u0646\u062f\u0633\u0629-\u0645\u062f\u0646\u064a\u0629-\u0644\u0644\u0639\u0645\u0627\u0631\u0627\u062a-\u0627\u0644\u0633\u0643\u0646\u064a\u0629\/\" \/>\n<meta property=\"og:locale\" content=\"fr_FR\" \/>\n<meta property=\"og:type\" content=\"article\" \/>\n<meta property=\"og:title\" content=\"\u062f\u0631\u0627\u0633\u0629 \u0647\u0646\u062f\u0633\u0629 \u0645\u062f\u0646\u064a\u0629 \u0644\u0644\u0639\u0645\u0627\u0631\u0627\u062a \u0627\u0644\u0633\u0643\u0646\u064a\u0629 - BuilDzair\" \/>\n<meta property=\"og:description\" content=\"\u062f\u0631\u0627\u0633\u0629 \u0647\u0646\u062f\u0633\u0629 \u0645\u062f\u0646\u064a\u0629 \u0644\u0644\u0639\u0645\u0627\u0631\u0627\u062a \u0627\u0644\u0633\u0643\u0646\u064a\u0629 \u062a\u0634\u0645\u0644 : \u062f\u0631\u0627\u0633\u0629 \u0647\u0646\u062f\u0633\u0629 \u0645\u062f\u0646\u064a\u0629 \u0644\u0644\u0645\u0646\u0634\u0622\u062a \u0627\u0644\u062e\u0631\u0633\u0627\u0646\u0629 \u0627\u0644\u0645\u0633\u0644\u062d\u0629 \u0648\u0641\u0642\u0627 \u0644 RPA2024. \u0645\u0630\u0643\u0631\u0629 \u0627\u0644\u062d\u0633\u0627\u0628. \u0643\u0644 \u0627\u0644\u0645\u062e\u0637\u0637\u0627\u062a \u0627\u0644\u062a\u0646\u0641\u064a\u0630\u064a\u0629. \u0645\u062e\u0637\u0637\u0627\u062a \u0627\u0644\u0623\u0633\u0627\u0633\u0627\u062a. \u0645\u062e\u0637\u0637\u0627\u062a \u062a\u0633\u0644\u064a\u062d \u0627\u0644\u0623\u0633\u0627\u0633\u0627\u062a \u0648 \u0627\u0644\u0623\u0639\u0645\u062f\u0629. \u0645\u062e\u0637\u0637\u0627\u062a \u0627\u0644\u0642\u0648\u0644\u0628\u0629 \u0644\u0644\u0623\u0633\u0637\u062d. \u0645\u062e\u0637\u0637\u0627\u062a \u0627\u0644\u062a\u0633\u0644\u064a\u062d \u0644\u0644\u0631\u0648\u0627\u0641\u062f \u0648 \u0627\u0644\u0633\u0644\u0627\u0644\u0645. \u0645\u062e\u0637\u0637\u0627\u062a \u0627\u0644\u0645\u0633\u0627\u0643\u0629 \u0644\u0644\u0633\u0637\u062d.\" \/>\n<meta property=\"og:url\" content=\"https:\/\/buildzair.com\/fr\/produit\/\u062f\u0631\u0627\u0633\u0629-\u0647\u0646\u062f\u0633\u0629-\u0645\u062f\u0646\u064a\u0629-\u0644\u0644\u0639\u0645\u0627\u0631\u0627\u062a-\u0627\u0644\u0633\u0643\u0646\u064a\u0629\/\" \/>\n<meta property=\"og:site_name\" content=\"BuilDzair\" \/>\n<meta property=\"article:publisher\" content=\"https:\/\/www.facebook.com\/BuilDzair\/\" \/>\n<meta property=\"article:modified_time\" content=\"2026-01-08T16:08:56+00:00\" \/>\n<meta property=\"og:image\" content=\"https:\/\/buildzair.com\/wp-content\/uploads\/2025\/01\/=QTN1UTMe5VeltmY05lXnN2Xi1SM3MDOxcDM0YjM.jpg\" \/>\n\t<meta property=\"og:image:width\" content=\"1280\" \/>\n\t<meta property=\"og:image:height\" content=\"731\" \/>\n\t<meta property=\"og:image:type\" content=\"image\/jpeg\" \/>\n<meta name=\"twitter:card\" content=\"summary_large_image\" \/>\n<script type=\"application\/ld+json\" class=\"yoast-schema-graph\">{\"@context\":\"https:\\\/\\\/schema.org\",\"@graph\":[{\"@type\":\"WebPage\",\"@id\":\"https:\\\/\\\/buildzair.com\\\/ar\\\/product\\\/%d8%af%d8%b1%d8%a7%d8%b3%d8%a9-%d9%87%d9%86%d8%af%d8%b3%d8%a9-%d9%85%d8%af%d9%86%d9%8a%d8%a9-%d9%84%d9%84%d8%b9%d9%85%d8%a7%d8%b1%d8%a7%d8%aa-%d8%a7%d9%84%d8%b3%d9%83%d9%86%d9%8a%d8%a9\\\/\",\"url\":\"https:\\\/\\\/buildzair.com\\\/ar\\\/product\\\/%d8%af%d8%b1%d8%a7%d8%b3%d8%a9-%d9%87%d9%86%d8%af%d8%b3%d8%a9-%d9%85%d8%af%d9%86%d9%8a%d8%a9-%d9%84%d9%84%d8%b9%d9%85%d8%a7%d8%b1%d8%a7%d8%aa-%d8%a7%d9%84%d8%b3%d9%83%d9%86%d9%8a%d8%a9\\\/\",\"name\":\"\u062f\u0631\u0627\u0633\u0629 \u0647\u0646\u062f\u0633\u0629 \u0645\u062f\u0646\u064a\u0629 \u0644\u0644\u0639\u0645\u0627\u0631\u0627\u062a \u0627\u0644\u0633\u0643\u0646\u064a\u0629 - BuilDzair\",\"isPartOf\":{\"@id\":\"https:\\\/\\\/buildzair.com\\\/#website\"},\"primaryImageOfPage\":{\"@id\":\"https:\\\/\\\/buildzair.com\\\/ar\\\/product\\\/%d8%af%d8%b1%d8%a7%d8%b3%d8%a9-%d9%87%d9%86%d8%af%d8%b3%d8%a9-%d9%85%d8%af%d9%86%d9%8a%d8%a9-%d9%84%d9%84%d8%b9%d9%85%d8%a7%d8%b1%d8%a7%d8%aa-%d8%a7%d9%84%d8%b3%d9%83%d9%86%d9%8a%d8%a9\\\/#primaryimage\"},\"image\":{\"@id\":\"https:\\\/\\\/buildzair.com\\\/ar\\\/product\\\/%d8%af%d8%b1%d8%a7%d8%b3%d8%a9-%d9%87%d9%86%d8%af%d8%b3%d8%a9-%d9%85%d8%af%d9%86%d9%8a%d8%a9-%d9%84%d9%84%d8%b9%d9%85%d8%a7%d8%b1%d8%a7%d8%aa-%d8%a7%d9%84%d8%b3%d9%83%d9%86%d9%8a%d8%a9\\\/#primaryimage\"},\"thumbnailUrl\":\"https:\\\/\\\/buildzair.com\\\/wp-content\\\/uploads\\\/2025\\\/01\\\/=QTN1UTMe5VeltmY05lXnN2Xi1SM3MDOxcDM0YjM.jpg\",\"datePublished\":\"2025-01-29T17:07:55+00:00\",\"dateModified\":\"2026-01-08T16:08:56+00:00\",\"breadcrumb\":{\"@id\":\"https:\\\/\\\/buildzair.com\\\/ar\\\/product\\\/%d8%af%d8%b1%d8%a7%d8%b3%d8%a9-%d9%87%d9%86%d8%af%d8%b3%d8%a9-%d9%85%d8%af%d9%86%d9%8a%d8%a9-%d9%84%d9%84%d8%b9%d9%85%d8%a7%d8%b1%d8%a7%d8%aa-%d8%a7%d9%84%d8%b3%d9%83%d9%86%d9%8a%d8%a9\\\/#breadcrumb\"},\"inLanguage\":\"fr-FR\",\"potentialAction\":[{\"@type\":\"ReadAction\",\"target\":[\"https:\\\/\\\/buildzair.com\\\/ar\\\/product\\\/%d8%af%d8%b1%d8%a7%d8%b3%d8%a9-%d9%87%d9%86%d8%af%d8%b3%d8%a9-%d9%85%d8%af%d9%86%d9%8a%d8%a9-%d9%84%d9%84%d8%b9%d9%85%d8%a7%d8%b1%d8%a7%d8%aa-%d8%a7%d9%84%d8%b3%d9%83%d9%86%d9%8a%d8%a9\\\/\"]}]},{\"@type\":\"ImageObject\",\"inLanguage\":\"fr-FR\",\"@id\":\"https:\\\/\\\/buildzair.com\\\/ar\\\/product\\\/%d8%af%d8%b1%d8%a7%d8%b3%d8%a9-%d9%87%d9%86%d8%af%d8%b3%d8%a9-%d9%85%d8%af%d9%86%d9%8a%d8%a9-%d9%84%d9%84%d8%b9%d9%85%d8%a7%d8%b1%d8%a7%d8%aa-%d8%a7%d9%84%d8%b3%d9%83%d9%86%d9%8a%d8%a9\\\/#primaryimage\",\"url\":\"https:\\\/\\\/buildzair.com\\\/wp-content\\\/uploads\\\/2025\\\/01\\\/=QTN1UTMe5VeltmY05lXnN2Xi1SM3MDOxcDM0YjM.jpg\",\"contentUrl\":\"https:\\\/\\\/buildzair.com\\\/wp-content\\\/uploads\\\/2025\\\/01\\\/=QTN1UTMe5VeltmY05lXnN2Xi1SM3MDOxcDM0YjM.jpg\",\"width\":1280,\"height\":731},{\"@type\":\"BreadcrumbList\",\"@id\":\"https:\\\/\\\/buildzair.com\\\/ar\\\/product\\\/%d8%af%d8%b1%d8%a7%d8%b3%d8%a9-%d9%87%d9%86%d8%af%d8%b3%d8%a9-%d9%85%d8%af%d9%86%d9%8a%d8%a9-%d9%84%d9%84%d8%b9%d9%85%d8%a7%d8%b1%d8%a7%d8%aa-%d8%a7%d9%84%d8%b3%d9%83%d9%86%d9%8a%d8%a9\\\/#breadcrumb\",\"itemListElement\":[{\"@type\":\"ListItem\",\"position\":1,\"name\":\"Home\",\"item\":\"https:\\\/\\\/buildzair.com\\\/\"},{\"@type\":\"ListItem\",\"position\":2,\"name\":\"Shop\",\"item\":\"https:\\\/\\\/buildzair.com\\\/shop\\\/\"},{\"@type\":\"ListItem\",\"position\":3,\"name\":\"\u0647\u0646\u062f\u0633\u0629 \u0645\u062f\u0646\u064a\u0629\",\"item\":\"https:\\\/\\\/buildzair.com\\\/ar\\\/product-category\\\/%d9%87%d9%86%d8%af%d8%b3%d8%a9-%d9%85%d8%af%d9%86%d9%8a%d8%a9\\\/\"},{\"@type\":\"ListItem\",\"position\":4,\"name\":\"\u062f\u0631\u0627\u0633\u0629 \u0648 \u062a\u0635\u0645\u064a\u0645 \u0627\u0644\u0647\u064a\u0627\u0643\u0644 \u0627\u0644\u062e\u0631\u0633\u0627\u0646\u064a\u0629\",\"item\":\"https:\\\/\\\/buildzair.com\\\/product-category\\\/%d9%87%d9%86%d8%af%d8%b3%d8%a9-%d9%85%d8%af%d9%86%d9%8a%d8%a9\\\/%d8%af%d8%b1%d8%a7%d8%b3%d8%a9-%d9%88-%d8%aa%d8%b5%d9%85%d9%8a%d9%85-%d8%a7%d9%84%d9%87%d9%8a%d8%a7%d9%83%d9%84-%d8%a7%d9%84%d8%ae%d8%b1%d8%b3%d8%a7%d9%86%d9%8a%d8%a9\\\/\"},{\"@type\":\"ListItem\",\"position\":5,\"name\":\"\u062f\u0631\u0627\u0633\u0629 \u0647\u0646\u062f\u0633\u0629 \u0645\u062f\u0646\u064a\u0629 \u0644\u0644\u0639\u0645\u0627\u0631\u0627\u062a \u0627\u0644\u0633\u0643\u0646\u064a\u0629\"}]},{\"@type\":\"WebSite\",\"@id\":\"https:\\\/\\\/buildzair.com\\\/#website\",\"url\":\"https:\\\/\\\/buildzair.com\\\/\",\"name\":\"BuilDzair\",\"description\":\"\u0645\u0646\u0635\u0629 \u0631\u0642\u0645\u064a\u0629 \u0644\u0631\u0628\u0637 \u0623\u0635\u062d\u0627\u0628 \u0627\u0644\u0645\u0634\u0627\u0631\u064a\u0639 \u0628\u0645\u0647\u0646\u062f\u0633\u064a \u0648\u0645\u062e\u062a\u0635\u064a \u0627\u0644\u0628\u0646\u0627\u0621 \u0648\u0627\u0644\u062f\u0631\u0627\u0633\u0627\u062a \u0641\u064a \u0627\u0644\u062c\u0632\u0627\u0626\u0631\",\"publisher\":{\"@id\":\"https:\\\/\\\/buildzair.com\\\/#organization\"},\"potentialAction\":[{\"@type\":\"SearchAction\",\"target\":{\"@type\":\"EntryPoint\",\"urlTemplate\":\"https:\\\/\\\/buildzair.com\\\/?s={search_term_string}\"},\"query-input\":{\"@type\":\"PropertyValueSpecification\",\"valueRequired\":true,\"valueName\":\"search_term_string\"}}],\"inLanguage\":\"fr-FR\"},{\"@type\":\"Organization\",\"@id\":\"https:\\\/\\\/buildzair.com\\\/#organization\",\"name\":\"BuilDzair\",\"url\":\"https:\\\/\\\/buildzair.com\\\/\",\"logo\":{\"@type\":\"ImageObject\",\"inLanguage\":\"fr-FR\",\"@id\":\"https:\\\/\\\/buildzair.com\\\/#\\\/schema\\\/logo\\\/image\\\/\",\"url\":\"https:\\\/\\\/buildzair.com\\\/wp-content\\\/uploads\\\/2025\\\/01\\\/LOGO-BUILD4.png\",\"contentUrl\":\"https:\\\/\\\/buildzair.com\\\/wp-content\\\/uploads\\\/2025\\\/01\\\/LOGO-BUILD4.png\",\"width\":800,\"height\":200,\"caption\":\"BuilDzair\"},\"image\":{\"@id\":\"https:\\\/\\\/buildzair.com\\\/#\\\/schema\\\/logo\\\/image\\\/\"},\"sameAs\":[\"https:\\\/\\\/www.facebook.com\\\/BuilDzair\\\/\",\"https:\\\/\\\/www.linkedin.com\\\/in\\\/buildzair\\\/\"]}]}<\/script>\n<!-- \/ Yoast SEO plugin. -->","yoast_head_json":{"title":"\u062f\u0631\u0627\u0633\u0629 \u0647\u0646\u062f\u0633\u0629 \u0645\u062f\u0646\u064a\u0629 \u0644\u0644\u0639\u0645\u0627\u0631\u0627\u062a \u0627\u0644\u0633\u0643\u0646\u064a\u0629 - BuilDzair","robots":{"index":"index","follow":"follow","max-snippet":"max-snippet:-1","max-image-preview":"max-image-preview:large","max-video-preview":"max-video-preview:-1"},"canonical":"https:\/\/buildzair.com\/fr\/produit\/\u062f\u0631\u0627\u0633\u0629-\u0647\u0646\u062f\u0633\u0629-\u0645\u062f\u0646\u064a\u0629-\u0644\u0644\u0639\u0645\u0627\u0631\u0627\u062a-\u0627\u0644\u0633\u0643\u0646\u064a\u0629\/","og_locale":"fr_FR","og_type":"article","og_title":"\u062f\u0631\u0627\u0633\u0629 \u0647\u0646\u062f\u0633\u0629 \u0645\u062f\u0646\u064a\u0629 \u0644\u0644\u0639\u0645\u0627\u0631\u0627\u062a \u0627\u0644\u0633\u0643\u0646\u064a\u0629 - BuilDzair","og_description":"\u062f\u0631\u0627\u0633\u0629 \u0647\u0646\u062f\u0633\u0629 \u0645\u062f\u0646\u064a\u0629 \u0644\u0644\u0639\u0645\u0627\u0631\u0627\u062a \u0627\u0644\u0633\u0643\u0646\u064a\u0629 \u062a\u0634\u0645\u0644 : \u062f\u0631\u0627\u0633\u0629 \u0647\u0646\u062f\u0633\u0629 \u0645\u062f\u0646\u064a\u0629 \u0644\u0644\u0645\u0646\u0634\u0622\u062a \u0627\u0644\u062e\u0631\u0633\u0627\u0646\u0629 \u0627\u0644\u0645\u0633\u0644\u062d\u0629 \u0648\u0641\u0642\u0627 \u0644 RPA2024. \u0645\u0630\u0643\u0631\u0629 \u0627\u0644\u062d\u0633\u0627\u0628. \u0643\u0644 \u0627\u0644\u0645\u062e\u0637\u0637\u0627\u062a \u0627\u0644\u062a\u0646\u0641\u064a\u0630\u064a\u0629. \u0645\u062e\u0637\u0637\u0627\u062a \u0627\u0644\u0623\u0633\u0627\u0633\u0627\u062a. \u0645\u062e\u0637\u0637\u0627\u062a \u062a\u0633\u0644\u064a\u062d \u0627\u0644\u0623\u0633\u0627\u0633\u0627\u062a \u0648 \u0627\u0644\u0623\u0639\u0645\u062f\u0629. \u0645\u062e\u0637\u0637\u0627\u062a \u0627\u0644\u0642\u0648\u0644\u0628\u0629 \u0644\u0644\u0623\u0633\u0637\u062d. \u0645\u062e\u0637\u0637\u0627\u062a \u0627\u0644\u062a\u0633\u0644\u064a\u062d \u0644\u0644\u0631\u0648\u0627\u0641\u062f \u0648 \u0627\u0644\u0633\u0644\u0627\u0644\u0645. \u0645\u062e\u0637\u0637\u0627\u062a \u0627\u0644\u0645\u0633\u0627\u0643\u0629 \u0644\u0644\u0633\u0637\u062d.","og_url":"https:\/\/buildzair.com\/fr\/produit\/\u062f\u0631\u0627\u0633\u0629-\u0647\u0646\u062f\u0633\u0629-\u0645\u062f\u0646\u064a\u0629-\u0644\u0644\u0639\u0645\u0627\u0631\u0627\u062a-\u0627\u0644\u0633\u0643\u0646\u064a\u0629\/","og_site_name":"BuilDzair","article_publisher":"https:\/\/www.facebook.com\/BuilDzair\/","article_modified_time":"2026-01-08T16:08:56+00:00","og_image":[{"width":1280,"height":731,"url":"https:\/\/buildzair.com\/wp-content\/uploads\/2025\/01\/=QTN1UTMe5VeltmY05lXnN2Xi1SM3MDOxcDM0YjM.jpg","type":"image\/jpeg"}],"twitter_card":"summary_large_image","schema":{"@context":"https:\/\/schema.org","@graph":[{"@type":"WebPage","@id":"https:\/\/buildzair.com\/ar\/product\/%d8%af%d8%b1%d8%a7%d8%b3%d8%a9-%d9%87%d9%86%d8%af%d8%b3%d8%a9-%d9%85%d8%af%d9%86%d9%8a%d8%a9-%d9%84%d9%84%d8%b9%d9%85%d8%a7%d8%b1%d8%a7%d8%aa-%d8%a7%d9%84%d8%b3%d9%83%d9%86%d9%8a%d8%a9\/","url":"https:\/\/buildzair.com\/ar\/product\/%d8%af%d8%b1%d8%a7%d8%b3%d8%a9-%d9%87%d9%86%d8%af%d8%b3%d8%a9-%d9%85%d8%af%d9%86%d9%8a%d8%a9-%d9%84%d9%84%d8%b9%d9%85%d8%a7%d8%b1%d8%a7%d8%aa-%d8%a7%d9%84%d8%b3%d9%83%d9%86%d9%8a%d8%a9\/","name":"\u062f\u0631\u0627\u0633\u0629 \u0647\u0646\u062f\u0633\u0629 \u0645\u062f\u0646\u064a\u0629 \u0644\u0644\u0639\u0645\u0627\u0631\u0627\u062a \u0627\u0644\u0633\u0643\u0646\u064a\u0629 - BuilDzair","isPartOf":{"@id":"https:\/\/buildzair.com\/#website"},"primaryImageOfPage":{"@id":"https:\/\/buildzair.com\/ar\/product\/%d8%af%d8%b1%d8%a7%d8%b3%d8%a9-%d9%87%d9%86%d8%af%d8%b3%d8%a9-%d9%85%d8%af%d9%86%d9%8a%d8%a9-%d9%84%d9%84%d8%b9%d9%85%d8%a7%d8%b1%d8%a7%d8%aa-%d8%a7%d9%84%d8%b3%d9%83%d9%86%d9%8a%d8%a9\/#primaryimage"},"image":{"@id":"https:\/\/buildzair.com\/ar\/product\/%d8%af%d8%b1%d8%a7%d8%b3%d8%a9-%d9%87%d9%86%d8%af%d8%b3%d8%a9-%d9%85%d8%af%d9%86%d9%8a%d8%a9-%d9%84%d9%84%d8%b9%d9%85%d8%a7%d8%b1%d8%a7%d8%aa-%d8%a7%d9%84%d8%b3%d9%83%d9%86%d9%8a%d8%a9\/#primaryimage"},"thumbnailUrl":"https:\/\/buildzair.com\/wp-content\/uploads\/2025\/01\/=QTN1UTMe5VeltmY05lXnN2Xi1SM3MDOxcDM0YjM.jpg","datePublished":"2025-01-29T17:07:55+00:00","dateModified":"2026-01-08T16:08:56+00:00","breadcrumb":{"@id":"https:\/\/buildzair.com\/ar\/product\/%d8%af%d8%b1%d8%a7%d8%b3%d8%a9-%d9%87%d9%86%d8%af%d8%b3%d8%a9-%d9%85%d8%af%d9%86%d9%8a%d8%a9-%d9%84%d9%84%d8%b9%d9%85%d8%a7%d8%b1%d8%a7%d8%aa-%d8%a7%d9%84%d8%b3%d9%83%d9%86%d9%8a%d8%a9\/#breadcrumb"},"inLanguage":"fr-FR","potentialAction":[{"@type":"ReadAction","target":["https:\/\/buildzair.com\/ar\/product\/%d8%af%d8%b1%d8%a7%d8%b3%d8%a9-%d9%87%d9%86%d8%af%d8%b3%d8%a9-%d9%85%d8%af%d9%86%d9%8a%d8%a9-%d9%84%d9%84%d8%b9%d9%85%d8%a7%d8%b1%d8%a7%d8%aa-%d8%a7%d9%84%d8%b3%d9%83%d9%86%d9%8a%d8%a9\/"]}]},{"@type":"ImageObject","inLanguage":"fr-FR","@id":"https:\/\/buildzair.com\/ar\/product\/%d8%af%d8%b1%d8%a7%d8%b3%d8%a9-%d9%87%d9%86%d8%af%d8%b3%d8%a9-%d9%85%d8%af%d9%86%d9%8a%d8%a9-%d9%84%d9%84%d8%b9%d9%85%d8%a7%d8%b1%d8%a7%d8%aa-%d8%a7%d9%84%d8%b3%d9%83%d9%86%d9%8a%d8%a9\/#primaryimage","url":"https:\/\/buildzair.com\/wp-content\/uploads\/2025\/01\/=QTN1UTMe5VeltmY05lXnN2Xi1SM3MDOxcDM0YjM.jpg","contentUrl":"https:\/\/buildzair.com\/wp-content\/uploads\/2025\/01\/=QTN1UTMe5VeltmY05lXnN2Xi1SM3MDOxcDM0YjM.jpg","width":1280,"height":731},{"@type":"BreadcrumbList","@id":"https:\/\/buildzair.com\/ar\/product\/%d8%af%d8%b1%d8%a7%d8%b3%d8%a9-%d9%87%d9%86%d8%af%d8%b3%d8%a9-%d9%85%d8%af%d9%86%d9%8a%d8%a9-%d9%84%d9%84%d8%b9%d9%85%d8%a7%d8%b1%d8%a7%d8%aa-%d8%a7%d9%84%d8%b3%d9%83%d9%86%d9%8a%d8%a9\/#breadcrumb","itemListElement":[{"@type":"ListItem","position":1,"name":"Home","item":"https:\/\/buildzair.com\/"},{"@type":"ListItem","position":2,"name":"Shop","item":"https:\/\/buildzair.com\/shop\/"},{"@type":"ListItem","position":3,"name":"\u0647\u0646\u062f\u0633\u0629 \u0645\u062f\u0646\u064a\u0629","item":"https:\/\/buildzair.com\/ar\/product-category\/%d9%87%d9%86%d8%af%d8%b3%d8%a9-%d9%85%d8%af%d9%86%d9%8a%d8%a9\/"},{"@type":"ListItem","position":4,"name":"\u062f\u0631\u0627\u0633\u0629 \u0648 \u062a\u0635\u0645\u064a\u0645 \u0627\u0644\u0647\u064a\u0627\u0643\u0644 \u0627\u0644\u062e\u0631\u0633\u0627\u0646\u064a\u0629","item":"https:\/\/buildzair.com\/product-category\/%d9%87%d9%86%d8%af%d8%b3%d8%a9-%d9%85%d8%af%d9%86%d9%8a%d8%a9\/%d8%af%d8%b1%d8%a7%d8%b3%d8%a9-%d9%88-%d8%aa%d8%b5%d9%85%d9%8a%d9%85-%d8%a7%d9%84%d9%87%d9%8a%d8%a7%d9%83%d9%84-%d8%a7%d9%84%d8%ae%d8%b1%d8%b3%d8%a7%d9%86%d9%8a%d8%a9\/"},{"@type":"ListItem","position":5,"name":"\u062f\u0631\u0627\u0633\u0629 \u0647\u0646\u062f\u0633\u0629 \u0645\u062f\u0646\u064a\u0629 \u0644\u0644\u0639\u0645\u0627\u0631\u0627\u062a \u0627\u0644\u0633\u0643\u0646\u064a\u0629"}]},{"@type":"WebSite","@id":"https:\/\/buildzair.com\/#website","url":"https:\/\/buildzair.com\/","name":"BuilDzair","description":"\u0645\u0646\u0635\u0629 \u0631\u0642\u0645\u064a\u0629 \u0644\u0631\u0628\u0637 \u0623\u0635\u062d\u0627\u0628 \u0627\u0644\u0645\u0634\u0627\u0631\u064a\u0639 \u0628\u0645\u0647\u0646\u062f\u0633\u064a \u0648\u0645\u062e\u062a\u0635\u064a \u0627\u0644\u0628\u0646\u0627\u0621 \u0648\u0627\u0644\u062f\u0631\u0627\u0633\u0627\u062a \u0641\u064a \u0627\u0644\u062c\u0632\u0627\u0626\u0631","publisher":{"@id":"https:\/\/buildzair.com\/#organization"},"potentialAction":[{"@type":"SearchAction","target":{"@type":"EntryPoint","urlTemplate":"https:\/\/buildzair.com\/?s={search_term_string}"},"query-input":{"@type":"PropertyValueSpecification","valueRequired":true,"valueName":"search_term_string"}}],"inLanguage":"fr-FR"},{"@type":"Organization","@id":"https:\/\/buildzair.com\/#organization","name":"BuilDzair","url":"https:\/\/buildzair.com\/","logo":{"@type":"ImageObject","inLanguage":"fr-FR","@id":"https:\/\/buildzair.com\/#\/schema\/logo\/image\/","url":"https:\/\/buildzair.com\/wp-content\/uploads\/2025\/01\/LOGO-BUILD4.png","contentUrl":"https:\/\/buildzair.com\/wp-content\/uploads\/2025\/01\/LOGO-BUILD4.png","width":800,"height":200,"caption":"BuilDzair"},"image":{"@id":"https:\/\/buildzair.com\/#\/schema\/logo\/image\/"},"sameAs":["https:\/\/www.facebook.com\/BuilDzair\/","https:\/\/www.linkedin.com\/in\/buildzair\/"]}]}},"_links":{"self":[{"href":"https:\/\/buildzair.com\/fr\/wp-json\/wp\/v2\/product\/15554","targetHints":{"allow":["GET"]}}],"collection":[{"href":"https:\/\/buildzair.com\/fr\/wp-json\/wp\/v2\/product"}],"about":[{"href":"https:\/\/buildzair.com\/fr\/wp-json\/wp\/v2\/types\/product"}],"author":[{"embeddable":true,"href":"https:\/\/buildzair.com\/fr\/wp-json\/wp\/v2\/users\/2"}],"replies":[{"embeddable":true,"href":"https:\/\/buildzair.com\/fr\/wp-json\/wp\/v2\/comments?post=15554"}],"wp:featuredmedia":[{"embeddable":true,"href":"https:\/\/buildzair.com\/fr\/wp-json\/wp\/v2\/media\/15556"}],"wp:attachment":[{"href":"https:\/\/buildzair.com\/fr\/wp-json\/wp\/v2\/media?parent=15554"}],"wp:term":[{"taxonomy":"product_brand","embeddable":true,"href":"https:\/\/buildzair.com\/fr\/wp-json\/wp\/v2\/product_brand?post=15554"},{"taxonomy":"product_cat","embeddable":true,"href":"https:\/\/buildzair.com\/fr\/wp-json\/wp\/v2\/product_cat?post=15554"},{"taxonomy":"product_tag","embeddable":true,"href":"https:\/\/buildzair.com\/fr\/wp-json\/wp\/v2\/product_tag?post=15554"},{"taxonomy":"languages","embeddable":true,"href":"https:\/\/buildzair.com\/fr\/wp-json\/wp\/v2\/languages?post=15554"},{"taxonomy":"duration","embeddable":true,"href":"https:\/\/buildzair.com\/fr\/wp-json\/wp\/v2\/duration?post=15554"},{"taxonomy":"expertise_level","embeddable":true,"href":"https:\/\/buildzair.com\/fr\/wp-json\/wp\/v2\/expertise_level?post=15554"},{"taxonomy":"skills","embeddable":true,"href":"https:\/\/buildzair.com\/fr\/wp-json\/wp\/v2\/skills?post=15554"},{"taxonomy":"delivery_time","embeddable":true,"href":"https:\/\/buildzair.com\/fr\/wp-json\/wp\/v2\/delivery_time?post=15554"}],"curies":[{"name":"wp","href":"https:\/\/api.w.org\/{rel}","templated":true}]}}